{"id":282377,"date":"2026-03-21T21:13:35","date_gmt":"2026-03-21T20:13:35","guid":{"rendered":"https:\/\/interiorposter.com\/?post_type=product&#038;p=282377"},"modified":"2026-03-27T00:04:42","modified_gmt":"2026-03-26T23:04:42","slug":"obraz-na-plotnie-granatowa-abstrakcja-ze-zlotem","status":"publish","type":"product","link":"https:\/\/interiorposter.com\/pl\/product\/obraz-na-plotnie-granatowa-abstrakcja-ze-zlotem\/","title":{"rendered":"Obraz na p\u0142\u00f3tnie Granatowa abstrakcja ze z\u0142otem"},"content":{"rendered":"<p>Ten obraz na p\u0142\u00f3tnie zachwyca luksusowym po\u0142\u0105czeniem g\u0142\u0119bokiego granatu, jasnych ton\u00f3w bieli i be\u017cu oraz efektownych z\u0142otych akcent\u00f3w. Abstrakcyjna kompozycja inspirowana struktur\u0105 minera\u0142\u00f3w i kamienia nadaje wn\u0119trzu elegancj\u0119, nowoczesno\u015b\u0107 i wyj\u0105tkow\u0105 g\u0142\u0119bi\u0119. To dekoracja, kt\u00f3ra przyci\u0105ga wzrok szlachetnym kontrastem kolor\u00f3w, a jednocze\u015bnie wprowadza do przestrzeni spokojny, wyrafinowany klimat. Doskonale sprawdzi si\u0119 jako obraz do salonu, sypialni, biura, hotelu lub restauracji. \u015awietnie pasuje do aran\u017cacji nowoczesnych, glamour, minimalistycznych i industrialnych. Je\u015bli szukasz obrazu na \u015bcian\u0119, kt\u00f3ry podkre\u015bli presti\u017c wn\u0119trza i doda mu stylowego charakteru, ten wz\u00f3r b\u0119dzie doskona\u0142ym wyborem.<\/p>\n","protected":false},"excerpt":{"rendered":"<p>Obraz na p\u0142\u00f3tnie w odcieniach granatu, bieli, be\u017cu i z\u0142ota. Elegancka abstrakcyjna dekoracja do salonu, sypialni, biura, hotelu lub restauracji.<\/p>\n","protected":false},"featured_media":282379,"comment_status":"closed","ping_status":"closed","template":"","meta":[],"product_brand":[],"product_cat":[97,88,212,101,76,299,104,107,91,85,70,209],"product_tag":[273,696,701,188],"class_list":{"0":"post-282377","1":"product","2":"type-product","3":"status-publish","4":"has-post-thumbnail","6":"product_cat-abstrakcja","7":"product_cat-biuro","8":"product_cat-geometryczne","9":"product_cat-glamour-pl","10":"product_cat-hotel-pl","11":"product_cat-malarskie","12":"product_cat-minimalistyczne","13":"product_cat-nowoczesne","14":"product_cat-restauracja","15":"product_cat-salon","16":"product_cat-sypialnia","17":"product_cat-sztuka-koncepcyjna","18":"product_tag-dark-pl","19":"product_tag-nowoczesne-obrazy","20":"product_tag-poziomy","21":"product_tag-wielokolorowy","22":"pa_size-finishing-30x20-standard","23":"pa_size-finishing-30x20-na-ptnie-woskim","24":"pa_size-finishing-30x20-premium-print","25":"pa_size-finishing-30x20-akustyczny","26":"pa_size-finishing-60x40-standard","27":"pa_size-finishing-60x40-na-ptnie-woskim","28":"pa_size-finishing-60x40-premium-print","29":"pa_size-finishing-60x40-akustyczny","30":"pa_size-finishing-60x40-w-ramie-drewnianej-naturalnej","31":"pa_size-finishing-60x40-w-ramie-drewnianej-czarnej","32":"pa_size-finishing-90x60-standard","33":"pa_size-finishing-90x60-na-ptnie-woskim","34":"pa_size-finishing-90x60-premium-print","35":"pa_size-finishing-90x60-akustyczny","36":"pa_size-finishing-90x60-w-ramie-drewnianej-naturalnej","37":"pa_size-finishing-90x60-w-ramie-drewnianej-czarnej","38":"pa_size-finishing-120x80-standard","39":"pa_size-finishing-120x80-na-ptnie-woskim","40":"pa_size-finishing-120x80-premium-print","41":"pa_size-finishing-120x80-akustyczny","42":"pa_size-finishing-120x80-w-ramie-drewnianej-naturalnej","43":"pa_size-finishing-120x80-w-ramie-drewnianej-czarnej","45":"first","46":"instock","47":"purchasable","48":"product-type-variable","49":"has-default-attributes"},"aioseo_notices":[],"_links":{"self":[{"href":"https:\/\/interiorposter.com\/pl\/wp-json\/wp\/v2\/product\/282377","targetHints":{"allow":["GET"]}}],"collection":[{"href":"https:\/\/interiorposter.com\/pl\/wp-json\/wp\/v2\/product"}],"about":[{"href":"https:\/\/interiorposter.com\/pl\/wp-json\/wp\/v2\/types\/product"}],"replies":[{"embeddable":true,"href":"https:\/\/interiorposter.com\/pl\/wp-json\/wp\/v2\/comments?post=282377"}],"wp:featuredmedia":[{"embeddable":true,"href":"https:\/\/interiorposter.com\/pl\/wp-json\/wp\/v2\/media\/282379"}],"wp:attachment":[{"href":"https:\/\/interiorposter.com\/pl\/wp-json\/wp\/v2\/media?parent=282377"}],"wp:term":[{"taxonomy":"product_brand","embeddable":true,"href":"https:\/\/interiorposter.com\/pl\/wp-json\/wp\/v2\/product_brand?post=282377"},{"taxonomy":"product_cat","embeddable":true,"href":"https:\/\/interiorposter.com\/pl\/wp-json\/wp\/v2\/product_cat?post=282377"},{"taxonomy":"product_tag","embeddable":true,"href":"https:\/\/interiorposter.com\/pl\/wp-json\/wp\/v2\/product_tag?post=282377"}],"curies":[{"name":"wp","href":"https:\/\/api.w.org\/{rel}","templated":true}]}}