{"id":282210,"date":"2026-03-21T21:09:40","date_gmt":"2026-03-21T20:09:40","guid":{"rendered":"https:\/\/interiorposter.com\/?post_type=product&#038;p=282210"},"modified":"2026-03-26T23:58:50","modified_gmt":"2026-03-26T22:58:50","slug":"obraz-na-plotnie-zielona-abstrakcja-ze-zlotym-detalem","status":"publish","type":"product","link":"https:\/\/interiorposter.com\/pl\/product\/obraz-na-plotnie-zielona-abstrakcja-ze-zlotym-detalem\/","title":{"rendered":"Obraz na p\u0142\u00f3tnie Zielona abstrakcja ze z\u0142otym detalem"},"content":{"rendered":"<p>Ten obraz na p\u0142\u00f3tnie zachwyca eleganck\u0105 abstrakcj\u0105 inspirowan\u0105 struktur\u0105 kamienia i naturalnych minera\u0142\u00f3w. Po\u0142\u0105czenie zgaszonej zieleni, ciemnych ton\u00f3w, szaro\u015bci oraz subtelnych z\u0142otych akcent\u00f3w tworzy luksusow\u0105, a zarazem spokojn\u0105 kompozycj\u0119, kt\u00f3ra pi\u0119knie podkre\u015bla charakter wn\u0119trza. Dekoracja przyci\u0105ga wzrok wyrafinowan\u0105 faktur\u0105 i harmonijnym uk\u0142adem kolor\u00f3w, dzi\u0119ki czemu \u015bwietnie sprawdzi si\u0119 jako obraz do salonu, sypialni, biura, hotelu lub eleganckiej restauracji. To doskona\u0142y wyb\u00f3r do aran\u017cacji nowoczesnych, glamour, minimalistycznych i industrialnych. Je\u015bli szukasz obrazu na \u015bcian\u0119, kt\u00f3ry \u0142\u0105czy modny wygl\u0105d z ponadczasow\u0105 elegancj\u0105, ten wz\u00f3r b\u0119dzie wyj\u0105tkowym dodatkiem do Twojej przestrzeni.<\/p>\n","protected":false},"excerpt":{"rendered":"<p>Obraz na p\u0142\u00f3tnie w odcieniach zieleni, szaro\u015bci i czerni ze z\u0142otymi detalami. Elegancka abstrakcyjna dekoracja do salonu, sypialni, biura, hotelu lub restauracji.<\/p>\n","protected":false},"featured_media":282212,"comment_status":"closed","ping_status":"closed","template":"","meta":[],"product_brand":[],"product_cat":[97,88,212,101,76,299,104,107,91,85,70,209],"product_tag":[696,701,188],"class_list":{"0":"post-282210","1":"product","2":"type-product","3":"status-publish","4":"has-post-thumbnail","6":"product_cat-abstrakcja","7":"product_cat-biuro","8":"product_cat-geometryczne","9":"product_cat-glamour-pl","10":"product_cat-hotel-pl","11":"product_cat-malarskie","12":"product_cat-minimalistyczne","13":"product_cat-nowoczesne","14":"product_cat-restauracja","15":"product_cat-salon","16":"product_cat-sypialnia","17":"product_cat-sztuka-koncepcyjna","18":"product_tag-nowoczesne-obrazy","19":"product_tag-poziomy","20":"product_tag-wielokolorowy","21":"pa_size-finishing-30x20-standard","22":"pa_size-finishing-30x20-na-ptnie-woskim","23":"pa_size-finishing-30x20-premium-print","24":"pa_size-finishing-30x20-akustyczny","25":"pa_size-finishing-60x40-standard","26":"pa_size-finishing-60x40-na-ptnie-woskim","27":"pa_size-finishing-60x40-premium-print","28":"pa_size-finishing-60x40-akustyczny","29":"pa_size-finishing-60x40-w-ramie-drewnianej-naturalnej","30":"pa_size-finishing-60x40-w-ramie-drewnianej-czarnej","31":"pa_size-finishing-90x60-standard","32":"pa_size-finishing-90x60-na-ptnie-woskim","33":"pa_size-finishing-90x60-premium-print","34":"pa_size-finishing-90x60-akustyczny","35":"pa_size-finishing-90x60-w-ramie-drewnianej-naturalnej","36":"pa_size-finishing-90x60-w-ramie-drewnianej-czarnej","37":"pa_size-finishing-120x80-standard","38":"pa_size-finishing-120x80-na-ptnie-woskim","39":"pa_size-finishing-120x80-premium-print","40":"pa_size-finishing-120x80-akustyczny","41":"pa_size-finishing-120x80-w-ramie-drewnianej-naturalnej","42":"pa_size-finishing-120x80-w-ramie-drewnianej-czarnej","44":"first","45":"instock","46":"purchasable","47":"product-type-variable","48":"has-default-attributes"},"aioseo_notices":[],"_links":{"self":[{"href":"https:\/\/interiorposter.com\/pl\/wp-json\/wp\/v2\/product\/282210","targetHints":{"allow":["GET"]}}],"collection":[{"href":"https:\/\/interiorposter.com\/pl\/wp-json\/wp\/v2\/product"}],"about":[{"href":"https:\/\/interiorposter.com\/pl\/wp-json\/wp\/v2\/types\/product"}],"replies":[{"embeddable":true,"href":"https:\/\/interiorposter.com\/pl\/wp-json\/wp\/v2\/comments?post=282210"}],"wp:featuredmedia":[{"embeddable":true,"href":"https:\/\/interiorposter.com\/pl\/wp-json\/wp\/v2\/media\/282212"}],"wp:attachment":[{"href":"https:\/\/interiorposter.com\/pl\/wp-json\/wp\/v2\/media?parent=282210"}],"wp:term":[{"taxonomy":"product_brand","embeddable":true,"href":"https:\/\/interiorposter.com\/pl\/wp-json\/wp\/v2\/product_brand?post=282210"},{"taxonomy":"product_cat","embeddable":true,"href":"https:\/\/interiorposter.com\/pl\/wp-json\/wp\/v2\/product_cat?post=282210"},{"taxonomy":"product_tag","embeddable":true,"href":"https:\/\/interiorposter.com\/pl\/wp-json\/wp\/v2\/product_tag?post=282210"}],"curies":[{"name":"wp","href":"https:\/\/api.w.org\/{rel}","templated":true}]}}