{"id":281506,"date":"2026-03-21T20:53:41","date_gmt":"2026-03-21T19:53:41","guid":{"rendered":"https:\/\/interiorposter.com\/?post_type=product&#038;p=281506"},"modified":"2026-03-26T23:53:39","modified_gmt":"2026-03-26T22:53:39","slug":"obraz-na-plotnie-ognista-abstrakcja-w-jasnych-tonach","status":"publish","type":"product","link":"https:\/\/interiorposter.com\/pl\/product\/obraz-na-plotnie-ognista-abstrakcja-w-jasnych-tonach\/","title":{"rendered":"Obraz na p\u0142\u00f3tnie Ognista abstrakcja w jasnych tonach"},"content":{"rendered":"<p>Ten obraz na p\u0142\u00f3tnie przyci\u0105ga uwag\u0119 ekspresyjn\u0105 kompozycj\u0105, w kt\u00f3rej \u015bwietliste be\u017ce i kremowe biele spotykaj\u0105 si\u0119 z intensywnymi akcentami ognistej pomara\u0144czy, czerwieni i g\u0142\u0119bokiej czerni. Malarska forma pe\u0142na ruchu i emocji nadaje wn\u0119trzu nowoczesny, elegancki charakter, a jednocze\u015bnie wprowadza do aran\u017cacji energi\u0119 i wyj\u0105tkow\u0105 g\u0142\u0119bi\u0119. To doskona\u0142y obraz do salonu, sypialni, biura, hotelu lub restauracji, gdzie mo\u017ce sta\u0107 si\u0119 efektownym punktem ca\u0142ej przestrzeni. Jasno kontrastowa kolorystyka dobrze wsp\u00f3\u0142gra z aran\u017cacjami nowoczesnymi, glamour, minimalistycznymi i industrialnymi. Je\u015bli szukasz obrazu na \u015bcian\u0119, kt\u00f3ry mocno podkre\u015bli styl wn\u0119trza i doda mu artystycznego wyrazu, ten wz\u00f3r b\u0119dzie znakomitym wyborem.<\/p>\n","protected":false},"excerpt":{"rendered":"<p>Obraz na p\u0142\u00f3tnie w jasnych odcieniach be\u017cu i bieli z ognistymi akcentami pomara\u0144czy, czerwieni i czerni. Wyrazista dekoracja do salonu, sypialni, biura, hotelu lub restauracji.<\/p>\n","protected":false},"featured_media":281508,"comment_status":"closed","ping_status":"closed","template":"","meta":[],"product_brand":[],"product_cat":[97,88,212,101,76,299,104,107,91,85,70,209],"product_tag":[696,701,188],"class_list":{"0":"post-281506","1":"product","2":"type-product","3":"status-publish","4":"has-post-thumbnail","6":"product_cat-abstrakcja","7":"product_cat-biuro","8":"product_cat-geometryczne","9":"product_cat-glamour-pl","10":"product_cat-hotel-pl","11":"product_cat-malarskie","12":"product_cat-minimalistyczne","13":"product_cat-nowoczesne","14":"product_cat-restauracja","15":"product_cat-salon","16":"product_cat-sypialnia","17":"product_cat-sztuka-koncepcyjna","18":"product_tag-nowoczesne-obrazy","19":"product_tag-poziomy","20":"product_tag-wielokolorowy","21":"pa_size-finishing-30x20-standard","22":"pa_size-finishing-30x20-na-ptnie-woskim","23":"pa_size-finishing-30x20-premium-print","24":"pa_size-finishing-30x20-akustyczny","25":"pa_size-finishing-60x40-standard","26":"pa_size-finishing-60x40-na-ptnie-woskim","27":"pa_size-finishing-60x40-premium-print","28":"pa_size-finishing-60x40-akustyczny","29":"pa_size-finishing-60x40-w-ramie-drewnianej-naturalnej","30":"pa_size-finishing-60x40-w-ramie-drewnianej-czarnej","31":"pa_size-finishing-90x60-standard","32":"pa_size-finishing-90x60-na-ptnie-woskim","33":"pa_size-finishing-90x60-premium-print","34":"pa_size-finishing-90x60-akustyczny","35":"pa_size-finishing-90x60-w-ramie-drewnianej-naturalnej","36":"pa_size-finishing-90x60-w-ramie-drewnianej-czarnej","37":"pa_size-finishing-120x80-standard","38":"pa_size-finishing-120x80-na-ptnie-woskim","39":"pa_size-finishing-120x80-premium-print","40":"pa_size-finishing-120x80-akustyczny","41":"pa_size-finishing-120x80-w-ramie-drewnianej-naturalnej","42":"pa_size-finishing-120x80-w-ramie-drewnianej-czarnej","44":"first","45":"instock","46":"purchasable","47":"product-type-variable","48":"has-default-attributes"},"aioseo_notices":[],"_links":{"self":[{"href":"https:\/\/interiorposter.com\/pl\/wp-json\/wp\/v2\/product\/281506","targetHints":{"allow":["GET"]}}],"collection":[{"href":"https:\/\/interiorposter.com\/pl\/wp-json\/wp\/v2\/product"}],"about":[{"href":"https:\/\/interiorposter.com\/pl\/wp-json\/wp\/v2\/types\/product"}],"replies":[{"embeddable":true,"href":"https:\/\/interiorposter.com\/pl\/wp-json\/wp\/v2\/comments?post=281506"}],"wp:featuredmedia":[{"embeddable":true,"href":"https:\/\/interiorposter.com\/pl\/wp-json\/wp\/v2\/media\/281508"}],"wp:attachment":[{"href":"https:\/\/interiorposter.com\/pl\/wp-json\/wp\/v2\/media?parent=281506"}],"wp:term":[{"taxonomy":"product_brand","embeddable":true,"href":"https:\/\/interiorposter.com\/pl\/wp-json\/wp\/v2\/product_brand?post=281506"},{"taxonomy":"product_cat","embeddable":true,"href":"https:\/\/interiorposter.com\/pl\/wp-json\/wp\/v2\/product_cat?post=281506"},{"taxonomy":"product_tag","embeddable":true,"href":"https:\/\/interiorposter.com\/pl\/wp-json\/wp\/v2\/product_tag?post=281506"}],"curies":[{"name":"wp","href":"https:\/\/api.w.org\/{rel}","templated":true}]}}