{"id":281295,"date":"2026-03-21T20:49:09","date_gmt":"2026-03-21T19:49:09","guid":{"rendered":"https:\/\/interiorposter.com\/?post_type=product&#038;p=281295"},"modified":"2026-03-26T23:48:09","modified_gmt":"2026-03-26T22:48:09","slug":"obraz-na-plotnie-liliowa-geometria-na-sciane","status":"publish","type":"product","link":"https:\/\/interiorposter.com\/pl\/product\/obraz-na-plotnie-liliowa-geometria-na-sciane\/","title":{"rendered":"Obraz na p\u0142\u00f3tnie Liliowa geometria na \u015bcian\u0119"},"content":{"rendered":"<p>Ten obraz na p\u0142\u00f3tnie zachwyca prost\u0105, uporz\u0105dkowan\u0105 kompozycj\u0105, kt\u00f3ra doskonale wpisuje si\u0119 w nowoczesne wn\u0119trza. Subtelny liliowy odcie\u0144 zestawiony z jasn\u0105 siatk\u0105 linii tworzy lekk\u0105, harmonijn\u0105 dekoracj\u0119, wnosz\u0105c do przestrzeni spok\u00f3j, \u015bwie\u017co\u015b\u0107 i wizualn\u0105 r\u00f3wnowag\u0119. To \u015bwietny obraz do salonu, sypialni, biura, przedpokoju lub hotelu, szczeg\u00f3lnie tam, gdzie liczy si\u0119 elegancja i minimalistyczny styl. Jasna, pastelowa kolorystyka sprawia, \u017ce obraz pi\u0119knie roz\u015bwietla aran\u017cacj\u0119 i \u0142atwo \u0142\u0105czy si\u0119 z innymi dodatkami. Je\u015bli szukasz obrazu na \u015bcian\u0119, kt\u00f3ry jest nowoczesny, estetyczny i ponadczasowy, ten wz\u00f3r b\u0119dzie doskona\u0142ym wyborem.<\/p>\n","protected":false},"excerpt":{"rendered":"<p>Obraz na p\u0142\u00f3tnie z liliow\u0105 geometryczn\u0105 kompozycj\u0105 i jasn\u0105 kratk\u0105. Minimalistyczna dekoracja do salonu, sypialni, biura, hotelu lub przedpokoju.<\/p>\n","protected":false},"featured_media":281297,"comment_status":"closed","ping_status":"closed","template":"","meta":[],"product_brand":[],"product_cat":[88,212,76,291,104,107,73,85,113,70],"product_tag":[696,706,188],"class_list":{"0":"post-281295","1":"product","2":"type-product","3":"status-publish","4":"has-post-thumbnail","6":"product_cat-biuro","7":"product_cat-geometryczne","8":"product_cat-hotel-pl","9":"product_cat-ilustracje","10":"product_cat-minimalistyczne","11":"product_cat-nowoczesne","12":"product_cat-przedpokoj","13":"product_cat-salon","14":"product_cat-skandynawskie","15":"product_cat-sypialnia","16":"product_tag-nowoczesne-obrazy","17":"product_tag-pionowy","18":"product_tag-wielokolorowy","19":"pa_size-finishing-20x30-standard","20":"pa_size-finishing-20x30-na-ptnie-woskim","21":"pa_size-finishing-20x30-premium-print","22":"pa_size-finishing-20x30-akustyczny","23":"pa_size-finishing-40x60-standard","24":"pa_size-finishing-40x60-na-ptnie-woskim","25":"pa_size-finishing-40x60-premium-print","26":"pa_size-finishing-40x60-akustyczny","27":"pa_size-finishing-40x60-w-ramie-drewnianej-naturalnej","28":"pa_size-finishing-40x60-w-ramie-drewnianej-czarnej","29":"pa_size-finishing-60x90-standard","30":"pa_size-finishing-60x90-na-ptnie-woskim","31":"pa_size-finishing-60x90-premium-print","32":"pa_size-finishing-60x90-akustyczny","33":"pa_size-finishing-60x90-w-ramie-drewnianej-naturalnej","34":"pa_size-finishing-60x90-w-ramie-drewnianej-czarnej","35":"pa_size-finishing-80x120-standard","36":"pa_size-finishing-80x120-na-ptnie-woskim","37":"pa_size-finishing-80x120-premium-print","38":"pa_size-finishing-80x120-akustyczny","39":"pa_size-finishing-80x120-w-ramie-drewnianej-naturalnej","40":"pa_size-finishing-80x120-w-ramie-drewnianej-czarnej","42":"first","43":"instock","44":"purchasable","45":"product-type-variable","46":"has-default-attributes"},"aioseo_notices":[],"_links":{"self":[{"href":"https:\/\/interiorposter.com\/pl\/wp-json\/wp\/v2\/product\/281295","targetHints":{"allow":["GET"]}}],"collection":[{"href":"https:\/\/interiorposter.com\/pl\/wp-json\/wp\/v2\/product"}],"about":[{"href":"https:\/\/interiorposter.com\/pl\/wp-json\/wp\/v2\/types\/product"}],"replies":[{"embeddable":true,"href":"https:\/\/interiorposter.com\/pl\/wp-json\/wp\/v2\/comments?post=281295"}],"wp:featuredmedia":[{"embeddable":true,"href":"https:\/\/interiorposter.com\/pl\/wp-json\/wp\/v2\/media\/281297"}],"wp:attachment":[{"href":"https:\/\/interiorposter.com\/pl\/wp-json\/wp\/v2\/media?parent=281295"}],"wp:term":[{"taxonomy":"product_brand","embeddable":true,"href":"https:\/\/interiorposter.com\/pl\/wp-json\/wp\/v2\/product_brand?post=281295"},{"taxonomy":"product_cat","embeddable":true,"href":"https:\/\/interiorposter.com\/pl\/wp-json\/wp\/v2\/product_cat?post=281295"},{"taxonomy":"product_tag","embeddable":true,"href":"https:\/\/interiorposter.com\/pl\/wp-json\/wp\/v2\/product_tag?post=281295"}],"curies":[{"name":"wp","href":"https:\/\/api.w.org\/{rel}","templated":true}]}}