{"id":280624,"date":"2026-03-21T00:38:29","date_gmt":"2026-03-20T23:38:29","guid":{"rendered":"https:\/\/interiorposter.com\/?post_type=product&#038;p=280624"},"modified":"2026-03-26T23:42:14","modified_gmt":"2026-03-26T22:42:14","slug":"obraz-na-plotnie-abstrakcja-w-zlocie-i-burgundzie","status":"publish","type":"product","link":"https:\/\/interiorposter.com\/pl\/product\/obraz-na-plotnie-abstrakcja-w-zlocie-i-burgundzie\/","title":{"rendered":"Obraz na p\u0142\u00f3tnie Abstrakcja w z\u0142ocie i burgundzie"},"content":{"rendered":"<p>Ten obraz na p\u0142\u00f3tnie zachwyca eleganck\u0105, abstrakcyjn\u0105 kompozycj\u0105, w kt\u00f3rej ciep\u0142e odcienie burgundu, z\u0142ota, be\u017cu i szaro\u015bci tworz\u0105 wyrafinowany efekt pe\u0142en g\u0142\u0119bi. Dynamiczna forma inspirowana struktur\u0105 i ruchem sprawia, \u017ce dekoracja przyci\u0105ga wzrok, a jednocze\u015bnie harmonijnie dope\u0142nia wn\u0119trze. To doskona\u0142y obraz do salonu, sypialni, biura, hotelu lub przedpokoju, gdzie doda przestrzeni klasy, przytulno\u015bci i nowoczesnego charakteru. \u015awietnie komponuje si\u0119 z aran\u017cacjami nowoczesnymi, minimalistycznymi, glamour oraz industrialnymi. Je\u015bli szukasz obrazu na \u015bcian\u0119, kt\u00f3ry wnosi elegancj\u0119 i mocny akcent kolorystyczny bez nadmiaru, ten wz\u00f3r b\u0119dzie znakomitym wyborem.<\/p>\n","protected":false},"excerpt":{"rendered":"<p>Obraz na p\u0142\u00f3tnie w odcieniach z\u0142ota, burgundu, be\u017cu i szaro\u015bci. Nowoczesna abstrakcyjna dekoracja do salonu, sypialni, biura, hotelu lub przedpokoju.<\/p>\n","protected":false},"featured_media":277005,"comment_status":"closed","ping_status":"closed","template":"","meta":[],"product_brand":[],"product_cat":[97,88,212,101,76,299,104,107,73,85,70,209],"product_tag":[696,706,188],"class_list":{"0":"post-280624","1":"product","2":"type-product","3":"status-publish","4":"has-post-thumbnail","6":"product_cat-abstrakcja","7":"product_cat-biuro","8":"product_cat-geometryczne","9":"product_cat-glamour-pl","10":"product_cat-hotel-pl","11":"product_cat-malarskie","12":"product_cat-minimalistyczne","13":"product_cat-nowoczesne","14":"product_cat-przedpokoj","15":"product_cat-salon","16":"product_cat-sypialnia","17":"product_cat-sztuka-koncepcyjna","18":"product_tag-nowoczesne-obrazy","19":"product_tag-pionowy","20":"product_tag-wielokolorowy","21":"pa_size-finishing-20x30-standard","22":"pa_size-finishing-20x30-na-ptnie-woskim","23":"pa_size-finishing-20x30-premium-print","24":"pa_size-finishing-20x30-akustyczny","25":"pa_size-finishing-40x60-standard","26":"pa_size-finishing-40x60-na-ptnie-woskim","27":"pa_size-finishing-40x60-premium-print","28":"pa_size-finishing-40x60-akustyczny","29":"pa_size-finishing-40x60-w-ramie-drewnianej-naturalnej","30":"pa_size-finishing-40x60-w-ramie-drewnianej-czarnej","31":"pa_size-finishing-60x90-standard","32":"pa_size-finishing-60x90-na-ptnie-woskim","33":"pa_size-finishing-60x90-premium-print","34":"pa_size-finishing-60x90-akustyczny","35":"pa_size-finishing-60x90-w-ramie-drewnianej-naturalnej","36":"pa_size-finishing-60x90-w-ramie-drewnianej-czarnej","37":"pa_size-finishing-80x120-standard","38":"pa_size-finishing-80x120-na-ptnie-woskim","39":"pa_size-finishing-80x120-premium-print","40":"pa_size-finishing-80x120-akustyczny","41":"pa_size-finishing-80x120-w-ramie-drewnianej-naturalnej","42":"pa_size-finishing-80x120-w-ramie-drewnianej-czarnej","44":"first","45":"instock","46":"purchasable","47":"product-type-variable","48":"has-default-attributes"},"aioseo_notices":[],"_links":{"self":[{"href":"https:\/\/interiorposter.com\/pl\/wp-json\/wp\/v2\/product\/280624","targetHints":{"allow":["GET"]}}],"collection":[{"href":"https:\/\/interiorposter.com\/pl\/wp-json\/wp\/v2\/product"}],"about":[{"href":"https:\/\/interiorposter.com\/pl\/wp-json\/wp\/v2\/types\/product"}],"replies":[{"embeddable":true,"href":"https:\/\/interiorposter.com\/pl\/wp-json\/wp\/v2\/comments?post=280624"}],"wp:featuredmedia":[{"embeddable":true,"href":"https:\/\/interiorposter.com\/pl\/wp-json\/wp\/v2\/media\/277005"}],"wp:attachment":[{"href":"https:\/\/interiorposter.com\/pl\/wp-json\/wp\/v2\/media?parent=280624"}],"wp:term":[{"taxonomy":"product_brand","embeddable":true,"href":"https:\/\/interiorposter.com\/pl\/wp-json\/wp\/v2\/product_brand?post=280624"},{"taxonomy":"product_cat","embeddable":true,"href":"https:\/\/interiorposter.com\/pl\/wp-json\/wp\/v2\/product_cat?post=280624"},{"taxonomy":"product_tag","embeddable":true,"href":"https:\/\/interiorposter.com\/pl\/wp-json\/wp\/v2\/product_tag?post=280624"}],"curies":[{"name":"wp","href":"https:\/\/api.w.org\/{rel}","templated":true}]}}