{"id":280555,"date":"2026-03-21T00:31:15","date_gmt":"2026-03-20T23:31:15","guid":{"rendered":"https:\/\/interiorposter.com\/?post_type=product&#038;p=280555"},"modified":"2026-03-21T00:46:59","modified_gmt":"2026-03-20T23:46:59","slug":"obraz-na-plotnie-geometryczna-architektura-w-bieli","status":"publish","type":"product","link":"https:\/\/interiorposter.com\/pl\/product\/obraz-na-plotnie-geometryczna-architektura-w-bieli\/","title":{"rendered":"Obraz na p\u0142\u00f3tnie Geometryczna architektura w bieli"},"content":{"rendered":"<p>Ten obraz na p\u0142\u00f3tnie przyci\u0105ga spojrzenia rytmem form, \u015bwiat\u0142em i eleganck\u0105 prostot\u0105 nowoczesnej architektury. Powtarzalne linie oraz mi\u0119kkie \u0142uki tworz\u0105 efekt harmonii, kt\u00f3ry \u015bwietnie podkre\u015bla stylowe wn\u0119trze i nadaje mu uporz\u0105dkowany, designerski charakter. Jasna, stonowana, monochromatyczna kolorystyka w odcieniach bieli i szaro\u015bci sprawia, \u017ce to idealny obraz do salonu, biura, sypialni, przedpokoju, hotelu lub restauracji. To doskona\u0142y wyb\u00f3r dla os\u00f3b, kt\u00f3re ceni\u0105 nowoczesne obrazy na \u015bcian\u0119, minimalizm i ponadczasow\u0105 estetyk\u0119.<\/p>\n","protected":false},"excerpt":{"rendered":"<p>Elegancki obraz na p\u0142\u00f3tnie z motywem geometrycznej architektury w jasnej, monochromatycznej tonacji. Idealny do salonu, biura i nowoczesnych wn\u0119trz.<\/p>\n","protected":false},"featured_media":276162,"comment_status":"closed","ping_status":"closed","template":"","meta":[],"product_brand":[],"product_cat":[88,110,212,76,134,104,107,73,91,85,70],"product_tag":[276,696,706,182],"class_list":{"0":"post-280555","1":"product","2":"type-product","3":"status-publish","4":"has-post-thumbnail","6":"product_cat-biuro","7":"product_cat-fotografia","8":"product_cat-geometryczne","9":"product_cat-hotel-pl","10":"product_cat-industrialne","11":"product_cat-minimalistyczne","12":"product_cat-nowoczesne","13":"product_cat-przedpokoj","14":"product_cat-restauracja","15":"product_cat-salon","16":"product_cat-sypialnia","17":"product_tag-jasne","18":"product_tag-nowoczesne-obrazy","19":"product_tag-pionowy","20":"product_tag-szary","21":"pa_size-finishing-20x30-standard","22":"pa_size-finishing-20x30-na-ptnie-woskim","23":"pa_size-finishing-20x30-premium-print","24":"pa_size-finishing-20x30-akustyczny","25":"pa_size-finishing-40x60-standard","26":"pa_size-finishing-40x60-na-ptnie-woskim","27":"pa_size-finishing-40x60-premium-print","28":"pa_size-finishing-40x60-akustyczny","29":"pa_size-finishing-40x60-w-ramie-drewnianej-naturalnej","30":"pa_size-finishing-40x60-w-ramie-drewnianej-czarnej","31":"pa_size-finishing-60x90-standard","32":"pa_size-finishing-60x90-na-ptnie-woskim","33":"pa_size-finishing-60x90-premium-print","34":"pa_size-finishing-60x90-akustyczny","35":"pa_size-finishing-60x90-w-ramie-drewnianej-naturalnej","36":"pa_size-finishing-60x90-w-ramie-drewnianej-czarnej","37":"pa_size-finishing-80x120-standard","38":"pa_size-finishing-80x120-na-ptnie-woskim","39":"pa_size-finishing-80x120-premium-print","40":"pa_size-finishing-80x120-akustyczny","41":"pa_size-finishing-80x120-w-ramie-drewnianej-naturalnej","42":"pa_size-finishing-80x120-w-ramie-drewnianej-czarnej","44":"first","45":"instock","46":"purchasable","47":"product-type-variable","48":"has-default-attributes"},"aioseo_notices":[],"_links":{"self":[{"href":"https:\/\/interiorposter.com\/pl\/wp-json\/wp\/v2\/product\/280555","targetHints":{"allow":["GET"]}}],"collection":[{"href":"https:\/\/interiorposter.com\/pl\/wp-json\/wp\/v2\/product"}],"about":[{"href":"https:\/\/interiorposter.com\/pl\/wp-json\/wp\/v2\/types\/product"}],"replies":[{"embeddable":true,"href":"https:\/\/interiorposter.com\/pl\/wp-json\/wp\/v2\/comments?post=280555"}],"wp:featuredmedia":[{"embeddable":true,"href":"https:\/\/interiorposter.com\/pl\/wp-json\/wp\/v2\/media\/276162"}],"wp:attachment":[{"href":"https:\/\/interiorposter.com\/pl\/wp-json\/wp\/v2\/media?parent=280555"}],"wp:term":[{"taxonomy":"product_brand","embeddable":true,"href":"https:\/\/interiorposter.com\/pl\/wp-json\/wp\/v2\/product_brand?post=280555"},{"taxonomy":"product_cat","embeddable":true,"href":"https:\/\/interiorposter.com\/pl\/wp-json\/wp\/v2\/product_cat?post=280555"},{"taxonomy":"product_tag","embeddable":true,"href":"https:\/\/interiorposter.com\/pl\/wp-json\/wp\/v2\/product_tag?post=280555"}],"curies":[{"name":"wp","href":"https:\/\/api.w.org\/{rel}","templated":true}]}}