{"id":280509,"date":"2026-03-21T00:26:13","date_gmt":"2026-03-20T23:26:13","guid":{"rendered":"https:\/\/interiorposter.com\/?post_type=product&#038;p=280509"},"modified":"2026-03-21T00:59:00","modified_gmt":"2026-03-20T23:59:00","slug":"obraz-na-plotnie-mglisty-pejzaz-z-ptakami","status":"publish","type":"product","link":"https:\/\/interiorposter.com\/pl\/product\/obraz-na-plotnie-mglisty-pejzaz-z-ptakami\/","title":{"rendered":"Obraz na p\u0142\u00f3tnie Mglisty pejza\u017c z ptakami"},"content":{"rendered":"<p>Ten obraz na p\u0142\u00f3tnie wprowadza do wn\u0119trza atmosfer\u0119 ciszy, spokoju i subtelnej tajemnicy. Delikatnie rozmyty krajobraz z tafl\u0105 wody, mi\u0119kkim \u015bwiat\u0142em i sylwetkami ptak\u00f3w buduje nastrojow\u0105 kompozycj\u0119, kt\u00f3ra sprzyja wyciszeniu i relaksowi. Stonowana, ciemna kolorystyka z odcieniami granatu, szaro\u015bci i przygaszonego be\u017cu doskonale odnajduje si\u0119 w salonie, sypialni, biurze, hotelu lub przedpokoju. To elegancki obraz na \u015bcian\u0119 dla os\u00f3b, kt\u00f3re ceni\u0105 obrazy na p\u0142\u00f3tnie inspirowane natur\u0105, nowoczesne obrazy do salonu i ponadczasow\u0105 estetyk\u0119 z emocjonaln\u0105 g\u0142\u0119bi\u0105.<\/p>\n","protected":false},"excerpt":{"rendered":"<p>Nastrojowy obraz na p\u0142\u00f3tnie z mglistym pejza\u017cem, wod\u0105 i ptakami w stonowanej ciemnej kolorystyce. Idealny do salonu, sypialni i eleganckich wn\u0119trz.<\/p>\n","protected":false},"featured_media":274522,"comment_status":"closed","ping_status":"closed","template":"","meta":[],"product_brand":[],"product_cat":[88,76,137,299,143,107,73,85,113,70,256],"product_tag":[273,696,701,182],"class_list":{"0":"post-280509","1":"product","2":"type-product","3":"status-publish","4":"has-post-thumbnail","6":"product_cat-biuro","7":"product_cat-hotel-pl","8":"product_cat-krajobrazy","9":"product_cat-malarskie","10":"product_cat-morze-i-wybrzeze","11":"product_cat-nowoczesne","12":"product_cat-przedpokoj","13":"product_cat-salon","14":"product_cat-skandynawskie","15":"product_cat-sypialnia","16":"product_cat-zwierzeta-i-natura","17":"product_tag-dark-pl","18":"product_tag-nowoczesne-obrazy","19":"product_tag-poziomy","20":"product_tag-szary","21":"pa_size-finishing-30x20-standard","22":"pa_size-finishing-30x20-na-ptnie-woskim","23":"pa_size-finishing-30x20-premium-print","24":"pa_size-finishing-30x20-akustyczny","25":"pa_size-finishing-60x40-standard","26":"pa_size-finishing-60x40-na-ptnie-woskim","27":"pa_size-finishing-60x40-premium-print","28":"pa_size-finishing-60x40-akustyczny","29":"pa_size-finishing-60x40-w-ramie-drewnianej-naturalnej","30":"pa_size-finishing-60x40-w-ramie-drewnianej-czarnej","31":"pa_size-finishing-90x60-standard","32":"pa_size-finishing-90x60-na-ptnie-woskim","33":"pa_size-finishing-90x60-premium-print","34":"pa_size-finishing-90x60-akustyczny","35":"pa_size-finishing-90x60-w-ramie-drewnianej-naturalnej","36":"pa_size-finishing-90x60-w-ramie-drewnianej-czarnej","37":"pa_size-finishing-120x80-standard","38":"pa_size-finishing-120x80-na-ptnie-woskim","39":"pa_size-finishing-120x80-premium-print","40":"pa_size-finishing-120x80-akustyczny","41":"pa_size-finishing-120x80-w-ramie-drewnianej-naturalnej","42":"pa_size-finishing-120x80-w-ramie-drewnianej-czarnej","44":"first","45":"instock","46":"purchasable","47":"product-type-variable","48":"has-default-attributes"},"aioseo_notices":[],"_links":{"self":[{"href":"https:\/\/interiorposter.com\/pl\/wp-json\/wp\/v2\/product\/280509","targetHints":{"allow":["GET"]}}],"collection":[{"href":"https:\/\/interiorposter.com\/pl\/wp-json\/wp\/v2\/product"}],"about":[{"href":"https:\/\/interiorposter.com\/pl\/wp-json\/wp\/v2\/types\/product"}],"replies":[{"embeddable":true,"href":"https:\/\/interiorposter.com\/pl\/wp-json\/wp\/v2\/comments?post=280509"}],"wp:featuredmedia":[{"embeddable":true,"href":"https:\/\/interiorposter.com\/pl\/wp-json\/wp\/v2\/media\/274522"}],"wp:attachment":[{"href":"https:\/\/interiorposter.com\/pl\/wp-json\/wp\/v2\/media?parent=280509"}],"wp:term":[{"taxonomy":"product_brand","embeddable":true,"href":"https:\/\/interiorposter.com\/pl\/wp-json\/wp\/v2\/product_brand?post=280509"},{"taxonomy":"product_cat","embeddable":true,"href":"https:\/\/interiorposter.com\/pl\/wp-json\/wp\/v2\/product_cat?post=280509"},{"taxonomy":"product_tag","embeddable":true,"href":"https:\/\/interiorposter.com\/pl\/wp-json\/wp\/v2\/product_tag?post=280509"}],"curies":[{"name":"wp","href":"https:\/\/api.w.org\/{rel}","templated":true}]}}