{"id":280463,"date":"2026-03-21T00:21:29","date_gmt":"2026-03-20T23:21:29","guid":{"rendered":"https:\/\/interiorposter.com\/?post_type=product&#038;p=280463"},"modified":"2026-03-26T23:32:22","modified_gmt":"2026-03-26T22:32:22","slug":"obraz-na-plotnie-mglisty-pejzaz-o-swicie","status":"publish","type":"product","link":"https:\/\/interiorposter.com\/pl\/product\/obraz-na-plotnie-mglisty-pejzaz-o-swicie\/","title":{"rendered":"Obraz na p\u0142\u00f3tnie Mglisty pejza\u017c o \u015bwicie"},"content":{"rendered":"<p>Ten obraz na p\u0142\u00f3tnie urzeka delikatn\u0105, malarsk\u0105 kompozycj\u0105 inspirowan\u0105 spokojem natury. Rozmyte formy, subtelne sylwetki ptak\u00f3w i ciep\u0142e refleksy z\u0142ota oraz be\u017cu tworz\u0105 wyj\u0105tkowo harmonijn\u0105 dekoracj\u0119, kt\u00f3ra wnosi do wn\u0119trza lekko\u015b\u0107, cisz\u0119 i elegancki nastr\u00f3j. Jasna, pastelowa kolorystyka sprawia, \u017ce obraz doskonale roz\u015bwietla przestrze\u0144 i pi\u0119knie dope\u0142nia aran\u017cacje salonu, sypialni, biura, hotelu lub przedpokoju. To znakomity wyb\u00f3r dla os\u00f3b, kt\u00f3re ceni\u0105 nowoczesne obrazy do salonu, a jednocze\u015bnie szukaj\u0105 dekoracji pe\u0142nej subtelno\u015bci i emocji. Ten obraz na \u015bcian\u0119 pomaga stworzy\u0107 wn\u0119trze sprzyjaj\u0105ce relaksowi i codziennemu wyciszeniu.<\/p>\n","protected":false},"excerpt":{"rendered":"<p>Obraz na p\u0142\u00f3tnie z mglistym pejza\u017cem i ptakami w be\u017cowo z\u0142otej tonacji. Subtelna dekoracja do salonu, sypialni, biura, hotelu lub przedpokoju.<\/p>\n","protected":false},"featured_media":273690,"comment_status":"closed","ping_status":"closed","template":"","meta":[],"product_brand":[],"product_cat":[97,88,76,291,137,299,104,107,73,85,113,70,209],"product_tag":[696,706,188],"class_list":{"0":"post-280463","1":"product","2":"type-product","3":"status-publish","4":"has-post-thumbnail","6":"product_cat-abstrakcja","7":"product_cat-biuro","8":"product_cat-hotel-pl","9":"product_cat-ilustracje","10":"product_cat-krajobrazy","11":"product_cat-malarskie","12":"product_cat-minimalistyczne","13":"product_cat-nowoczesne","14":"product_cat-przedpokoj","15":"product_cat-salon","16":"product_cat-skandynawskie","17":"product_cat-sypialnia","18":"product_cat-sztuka-koncepcyjna","19":"product_tag-nowoczesne-obrazy","20":"product_tag-pionowy","21":"product_tag-wielokolorowy","22":"pa_size-finishing-20x30-standard","23":"pa_size-finishing-20x30-na-ptnie-woskim","24":"pa_size-finishing-20x30-premium-print","25":"pa_size-finishing-20x30-akustyczny","26":"pa_size-finishing-40x60-standard","27":"pa_size-finishing-40x60-na-ptnie-woskim","28":"pa_size-finishing-40x60-premium-print","29":"pa_size-finishing-40x60-akustyczny","30":"pa_size-finishing-40x60-w-ramie-drewnianej-naturalnej","31":"pa_size-finishing-40x60-w-ramie-drewnianej-czarnej","32":"pa_size-finishing-60x90-standard","33":"pa_size-finishing-60x90-na-ptnie-woskim","34":"pa_size-finishing-60x90-premium-print","35":"pa_size-finishing-60x90-akustyczny","36":"pa_size-finishing-60x90-w-ramie-drewnianej-naturalnej","37":"pa_size-finishing-60x90-w-ramie-drewnianej-czarnej","38":"pa_size-finishing-80x120-standard","39":"pa_size-finishing-80x120-na-ptnie-woskim","40":"pa_size-finishing-80x120-premium-print","41":"pa_size-finishing-80x120-akustyczny","42":"pa_size-finishing-80x120-w-ramie-drewnianej-naturalnej","43":"pa_size-finishing-80x120-w-ramie-drewnianej-czarnej","45":"first","46":"instock","47":"purchasable","48":"product-type-variable","49":"has-default-attributes"},"aioseo_notices":[],"_links":{"self":[{"href":"https:\/\/interiorposter.com\/pl\/wp-json\/wp\/v2\/product\/280463","targetHints":{"allow":["GET"]}}],"collection":[{"href":"https:\/\/interiorposter.com\/pl\/wp-json\/wp\/v2\/product"}],"about":[{"href":"https:\/\/interiorposter.com\/pl\/wp-json\/wp\/v2\/types\/product"}],"replies":[{"embeddable":true,"href":"https:\/\/interiorposter.com\/pl\/wp-json\/wp\/v2\/comments?post=280463"}],"wp:featuredmedia":[{"embeddable":true,"href":"https:\/\/interiorposter.com\/pl\/wp-json\/wp\/v2\/media\/273690"}],"wp:attachment":[{"href":"https:\/\/interiorposter.com\/pl\/wp-json\/wp\/v2\/media?parent=280463"}],"wp:term":[{"taxonomy":"product_brand","embeddable":true,"href":"https:\/\/interiorposter.com\/pl\/wp-json\/wp\/v2\/product_brand?post=280463"},{"taxonomy":"product_cat","embeddable":true,"href":"https:\/\/interiorposter.com\/pl\/wp-json\/wp\/v2\/product_cat?post=280463"},{"taxonomy":"product_tag","embeddable":true,"href":"https:\/\/interiorposter.com\/pl\/wp-json\/wp\/v2\/product_tag?post=280463"}],"curies":[{"name":"wp","href":"https:\/\/api.w.org\/{rel}","templated":true}]}}