{"id":280417,"date":"2026-03-21T00:16:46","date_gmt":"2026-03-20T23:16:46","guid":{"rendered":"https:\/\/interiorposter.com\/?post_type=product&#038;p=280417"},"modified":"2026-03-26T23:23:06","modified_gmt":"2026-03-26T22:23:06","slug":"obraz-na-plotnie-gory-w-blasku-miedzianego-slonca","status":"publish","type":"product","link":"https:\/\/interiorposter.com\/pl\/product\/obraz-na-plotnie-gory-w-blasku-miedzianego-slonca\/","title":{"rendered":"Obraz na p\u0142\u00f3tnie G\u00f3ry w blasku miedzianego s\u0142o\u0144ca"},"content":{"rendered":"<p>Ten obraz na p\u0142\u00f3tnie zachwyca nastrojow\u0105 kompozycj\u0105, w kt\u00f3rej ciemne t\u0142o, g\u0142\u0119boki turkus i subtelne z\u0142ote linie spotykaj\u0105 si\u0119 z ciep\u0142ym blaskiem miedzianego s\u0142o\u0144ca. Stylizowany krajobraz g\u00f3rski przyci\u0105ga uwag\u0119 elegancj\u0105 i nowoczesnym charakterem, tworz\u0105c dekoracj\u0119 pe\u0142n\u0105 spokoju, tajemniczo\u015bci i wyrafinowanego klimatu. To idealny obraz do salonu, sypialni, biura, hotelu lub restauracji, gdzie podkre\u015bli styl wn\u0119trza i doda mu wyj\u0105tkowej g\u0142\u0119bi. Doskonale odnajdzie si\u0119 w aran\u017cacjach nowoczesnych, minimalistycznych, industrialnych i glamour. Je\u015bli szukasz obrazu na \u015bcian\u0119, kt\u00f3ry robi wra\u017cenie i buduje atmosfer\u0119, ten motyw b\u0119dzie \u015bwietnym wyborem.<\/p>\n","protected":false},"excerpt":{"rendered":"<p>Obraz na p\u0142\u00f3tnie z g\u00f3rskim pejza\u017cem, miedzianym s\u0142o\u0144cem i z\u0142otymi liniami. Stylowa dekoracja do salonu, sypialni, biura, hotelu lub restauracji.<\/p>\n","protected":false},"featured_media":272667,"comment_status":"closed","ping_status":"closed","template":"","meta":[],"product_brand":[],"product_cat":[97,88,212,101,76,137,299,104,267,107,91,85,70,209],"product_tag":[273,696,701,188],"class_list":{"0":"post-280417","1":"product","2":"type-product","3":"status-publish","4":"has-post-thumbnail","6":"product_cat-abstrakcja","7":"product_cat-biuro","8":"product_cat-geometryczne","9":"product_cat-glamour-pl","10":"product_cat-hotel-pl","11":"product_cat-krajobrazy","12":"product_cat-malarskie","13":"product_cat-minimalistyczne","14":"product_cat-nocne","15":"product_cat-nowoczesne","16":"product_cat-restauracja","17":"product_cat-salon","18":"product_cat-sypialnia","19":"product_cat-sztuka-koncepcyjna","20":"product_tag-dark-pl","21":"product_tag-nowoczesne-obrazy","22":"product_tag-poziomy","23":"product_tag-wielokolorowy","24":"pa_size-finishing-30x20-standard","25":"pa_size-finishing-30x20-na-ptnie-woskim","26":"pa_size-finishing-30x20-premium-print","27":"pa_size-finishing-30x20-akustyczny","28":"pa_size-finishing-60x40-standard","29":"pa_size-finishing-60x40-na-ptnie-woskim","30":"pa_size-finishing-60x40-premium-print","31":"pa_size-finishing-60x40-akustyczny","32":"pa_size-finishing-60x40-w-ramie-drewnianej-naturalnej","33":"pa_size-finishing-60x40-w-ramie-drewnianej-czarnej","34":"pa_size-finishing-90x60-standard","35":"pa_size-finishing-90x60-na-ptnie-woskim","36":"pa_size-finishing-90x60-premium-print","37":"pa_size-finishing-90x60-akustyczny","38":"pa_size-finishing-90x60-w-ramie-drewnianej-naturalnej","39":"pa_size-finishing-90x60-w-ramie-drewnianej-czarnej","40":"pa_size-finishing-120x80-standard","41":"pa_size-finishing-120x80-na-ptnie-woskim","42":"pa_size-finishing-120x80-premium-print","43":"pa_size-finishing-120x80-akustyczny","44":"pa_size-finishing-120x80-w-ramie-drewnianej-naturalnej","45":"pa_size-finishing-120x80-w-ramie-drewnianej-czarnej","47":"first","48":"instock","49":"purchasable","50":"product-type-variable","51":"has-default-attributes"},"aioseo_notices":[],"_links":{"self":[{"href":"https:\/\/interiorposter.com\/pl\/wp-json\/wp\/v2\/product\/280417","targetHints":{"allow":["GET"]}}],"collection":[{"href":"https:\/\/interiorposter.com\/pl\/wp-json\/wp\/v2\/product"}],"about":[{"href":"https:\/\/interiorposter.com\/pl\/wp-json\/wp\/v2\/types\/product"}],"replies":[{"embeddable":true,"href":"https:\/\/interiorposter.com\/pl\/wp-json\/wp\/v2\/comments?post=280417"}],"wp:featuredmedia":[{"embeddable":true,"href":"https:\/\/interiorposter.com\/pl\/wp-json\/wp\/v2\/media\/272667"}],"wp:attachment":[{"href":"https:\/\/interiorposter.com\/pl\/wp-json\/wp\/v2\/media?parent=280417"}],"wp:term":[{"taxonomy":"product_brand","embeddable":true,"href":"https:\/\/interiorposter.com\/pl\/wp-json\/wp\/v2\/product_brand?post=280417"},{"taxonomy":"product_cat","embeddable":true,"href":"https:\/\/interiorposter.com\/pl\/wp-json\/wp\/v2\/product_cat?post=280417"},{"taxonomy":"product_tag","embeddable":true,"href":"https:\/\/interiorposter.com\/pl\/wp-json\/wp\/v2\/product_tag?post=280417"}],"curies":[{"name":"wp","href":"https:\/\/api.w.org\/{rel}","templated":true}]}}