{"id":280187,"date":"2026-03-21T00:01:10","date_gmt":"2026-03-20T23:01:10","guid":{"rendered":"https:\/\/interiorposter.com\/?post_type=product&#038;p=280187"},"modified":"2026-05-09T21:56:53","modified_gmt":"2026-05-09T19:56:53","slug":"obraz-na-plotnie-szkic-drzew-w-czarno-bialej-tonacji","status":"publish","type":"product","link":"https:\/\/interiorposter.com\/pl\/product\/obraz-na-plotnie-szkic-drzew-w-czarno-bialej-tonacji\/","title":{"rendered":"Obraz na p\u0142\u00f3tnie Szkic drzew w czarno bia\u0142ej tonacji"},"content":{"rendered":"<p>Subtelny obraz na p\u0142\u00f3tnie z motywem smuk\u0142ych drzew zachwyca lekko\u015bci\u0105 formy i eleganck\u0105 prostot\u0105. Delikatne, szkicowe linie oraz stonowana paleta bieli, szaro\u015bci i przydymionej czerni tworz\u0105 kompozycj\u0119 pe\u0142n\u0105 spokoju, harmonii i nowoczesnego wyrazu. Ten obraz na \u015bcian\u0119 doskonale odnajdzie si\u0119 w salonie, sypialni, biurze, hotelu lub przedpokoju, pi\u0119knie podkre\u015blaj\u0105c charakter minimalistycznych, skandynawskich i nowoczesnych wn\u0119trz. To idealny wyb\u00f3r dla os\u00f3b, kt\u00f3re szukaj\u0105 dekoracji z klimatem, wprowadzaj\u0105cej do przestrzeni lekko\u015b\u0107, wyciszenie i ponadczasow\u0105 elegancj\u0119.<\/p>\n","protected":false},"excerpt":{"rendered":"<p>Delikatny obraz na p\u0142\u00f3tnie ze szkicowym motywem drzew w bia\u0142o szarej tonacji wniesie do wn\u0119trza spok\u00f3j, lekko\u015b\u0107 i nowoczesn\u0105 elegancj\u0119.<\/p>\n","protected":false},"featured_media":269327,"comment_status":"closed","ping_status":"closed","template":"","meta":[],"product_brand":[],"product_cat":[88,76,137,67,299,104,107,73,91,85,113,70],"product_tag":[1302,276,696,706,182],"class_list":{"0":"post-280187","1":"product","2":"type-product","3":"status-publish","4":"has-post-thumbnail","6":"product_cat-biuro","7":"product_cat-hotel-pl","8":"product_cat-krajobrazy","9":"product_cat-lazienka","10":"product_cat-malarskie","11":"product_cat-minimalistyczne","12":"product_cat-nowoczesne","13":"product_cat-przedpokoj","14":"product_cat-restauracja","15":"product_cat-salon","16":"product_cat-skandynawskie","17":"product_cat-sypialnia","18":"product_tag-drzewo","19":"product_tag-jasne","20":"product_tag-nowoczesne-obrazy","21":"product_tag-pionowy","22":"product_tag-szary","23":"pa_size-finishing-20x30-standard","24":"pa_size-finishing-20x30-na-ptnie-woskim","25":"pa_size-finishing-20x30-premium-print","26":"pa_size-finishing-20x30-akustyczny","27":"pa_size-finishing-40x60-standard","28":"pa_size-finishing-40x60-na-ptnie-woskim","29":"pa_size-finishing-40x60-premium-print","30":"pa_size-finishing-40x60-akustyczny","31":"pa_size-finishing-40x60-w-ramie-drewnianej-naturalnej","32":"pa_size-finishing-40x60-w-ramie-drewnianej-czarnej","33":"pa_size-finishing-60x90-standard","34":"pa_size-finishing-60x90-na-ptnie-woskim","35":"pa_size-finishing-60x90-premium-print","36":"pa_size-finishing-60x90-akustyczny","37":"pa_size-finishing-60x90-w-ramie-drewnianej-naturalnej","38":"pa_size-finishing-60x90-w-ramie-drewnianej-czarnej","39":"pa_size-finishing-80x120-standard","40":"pa_size-finishing-80x120-na-ptnie-woskim","41":"pa_size-finishing-80x120-premium-print","42":"pa_size-finishing-80x120-akustyczny","43":"pa_size-finishing-80x120-w-ramie-drewnianej-naturalnej","44":"pa_size-finishing-80x120-w-ramie-drewnianej-czarnej","46":"first","47":"instock","48":"purchasable","49":"product-type-variable","50":"has-default-attributes"},"aioseo_notices":[],"_links":{"self":[{"href":"https:\/\/interiorposter.com\/pl\/wp-json\/wp\/v2\/product\/280187","targetHints":{"allow":["GET"]}}],"collection":[{"href":"https:\/\/interiorposter.com\/pl\/wp-json\/wp\/v2\/product"}],"about":[{"href":"https:\/\/interiorposter.com\/pl\/wp-json\/wp\/v2\/types\/product"}],"replies":[{"embeddable":true,"href":"https:\/\/interiorposter.com\/pl\/wp-json\/wp\/v2\/comments?post=280187"}],"wp:featuredmedia":[{"embeddable":true,"href":"https:\/\/interiorposter.com\/pl\/wp-json\/wp\/v2\/media\/269327"}],"wp:attachment":[{"href":"https:\/\/interiorposter.com\/pl\/wp-json\/wp\/v2\/media?parent=280187"}],"wp:term":[{"taxonomy":"product_brand","embeddable":true,"href":"https:\/\/interiorposter.com\/pl\/wp-json\/wp\/v2\/product_brand?post=280187"},{"taxonomy":"product_cat","embeddable":true,"href":"https:\/\/interiorposter.com\/pl\/wp-json\/wp\/v2\/product_cat?post=280187"},{"taxonomy":"product_tag","embeddable":true,"href":"https:\/\/interiorposter.com\/pl\/wp-json\/wp\/v2\/product_tag?post=280187"}],"curies":[{"name":"wp","href":"https:\/\/api.w.org\/{rel}","templated":true}]}}