{"id":280164,"date":"2026-03-20T23:58:46","date_gmt":"2026-03-20T22:58:46","guid":{"rendered":"https:\/\/interiorposter.com\/?post_type=product&#038;p=280164"},"modified":"2026-05-09T21:56:42","modified_gmt":"2026-05-09T19:56:42","slug":"obraz-na-plotnie-biale-drzewo-kwiatow-ze-zlotym-akcentem","status":"publish","type":"product","link":"https:\/\/interiorposter.com\/pl\/product\/obraz-na-plotnie-biale-drzewo-kwiatow-ze-zlotym-akcentem\/","title":{"rendered":"Obraz na p\u0142\u00f3tnie Bia\u0142e drzewo kwiat\u00f3w ze z\u0142otym akcentem"},"content":{"rendered":"<p>Elegancki obraz na p\u0142\u00f3tnie z motywem kwitn\u0105cego drzewa zachwyca dekoracyjn\u0105 form\u0105 i subtelnym, luksusowym wyko\u0144czeniem. Delikatne bia\u0142e kwiaty zestawione ze z\u0142otym pniem tworz\u0105 harmonijn\u0105 kompozycj\u0119 pe\u0142n\u0105 lekko\u015bci, \u015bwie\u017co\u015bci i wyrafinowanego uroku. Jasna kolorystyka oparta na bieli, kremowych tonach i z\u0142ocistych detalach pi\u0119knie roz\u015bwietla wn\u0119trze, dodaj\u0105c mu klasy i spokojnej elegancji. Ten obraz na \u015bcian\u0119 doskonale sprawdzi si\u0119 w salonie, sypialni, hotelu, przedpokoju lub stylowym biurze, podkre\u015blaj\u0105c charakter nowoczesnych, glamour i subtelnie luksusowych aran\u017cacji.<\/p>\n","protected":false},"excerpt":{"rendered":"<p>Stylowy obraz na p\u0142\u00f3tnie z bia\u0142ym drzewem kwiat\u00f3w i z\u0142otym akcentem wniesie do wn\u0119trza elegancj\u0119, lekko\u015b\u0107 i jasny, luksusowy charakter.<\/p>\n","protected":false},"featured_media":269124,"comment_status":"closed","ping_status":"closed","template":"","meta":[],"product_brand":[],"product_cat":[88,101,76,299,107,73,125,85,70],"product_tag":[1302,276,696,701,188],"class_list":{"0":"post-280164","1":"product","2":"type-product","3":"status-publish","4":"has-post-thumbnail","6":"product_cat-biuro","7":"product_cat-glamour-pl","8":"product_cat-hotel-pl","9":"product_cat-malarskie","10":"product_cat-nowoczesne","11":"product_cat-przedpokoj","12":"product_cat-rosliny-i-kwiaty","13":"product_cat-salon","14":"product_cat-sypialnia","15":"product_tag-drzewo","16":"product_tag-jasne","17":"product_tag-nowoczesne-obrazy","18":"product_tag-poziomy","19":"product_tag-wielokolorowy","20":"pa_size-finishing-30x20-standard","21":"pa_size-finishing-30x20-na-ptnie-woskim","22":"pa_size-finishing-30x20-premium-print","23":"pa_size-finishing-30x20-akustyczny","24":"pa_size-finishing-60x40-standard","25":"pa_size-finishing-60x40-na-ptnie-woskim","26":"pa_size-finishing-60x40-premium-print","27":"pa_size-finishing-60x40-akustyczny","28":"pa_size-finishing-60x40-w-ramie-drewnianej-naturalnej","29":"pa_size-finishing-60x40-w-ramie-drewnianej-czarnej","30":"pa_size-finishing-90x60-standard","31":"pa_size-finishing-90x60-na-ptnie-woskim","32":"pa_size-finishing-90x60-premium-print","33":"pa_size-finishing-90x60-akustyczny","34":"pa_size-finishing-90x60-w-ramie-drewnianej-naturalnej","35":"pa_size-finishing-90x60-w-ramie-drewnianej-czarnej","36":"pa_size-finishing-120x80-standard","37":"pa_size-finishing-120x80-na-ptnie-woskim","38":"pa_size-finishing-120x80-premium-print","39":"pa_size-finishing-120x80-akustyczny","40":"pa_size-finishing-120x80-w-ramie-drewnianej-naturalnej","41":"pa_size-finishing-120x80-w-ramie-drewnianej-czarnej","43":"first","44":"instock","45":"purchasable","46":"product-type-variable","47":"has-default-attributes"},"aioseo_notices":[],"_links":{"self":[{"href":"https:\/\/interiorposter.com\/pl\/wp-json\/wp\/v2\/product\/280164","targetHints":{"allow":["GET"]}}],"collection":[{"href":"https:\/\/interiorposter.com\/pl\/wp-json\/wp\/v2\/product"}],"about":[{"href":"https:\/\/interiorposter.com\/pl\/wp-json\/wp\/v2\/types\/product"}],"replies":[{"embeddable":true,"href":"https:\/\/interiorposter.com\/pl\/wp-json\/wp\/v2\/comments?post=280164"}],"wp:featuredmedia":[{"embeddable":true,"href":"https:\/\/interiorposter.com\/pl\/wp-json\/wp\/v2\/media\/269124"}],"wp:attachment":[{"href":"https:\/\/interiorposter.com\/pl\/wp-json\/wp\/v2\/media?parent=280164"}],"wp:term":[{"taxonomy":"product_brand","embeddable":true,"href":"https:\/\/interiorposter.com\/pl\/wp-json\/wp\/v2\/product_brand?post=280164"},{"taxonomy":"product_cat","embeddable":true,"href":"https:\/\/interiorposter.com\/pl\/wp-json\/wp\/v2\/product_cat?post=280164"},{"taxonomy":"product_tag","embeddable":true,"href":"https:\/\/interiorposter.com\/pl\/wp-json\/wp\/v2\/product_tag?post=280164"}],"curies":[{"name":"wp","href":"https:\/\/api.w.org\/{rel}","templated":true}]}}