{"id":27976,"date":"2025-06-22T15:19:34","date_gmt":"2025-06-22T13:19:34","guid":{"rendered":"https:\/\/interiorposter.com\/?post_type=product&#038;p=27976"},"modified":"2026-03-19T01:32:06","modified_gmt":"2026-03-19T00:32:06","slug":"obraz-na-plotnie-czerwony-most-noca-industrialny-klimat-i-swiatlo-na-tle-ciemnego-nieba","status":"publish","type":"product","link":"https:\/\/interiorposter.com\/pl\/product\/obraz-na-plotnie-czerwony-most-noca-industrialny-klimat-i-swiatlo-na-tle-ciemnego-nieba\/","title":{"rendered":"Czerwony most noc\u0105 w \u015bwietle lamp \u2013 obraz na p\u0142\u00f3tnie"},"content":{"rendered":"<p>Ten obraz na p\u0142\u00f3tnie przyci\u0105ga uwag\u0119 swoj\u0105 nastrojowo\u015bci\u0105 i nowoczesnym, nieco industrialnym klimatem. Przedstawia wieczorne uj\u0119cie mostu \u2013 zdj\u0119cie wykonano z jego poziomu, co nadaje perspektywie g\u0142\u0119bi i autentyczno\u015bci. Po bokach widoczne s\u0105 ogrodzenia, a nad g\u0142ow\u0105 rozpo\u015bciera si\u0119 metalowa konstrukcja w intensywnych odcieniach czerwieni z nut\u0105 malinowego i wi\u015bniowego koloru.<\/p>\n<p>Pod\u015bwietlenie mostu wydobywa z niego charakterystyczne detale \u2013 metalowe elementy \u2013 kt\u00f3re w po\u0142\u0105czeniu z ciemnym, nocnym niebem tworz\u0105 surowy, ale zarazem hipnotyzuj\u0105cy klimat. Obraz ten doskonale oddaje urok miejskiej architektury, wpisuj\u0105c si\u0119 w styl industrialny, nowoczesny, a nawet minimalistyczny.<\/p>\n<p>Dzi\u0119ki swojej kolorystyce i kompozycji idealnie sprawdzi si\u0119 w przestrzeniach o zdecydowanym stylu \u2013 nowoczesnych salonach, designerskich gabinetach czy loftowych wn\u0119trzach. Mo\u017ce by\u0107 r\u00f3wnie\u017c mocnym akcentem w korytarzu lub pokoju m\u0142odzie\u017cowym, wprowadzaj\u0105c energi\u0119, struktur\u0119 i nieco tajemniczo\u015bci. To propozycja dla mi\u0142o\u015bnik\u00f3w miejskich krajobraz\u00f3w, konstrukcji in\u017cynieryjnych i wyrazistego stylu.<\/p>\n","protected":false},"excerpt":{"rendered":"<p>Nastrojowy obraz z pod\u015bwietlonym mostem w odcieniach czerwieni i wi\u015bni. Idealny do nowoczesnego salonu, gabinetu lub loftowego wn\u0119trza z charakterem.<\/p>\n","protected":false},"featured_media":64213,"comment_status":"open","ping_status":"closed","template":"","meta":[],"product_brand":[],"product_cat":[88,110,212,76,122,104,107,73,85],"product_tag":[273,701,188],"class_list":{"0":"post-27976","1":"product","2":"type-product","3":"status-publish","4":"has-post-thumbnail","6":"product_cat-biuro","7":"product_cat-fotografia","8":"product_cat-geometryczne","9":"product_cat-hotel-pl","10":"product_cat-miasta-i-mosty","11":"product_cat-minimalistyczne","12":"product_cat-nowoczesne","13":"product_cat-przedpokoj","14":"product_cat-salon","15":"product_tag-dark-pl","16":"product_tag-poziomy","17":"product_tag-wielokolorowy","19":"first","20":"instock","21":"taxable","22":"shipping-taxable","23":"purchasable","24":"product-type-variable","25":"has-default-attributes"},"aioseo_notices":[],"_links":{"self":[{"href":"https:\/\/interiorposter.com\/pl\/wp-json\/wp\/v2\/product\/27976","targetHints":{"allow":["GET"]}}],"collection":[{"href":"https:\/\/interiorposter.com\/pl\/wp-json\/wp\/v2\/product"}],"about":[{"href":"https:\/\/interiorposter.com\/pl\/wp-json\/wp\/v2\/types\/product"}],"replies":[{"embeddable":true,"href":"https:\/\/interiorposter.com\/pl\/wp-json\/wp\/v2\/comments?post=27976"}],"wp:featuredmedia":[{"embeddable":true,"href":"https:\/\/interiorposter.com\/pl\/wp-json\/wp\/v2\/media\/64213"}],"wp:attachment":[{"href":"https:\/\/interiorposter.com\/pl\/wp-json\/wp\/v2\/media?parent=27976"}],"wp:term":[{"taxonomy":"product_brand","embeddable":true,"href":"https:\/\/interiorposter.com\/pl\/wp-json\/wp\/v2\/product_brand?post=27976"},{"taxonomy":"product_cat","embeddable":true,"href":"https:\/\/interiorposter.com\/pl\/wp-json\/wp\/v2\/product_cat?post=27976"},{"taxonomy":"product_tag","embeddable":true,"href":"https:\/\/interiorposter.com\/pl\/wp-json\/wp\/v2\/product_tag?post=27976"}],"curies":[{"name":"wp","href":"https:\/\/api.w.org\/{rel}","templated":true}]}}