{"id":275957,"date":"2026-03-17T09:12:57","date_gmt":"2026-03-17T08:12:57","guid":{"rendered":"https:\/\/interiorposter.com\/?post_type=product&#038;p=275957"},"modified":"2026-03-23T00:52:15","modified_gmt":"2026-03-22T23:52:15","slug":"obraz-na-plotnie-minimalistyczne-miasto-w-jasnych-tonach","status":"publish","type":"product","link":"https:\/\/interiorposter.com\/pl\/product\/obraz-na-plotnie-minimalistyczne-miasto-w-jasnych-tonach\/","title":{"rendered":"Obraz na p\u0142\u00f3tnie Minimalistyczne miasto w jasnych tonach"},"content":{"rendered":"<p>Subtelny obraz na p\u0142\u00f3tnie z motywem miejskiej zabudowy zachwyca prostot\u0105 formy i spokojn\u0105, eleganck\u0105 kolorystyk\u0105. Jasne odcienie szaro\u015bci, bieli i kremowego be\u017cu tworz\u0105 lekk\u0105 kompozycj\u0119, kt\u00f3ra roz\u015bwietla wn\u0119trze i wprowadza do niego nowoczesny, harmonijny klimat. Ten obraz na \u015bcian\u0119 doskonale sprawdzi si\u0119 w salonie, sypialni, biurze, hotelu lub przedpokoju, pi\u0119knie dope\u0142niaj\u0105c minimalistyczne i nowoczesne aran\u017cacje. To idealny wyb\u00f3r dla os\u00f3b, kt\u00f3re szukaj\u0105 dekoracji inspirowanej miastem, ale w delikatnej, stonowanej ods\u0142onie, dodaj\u0105cej przestrzeni elegancji i wizualnej lekko\u015bci.<\/p>\n","protected":false},"excerpt":{"rendered":"<p>Jasny obraz na p\u0142\u00f3tnie z minimalistycznym motywem miasta w odcieniach szaro\u015bci, bieli i be\u017cu wniesie do wn\u0119trza spok\u00f3j, lekko\u015b\u0107 i nowoczesny styl.<\/p>\n","protected":false},"featured_media":275959,"comment_status":"closed","ping_status":"closed","template":"","meta":[],"product_brand":[],"product_cat":[88,76,291,122,104,107,73,85,113,70],"product_tag":[276,696,701],"class_list":{"0":"post-275957","1":"product","2":"type-product","3":"status-publish","4":"has-post-thumbnail","6":"product_cat-biuro","7":"product_cat-hotel-pl","8":"product_cat-ilustracje","9":"product_cat-miasta-i-mosty","10":"product_cat-minimalistyczne","11":"product_cat-nowoczesne","12":"product_cat-przedpokoj","13":"product_cat-salon","14":"product_cat-skandynawskie","15":"product_cat-sypialnia","16":"product_tag-jasne","17":"product_tag-nowoczesne-obrazy","18":"product_tag-poziomy","19":"pa_size-finishing-30x20-standard","20":"pa_size-finishing-30x20-na-ptnie-woskim","21":"pa_size-finishing-30x20-premium-print","22":"pa_size-finishing-30x20-akustyczny","23":"pa_size-finishing-60x40-standard","24":"pa_size-finishing-60x40-na-ptnie-woskim","25":"pa_size-finishing-60x40-premium-print","26":"pa_size-finishing-60x40-akustyczny","27":"pa_size-finishing-60x40-w-ramie-drewnianej-naturalnej","28":"pa_size-finishing-60x40-w-ramie-drewnianej-czarnej","29":"pa_size-finishing-90x60-standard","30":"pa_size-finishing-90x60-na-ptnie-woskim","31":"pa_size-finishing-90x60-premium-print","32":"pa_size-finishing-90x60-akustyczny","33":"pa_size-finishing-90x60-w-ramie-drewnianej-naturalnej","34":"pa_size-finishing-90x60-w-ramie-drewnianej-czarnej","35":"pa_size-finishing-120x80-standard","36":"pa_size-finishing-120x80-na-ptnie-woskim","37":"pa_size-finishing-120x80-premium-print","38":"pa_size-finishing-120x80-akustyczny","39":"pa_size-finishing-120x80-w-ramie-drewnianej-naturalnej","40":"pa_size-finishing-120x80-w-ramie-drewnianej-czarnej","42":"first","43":"instock","44":"purchasable","45":"product-type-variable","46":"has-default-attributes"},"aioseo_notices":[],"_links":{"self":[{"href":"https:\/\/interiorposter.com\/pl\/wp-json\/wp\/v2\/product\/275957","targetHints":{"allow":["GET"]}}],"collection":[{"href":"https:\/\/interiorposter.com\/pl\/wp-json\/wp\/v2\/product"}],"about":[{"href":"https:\/\/interiorposter.com\/pl\/wp-json\/wp\/v2\/types\/product"}],"replies":[{"embeddable":true,"href":"https:\/\/interiorposter.com\/pl\/wp-json\/wp\/v2\/comments?post=275957"}],"wp:featuredmedia":[{"embeddable":true,"href":"https:\/\/interiorposter.com\/pl\/wp-json\/wp\/v2\/media\/275959"}],"wp:attachment":[{"href":"https:\/\/interiorposter.com\/pl\/wp-json\/wp\/v2\/media?parent=275957"}],"wp:term":[{"taxonomy":"product_brand","embeddable":true,"href":"https:\/\/interiorposter.com\/pl\/wp-json\/wp\/v2\/product_brand?post=275957"},{"taxonomy":"product_cat","embeddable":true,"href":"https:\/\/interiorposter.com\/pl\/wp-json\/wp\/v2\/product_cat?post=275957"},{"taxonomy":"product_tag","embeddable":true,"href":"https:\/\/interiorposter.com\/pl\/wp-json\/wp\/v2\/product_tag?post=275957"}],"curies":[{"name":"wp","href":"https:\/\/api.w.org\/{rel}","templated":true}]}}