{"id":274723,"date":"2026-03-16T23:27:14","date_gmt":"2026-03-16T22:27:14","guid":{"rendered":"https:\/\/interiorposter.com\/?post_type=product&#038;p=274723"},"modified":"2026-03-23T00:41:46","modified_gmt":"2026-03-22T23:41:46","slug":"szeroki-obraz-na-plotnie-zloty-pejzaz-we-mgle","status":"publish","type":"product","link":"https:\/\/interiorposter.com\/pl\/product\/szeroki-obraz-na-plotnie-zloty-pejzaz-we-mgle\/","title":{"rendered":"Szeroki obraz na p\u0142\u00f3tnie Z\u0142oty pejza\u017c we mgle"},"content":{"rendered":"<p>Szeroki obraz na p\u0142\u00f3tnie z nastrojowym pejza\u017cem przyci\u0105ga spojrzenia eleganck\u0105 kolorystyk\u0105 i wyj\u0105tkowym klimatem. Po\u0142\u0105czenie z\u0142ocistych refleks\u00f3w, g\u0142\u0119bokich br\u0105z\u00f3w, czerni i mglistych przej\u015b\u0107 tworzy kompozycj\u0119 pe\u0142n\u0105 tajemniczo\u015bci, spokoju i szlachetnego blasku. Panoramiczny uk\u0142ad doskonale prezentuje si\u0119 nad sof\u0105, \u0142\u00f3\u017ckiem, sto\u0142em lub konsol\u0105, pi\u0119knie podkre\u015blaj\u0105c charakter salonu, sypialni, hotelu, restauracji czy przedpokoju. To idealny obraz na \u015bcian\u0119 dla os\u00f3b, kt\u00f3re szukaj\u0105 dekoracji z klas\u0105, wprowadzaj\u0105cej do wn\u0119trza elegancj\u0119, g\u0142\u0119bi\u0119 i wyciszaj\u0105c\u0105 atmosfer\u0119.<\/p>\n","protected":false},"excerpt":{"rendered":"<p>Szeroki obraz na p\u0142\u00f3tnie ze z\u0142otym pejza\u017cem we mgle wniesie do wn\u0119trza elegancj\u0119, g\u0142\u0119bi\u0119 i nastrojowy klimat idealny do salonu, sypialni lub hotelu.<\/p>\n","protected":false},"featured_media":274725,"comment_status":"closed","ping_status":"closed","template":"","meta":[],"product_brand":[],"product_cat":[101,76,137,299,267,107,73,91,85,70,256],"product_tag":[273,696,917,701,188],"class_list":{"0":"post-274723","1":"product","2":"type-product","3":"status-publish","4":"has-post-thumbnail","6":"product_cat-glamour-pl","7":"product_cat-hotel-pl","8":"product_cat-krajobrazy","9":"product_cat-malarskie","10":"product_cat-nocne","11":"product_cat-nowoczesne","12":"product_cat-przedpokoj","13":"product_cat-restauracja","14":"product_cat-salon","15":"product_cat-sypialnia","16":"product_cat-zwierzeta-i-natura","17":"product_tag-dark-pl","18":"product_tag-nowoczesne-obrazy","19":"product_tag-panoramiczne","20":"product_tag-poziomy","21":"product_tag-wielokolorowy","22":"pa_size-finishing-90x30-standard","23":"pa_size-finishing-90x30-na-ptnie-woskim","24":"pa_size-finishing-90x30-premium-print","25":"pa_size-finishing-90x30-akustyczny","26":"pa_size-finishing-90x30-w-ramie-drewnianej-naturalnej","27":"pa_size-finishing-90x30-w-ramie-drewnianej-czarnej","28":"pa_size-finishing-120x40-standard","29":"pa_size-finishing-120x40-na-ptnie-woskim","30":"pa_size-finishing-120x40-premium-print","31":"pa_size-finishing-120x40-akustyczny","32":"pa_size-finishing-120x40-w-ramie-drewnianej-naturalnej","33":"pa_size-finishing-120x40-w-ramie-drewnianej-czarnej","34":"pa_size-finishing-135x45-standard","35":"pa_size-finishing-135x45-na-ptnie-woskim","36":"pa_size-finishing-135x45-premium-print","37":"pa_size-finishing-135x45-akustyczny","38":"pa_size-finishing-150x50-standard","39":"pa_size-finishing-150x50-na-ptnie-woskim","40":"pa_size-finishing-150x50-premium-print","41":"pa_size-finishing-150x50-akustyczny","42":"pa_size-finishing-150x50-w-ramie-drewnianej-naturalnej","43":"pa_size-finishing-150x50-w-ramie-drewnianej-czarnej","45":"first","46":"instock","47":"purchasable","48":"product-type-variable","49":"has-default-attributes"},"aioseo_notices":[],"_links":{"self":[{"href":"https:\/\/interiorposter.com\/pl\/wp-json\/wp\/v2\/product\/274723","targetHints":{"allow":["GET"]}}],"collection":[{"href":"https:\/\/interiorposter.com\/pl\/wp-json\/wp\/v2\/product"}],"about":[{"href":"https:\/\/interiorposter.com\/pl\/wp-json\/wp\/v2\/types\/product"}],"replies":[{"embeddable":true,"href":"https:\/\/interiorposter.com\/pl\/wp-json\/wp\/v2\/comments?post=274723"}],"wp:featuredmedia":[{"embeddable":true,"href":"https:\/\/interiorposter.com\/pl\/wp-json\/wp\/v2\/media\/274725"}],"wp:attachment":[{"href":"https:\/\/interiorposter.com\/pl\/wp-json\/wp\/v2\/media?parent=274723"}],"wp:term":[{"taxonomy":"product_brand","embeddable":true,"href":"https:\/\/interiorposter.com\/pl\/wp-json\/wp\/v2\/product_brand?post=274723"},{"taxonomy":"product_cat","embeddable":true,"href":"https:\/\/interiorposter.com\/pl\/wp-json\/wp\/v2\/product_cat?post=274723"},{"taxonomy":"product_tag","embeddable":true,"href":"https:\/\/interiorposter.com\/pl\/wp-json\/wp\/v2\/product_tag?post=274723"}],"curies":[{"name":"wp","href":"https:\/\/api.w.org\/{rel}","templated":true}]}}