{"id":273071,"date":"2026-03-16T22:19:27","date_gmt":"2026-03-16T21:19:27","guid":{"rendered":"https:\/\/interiorposter.com\/?post_type=product&#038;p=273071"},"modified":"2026-03-23T00:28:26","modified_gmt":"2026-03-22T23:28:26","slug":"obraz-na-plotnie-abstrakcyjna-laka-w-pastelowej-mgielce","status":"publish","type":"product","link":"https:\/\/interiorposter.com\/pl\/product\/obraz-na-plotnie-abstrakcyjna-laka-w-pastelowej-mgielce\/","title":{"rendered":"Obraz na p\u0142\u00f3tnie Abstrakcyjna \u0142\u0105ka w pastelowej mgie\u0142ce"},"content":{"rendered":"<p>Pe\u0142en lekko\u015bci obraz na p\u0142\u00f3tnie inspirowany nastrojowym pejza\u017cem zachwyca mi\u0119kk\u0105 form\u0105 i subteln\u0105 gr\u0105 kolor\u00f3w. Delikatne przej\u015bcia bieli, be\u017cu, pudrowego r\u00f3\u017cu, szaro\u015bci i z\u0142ocistych akcent\u00f3w tworz\u0105 pastelow\u0105 kompozycj\u0119, kt\u00f3ra wnosi do wn\u0119trza spok\u00f3j, elegancj\u0119 i artystyczn\u0105 \u015bwie\u017co\u015b\u0107. Motyw przypominaj\u0105cy zamglon\u0105 \u0142\u0105k\u0119 lub trawy nad wod\u0105 pi\u0119knie prezentuje si\u0119 w salonie, sypialni, biurze, hotelu czy przedpokoju, podkre\u015blaj\u0105c charakter nowoczesnych, minimalistycznych i malarskich aran\u017cacji. To idealny obraz na \u015bcian\u0119 dla os\u00f3b, kt\u00f3re szukaj\u0105 dekoracji z klimatem, subtelnie roz\u015bwietlaj\u0105cej przestrze\u0144 i dodaj\u0105cej jej wyj\u0105tkowej mi\u0119kko\u015bci.<\/p>\n","protected":false},"excerpt":{"rendered":"<p>Pastelowy obraz na p\u0142\u00f3tnie inspirowany zamglon\u0105 \u0142\u0105k\u0105 w odcieniach be\u017cu, r\u00f3\u017cu, szaro\u015bci i z\u0142ota wniesie do wn\u0119trza spok\u00f3j, lekko\u015b\u0107 i elegancj\u0119.<\/p>\n","protected":false},"featured_media":273073,"comment_status":"closed","ping_status":"closed","template":"","meta":[],"product_brand":[],"product_cat":[97,88,76,137,299,104,107,73,125,85,70],"product_tag":[276,696,279,701],"class_list":{"0":"post-273071","1":"product","2":"type-product","3":"status-publish","4":"has-post-thumbnail","6":"product_cat-abstrakcja","7":"product_cat-biuro","8":"product_cat-hotel-pl","9":"product_cat-krajobrazy","10":"product_cat-malarskie","11":"product_cat-minimalistyczne","12":"product_cat-nowoczesne","13":"product_cat-przedpokoj","14":"product_cat-rosliny-i-kwiaty","15":"product_cat-salon","16":"product_cat-sypialnia","17":"product_tag-jasne","18":"product_tag-nowoczesne-obrazy","19":"product_tag-pastelowe","20":"product_tag-poziomy","21":"pa_size-finishing-30x20-standard","22":"pa_size-finishing-30x20-na-ptnie-woskim","23":"pa_size-finishing-30x20-premium-print","24":"pa_size-finishing-30x20-akustyczny","25":"pa_size-finishing-60x40-standard","26":"pa_size-finishing-60x40-na-ptnie-woskim","27":"pa_size-finishing-60x40-premium-print","28":"pa_size-finishing-60x40-akustyczny","29":"pa_size-finishing-60x40-w-ramie-drewnianej-naturalnej","30":"pa_size-finishing-60x40-w-ramie-drewnianej-czarnej","31":"pa_size-finishing-90x60-standard","32":"pa_size-finishing-90x60-na-ptnie-woskim","33":"pa_size-finishing-90x60-premium-print","34":"pa_size-finishing-90x60-akustyczny","35":"pa_size-finishing-90x60-w-ramie-drewnianej-naturalnej","36":"pa_size-finishing-90x60-w-ramie-drewnianej-czarnej","37":"pa_size-finishing-120x80-standard","38":"pa_size-finishing-120x80-na-ptnie-woskim","39":"pa_size-finishing-120x80-premium-print","40":"pa_size-finishing-120x80-akustyczny","41":"pa_size-finishing-120x80-w-ramie-drewnianej-naturalnej","42":"pa_size-finishing-120x80-w-ramie-drewnianej-czarnej","44":"first","45":"instock","46":"purchasable","47":"product-type-variable","48":"has-default-attributes"},"aioseo_notices":[],"_links":{"self":[{"href":"https:\/\/interiorposter.com\/pl\/wp-json\/wp\/v2\/product\/273071","targetHints":{"allow":["GET"]}}],"collection":[{"href":"https:\/\/interiorposter.com\/pl\/wp-json\/wp\/v2\/product"}],"about":[{"href":"https:\/\/interiorposter.com\/pl\/wp-json\/wp\/v2\/types\/product"}],"replies":[{"embeddable":true,"href":"https:\/\/interiorposter.com\/pl\/wp-json\/wp\/v2\/comments?post=273071"}],"wp:featuredmedia":[{"embeddable":true,"href":"https:\/\/interiorposter.com\/pl\/wp-json\/wp\/v2\/media\/273073"}],"wp:attachment":[{"href":"https:\/\/interiorposter.com\/pl\/wp-json\/wp\/v2\/media?parent=273071"}],"wp:term":[{"taxonomy":"product_brand","embeddable":true,"href":"https:\/\/interiorposter.com\/pl\/wp-json\/wp\/v2\/product_brand?post=273071"},{"taxonomy":"product_cat","embeddable":true,"href":"https:\/\/interiorposter.com\/pl\/wp-json\/wp\/v2\/product_cat?post=273071"},{"taxonomy":"product_tag","embeddable":true,"href":"https:\/\/interiorposter.com\/pl\/wp-json\/wp\/v2\/product_tag?post=273071"}],"curies":[{"name":"wp","href":"https:\/\/api.w.org\/{rel}","templated":true}]}}