{"id":272255,"date":"2026-03-16T21:25:39","date_gmt":"2026-03-16T20:25:39","guid":{"rendered":"https:\/\/interiorposter.com\/?post_type=product&#038;p=272255"},"modified":"2026-03-23T00:20:24","modified_gmt":"2026-03-22T23:20:24","slug":"obraz-na-plotnie-abstrakcyjny-pejzaz-w-blekicie-i-bezu","status":"publish","type":"product","link":"https:\/\/interiorposter.com\/pl\/product\/obraz-na-plotnie-abstrakcyjny-pejzaz-w-blekicie-i-bezu\/","title":{"rendered":"Obraz na p\u0142\u00f3tnie Abstrakcyjny pejza\u017c w b\u0142\u0119kicie i be\u017cu"},"content":{"rendered":"<p>Stylowy obraz na p\u0142\u00f3tnie inspirowany pejza\u017cem zachwyca malarsk\u0105 lekko\u015bci\u0105 i spokojn\u0105, eleganck\u0105 kolorystyk\u0105. Po\u0142\u0105czenie g\u0142\u0119bokiego b\u0142\u0119kitu, turkusu, be\u017cu i rozbielonych ton\u00f3w tworzy harmonijn\u0105 kompozycj\u0119, kt\u00f3ra wnosi do wn\u0119trza \u015bwie\u017co\u015b\u0107, wyciszenie i nowoczesny charakter. Ten obraz na \u015bcian\u0119 doskonale sprawdzi si\u0119 w salonie, sypialni, biurze, hotelu lub przedpokoju, pi\u0119knie dope\u0142niaj\u0105c minimalistyczne, nowoczesne i artystyczne aran\u017cacje. To idealny wyb\u00f3r dla os\u00f3b, kt\u00f3re szukaj\u0105 dekoracji z subteln\u0105 energi\u0105, dodaj\u0105cej przestrzeni g\u0142\u0119bi, lekko\u015bci i przyjemnej atmosfery.<\/p>\n","protected":false},"excerpt":{"rendered":"<p>Elegancki obraz na p\u0142\u00f3tnie w odcieniach b\u0142\u0119kitu, turkusu i be\u017cu wprowadzi do wn\u0119trza spok\u00f3j, \u015bwie\u017co\u015b\u0107 i nowoczesny styl.<\/p>\n","protected":false},"featured_media":272257,"comment_status":"closed","ping_status":"closed","template":"","meta":[],"product_brand":[],"product_cat":[97,88,76,137,299,104,143,107,73,85,70],"product_tag":[696,701,188],"class_list":{"0":"post-272255","1":"product","2":"type-product","3":"status-publish","4":"has-post-thumbnail","6":"product_cat-abstrakcja","7":"product_cat-biuro","8":"product_cat-hotel-pl","9":"product_cat-krajobrazy","10":"product_cat-malarskie","11":"product_cat-minimalistyczne","12":"product_cat-morze-i-wybrzeze","13":"product_cat-nowoczesne","14":"product_cat-przedpokoj","15":"product_cat-salon","16":"product_cat-sypialnia","17":"product_tag-nowoczesne-obrazy","18":"product_tag-poziomy","19":"product_tag-wielokolorowy","20":"pa_size-finishing-60x40-w-ramie-drewnianej-naturalnej","21":"pa_size-finishing-60x40-w-ramie-drewnianej-czarnej","22":"pa_size-finishing-90x60-standard","23":"pa_size-finishing-90x60-na-ptnie-woskim","24":"pa_size-finishing-90x60-premium-print","25":"pa_size-finishing-90x60-akustyczny","26":"pa_size-finishing-90x60-w-ramie-drewnianej-naturalnej","27":"pa_size-finishing-90x60-w-ramie-drewnianej-czarnej","28":"pa_size-finishing-120x80-standard","29":"pa_size-finishing-120x80-na-ptnie-woskim","30":"pa_size-finishing-120x80-premium-print","31":"pa_size-finishing-120x80-akustyczny","32":"pa_size-finishing-120x80-w-ramie-drewnianej-naturalnej","33":"pa_size-finishing-120x80-w-ramie-drewnianej-czarnej","35":"first","36":"instock","37":"purchasable","38":"product-type-variable","39":"has-default-attributes"},"aioseo_notices":[],"_links":{"self":[{"href":"https:\/\/interiorposter.com\/pl\/wp-json\/wp\/v2\/product\/272255","targetHints":{"allow":["GET"]}}],"collection":[{"href":"https:\/\/interiorposter.com\/pl\/wp-json\/wp\/v2\/product"}],"about":[{"href":"https:\/\/interiorposter.com\/pl\/wp-json\/wp\/v2\/types\/product"}],"replies":[{"embeddable":true,"href":"https:\/\/interiorposter.com\/pl\/wp-json\/wp\/v2\/comments?post=272255"}],"wp:featuredmedia":[{"embeddable":true,"href":"https:\/\/interiorposter.com\/pl\/wp-json\/wp\/v2\/media\/272257"}],"wp:attachment":[{"href":"https:\/\/interiorposter.com\/pl\/wp-json\/wp\/v2\/media?parent=272255"}],"wp:term":[{"taxonomy":"product_brand","embeddable":true,"href":"https:\/\/interiorposter.com\/pl\/wp-json\/wp\/v2\/product_brand?post=272255"},{"taxonomy":"product_cat","embeddable":true,"href":"https:\/\/interiorposter.com\/pl\/wp-json\/wp\/v2\/product_cat?post=272255"},{"taxonomy":"product_tag","embeddable":true,"href":"https:\/\/interiorposter.com\/pl\/wp-json\/wp\/v2\/product_tag?post=272255"}],"curies":[{"name":"wp","href":"https:\/\/api.w.org\/{rel}","templated":true}]}}