{"id":271348,"date":"2026-03-16T10:15:27","date_gmt":"2026-03-16T09:15:27","guid":{"rendered":"https:\/\/interiorposter.com\/?post_type=product&#038;p=271348"},"modified":"2026-03-23T00:02:28","modified_gmt":"2026-03-22T23:02:28","slug":"obraz-na-plotnie-szkic-pegaza-w-artystycznym-stylu","status":"publish","type":"product","link":"https:\/\/interiorposter.com\/pl\/product\/obraz-na-plotnie-szkic-pegaza-w-artystycznym-stylu\/","title":{"rendered":"Obraz na p\u0142\u00f3tnie Szkic pegaza w artystycznym stylu"},"content":{"rendered":"<p>Wyj\u0105tkowy obraz na p\u0142\u00f3tnie z motywem pegaza zachwyca artystyczn\u0105 lekko\u015bci\u0105 i dekoracyjn\u0105 form\u0105 inspirowan\u0105 szkicem oraz ilustracj\u0105. Po\u0142\u0105czenie subtelnych be\u017cy, przygaszonych r\u00f3\u017c\u00f3w, br\u0105z\u00f3w i delikatnych przetar\u0107 tworzy kompozycj\u0119 pe\u0142n\u0105 wyobra\u017ani, elegancji i tw\u00f3rczego charakteru. Ten obraz na \u015bcian\u0119 doskonale odnajdzie si\u0119 w salonie, sypialni, biurze, hotelu lub przedpokoju, dodaj\u0105c wn\u0119trzu oryginalno\u015bci i niepowtarzalnego klimatu. To idealny wyb\u00f3r dla os\u00f3b, kt\u00f3re szukaj\u0105 dekoracji z dusz\u0105, \u0142\u0105cz\u0105cej motyw konia, sztuk\u0119 koncepcyjn\u0105 i nowoczesny styl w efektownej, przyci\u0105gaj\u0105cej wzrok ods\u0142onie.<\/p>\n","protected":false},"excerpt":{"rendered":"<p>Artystyczny obraz na p\u0142\u00f3tnie z pegazem w szkicowej formie i stonowanej kolorystyce be\u017cu, r\u00f3\u017cu oraz br\u0105zu doda wn\u0119trzu oryginalnego charakteru i elegancji.<\/p>\n","protected":false},"featured_media":271350,"comment_status":"closed","ping_status":"closed","template":"","meta":[],"product_brand":[],"product_cat":[97,88,101,76,299,107,73,85,70,209,256],"product_tag":[696,279,701,188],"class_list":{"0":"post-271348","1":"product","2":"type-product","3":"status-publish","4":"has-post-thumbnail","6":"product_cat-abstrakcja","7":"product_cat-biuro","8":"product_cat-glamour-pl","9":"product_cat-hotel-pl","10":"product_cat-malarskie","11":"product_cat-nowoczesne","12":"product_cat-przedpokoj","13":"product_cat-salon","14":"product_cat-sypialnia","15":"product_cat-sztuka-koncepcyjna","16":"product_cat-zwierzeta-i-natura","17":"product_tag-nowoczesne-obrazy","18":"product_tag-pastelowe","19":"product_tag-poziomy","20":"product_tag-wielokolorowy","21":"pa_size-finishing-30x20-standard","22":"pa_size-finishing-30x20-na-ptnie-woskim","23":"pa_size-finishing-30x20-premium-print","24":"pa_size-finishing-30x20-akustyczny","25":"pa_size-finishing-60x40-standard","26":"pa_size-finishing-60x40-na-ptnie-woskim","27":"pa_size-finishing-60x40-premium-print","28":"pa_size-finishing-60x40-akustyczny","29":"pa_size-finishing-60x40-w-ramie-drewnianej-naturalnej","30":"pa_size-finishing-60x40-w-ramie-drewnianej-czarnej","31":"pa_size-finishing-90x60-standard","32":"pa_size-finishing-90x60-na-ptnie-woskim","33":"pa_size-finishing-90x60-premium-print","34":"pa_size-finishing-90x60-akustyczny","35":"pa_size-finishing-90x60-w-ramie-drewnianej-naturalnej","36":"pa_size-finishing-90x60-w-ramie-drewnianej-czarnej","37":"pa_size-finishing-120x80-standard","38":"pa_size-finishing-120x80-na-ptnie-woskim","39":"pa_size-finishing-120x80-premium-print","40":"pa_size-finishing-120x80-akustyczny","41":"pa_size-finishing-120x80-w-ramie-drewnianej-naturalnej","42":"pa_size-finishing-120x80-w-ramie-drewnianej-czarnej","44":"first","45":"instock","46":"purchasable","47":"product-type-variable","48":"has-default-attributes"},"aioseo_notices":[],"_links":{"self":[{"href":"https:\/\/interiorposter.com\/pl\/wp-json\/wp\/v2\/product\/271348","targetHints":{"allow":["GET"]}}],"collection":[{"href":"https:\/\/interiorposter.com\/pl\/wp-json\/wp\/v2\/product"}],"about":[{"href":"https:\/\/interiorposter.com\/pl\/wp-json\/wp\/v2\/types\/product"}],"replies":[{"embeddable":true,"href":"https:\/\/interiorposter.com\/pl\/wp-json\/wp\/v2\/comments?post=271348"}],"wp:featuredmedia":[{"embeddable":true,"href":"https:\/\/interiorposter.com\/pl\/wp-json\/wp\/v2\/media\/271350"}],"wp:attachment":[{"href":"https:\/\/interiorposter.com\/pl\/wp-json\/wp\/v2\/media?parent=271348"}],"wp:term":[{"taxonomy":"product_brand","embeddable":true,"href":"https:\/\/interiorposter.com\/pl\/wp-json\/wp\/v2\/product_brand?post=271348"},{"taxonomy":"product_cat","embeddable":true,"href":"https:\/\/interiorposter.com\/pl\/wp-json\/wp\/v2\/product_cat?post=271348"},{"taxonomy":"product_tag","embeddable":true,"href":"https:\/\/interiorposter.com\/pl\/wp-json\/wp\/v2\/product_tag?post=271348"}],"curies":[{"name":"wp","href":"https:\/\/api.w.org\/{rel}","templated":true}]}}