{"id":271145,"date":"2026-03-16T10:10:26","date_gmt":"2026-03-16T09:10:26","guid":{"rendered":"https:\/\/interiorposter.com\/?post_type=product&#038;p=271145"},"modified":"2026-05-09T21:56:20","modified_gmt":"2026-05-09T19:56:20","slug":"obraz-na-plotnie-drzewa-w-mglistej-abstrakcji","status":"publish","type":"product","link":"https:\/\/interiorposter.com\/pl\/product\/obraz-na-plotnie-drzewa-w-mglistej-abstrakcji\/","title":{"rendered":"Obraz na p\u0142\u00f3tnie Drzewa w mglistej abstrakcji"},"content":{"rendered":"<p>Nastrojowy obraz na p\u0142\u00f3tnie z motywem drzew uj\u0119tych w abstrakcyjnej, rozmytej formie tworzy we wn\u0119trzu atmosfer\u0119 spokoju, ciszy i eleganckiej g\u0142\u0119bi. Stonowana kolorystyka oparta na szaro\u015bciach, bieli i przydymionej czerni sprawia, \u017ce kompozycja prezentuje si\u0119 nowocze\u015bnie, a jednocze\u015bnie ponadczasowo. Ten obraz na \u015bcian\u0119 doskonale pasuje do salonu, sypialni, biura, hotelu lub przedpokoju, subtelnie podkre\u015blaj\u0105c charakter minimalistycznych i nowoczesnych aran\u017cacji. To idealna propozycja dla os\u00f3b, kt\u00f3re szukaj\u0105 dekoracji z klimatem, wprowadzaj\u0105cej do przestrzeni harmoni\u0119 i artystyczn\u0105 lekko\u015b\u0107.<\/p>\n","protected":false},"excerpt":{"rendered":"<p>Subtelny obraz na p\u0142\u00f3tnie z drzewami w mglistej, abstrakcyjnej ods\u0142onie wnosi do wn\u0119trza spok\u00f3j, elegancj\u0119 i nowoczesny klimat.<\/p>\n","protected":false},"featured_media":271147,"comment_status":"closed","ping_status":"closed","template":"","meta":[],"product_brand":[],"product_cat":[97,88,76,137,299,104,107,73,85,70],"product_tag":[1302,276,696,701,182],"class_list":{"0":"post-271145","1":"product","2":"type-product","3":"status-publish","4":"has-post-thumbnail","6":"product_cat-abstrakcja","7":"product_cat-biuro","8":"product_cat-hotel-pl","9":"product_cat-krajobrazy","10":"product_cat-malarskie","11":"product_cat-minimalistyczne","12":"product_cat-nowoczesne","13":"product_cat-przedpokoj","14":"product_cat-salon","15":"product_cat-sypialnia","16":"product_tag-drzewo","17":"product_tag-jasne","18":"product_tag-nowoczesne-obrazy","19":"product_tag-poziomy","20":"product_tag-szary","21":"pa_size-finishing-30x20-standard","22":"pa_size-finishing-30x20-na-ptnie-woskim","23":"pa_size-finishing-30x20-premium-print","24":"pa_size-finishing-30x20-akustyczny","25":"pa_size-finishing-60x40-standard","26":"pa_size-finishing-60x40-na-ptnie-woskim","27":"pa_size-finishing-60x40-premium-print","28":"pa_size-finishing-60x40-akustyczny","29":"pa_size-finishing-60x40-w-ramie-drewnianej-naturalnej","30":"pa_size-finishing-60x40-w-ramie-drewnianej-czarnej","31":"pa_size-finishing-90x60-standard","32":"pa_size-finishing-90x60-na-ptnie-woskim","33":"pa_size-finishing-90x60-premium-print","34":"pa_size-finishing-90x60-akustyczny","35":"pa_size-finishing-90x60-w-ramie-drewnianej-naturalnej","36":"pa_size-finishing-90x60-w-ramie-drewnianej-czarnej","37":"pa_size-finishing-120x80-standard","38":"pa_size-finishing-120x80-na-ptnie-woskim","39":"pa_size-finishing-120x80-premium-print","40":"pa_size-finishing-120x80-akustyczny","41":"pa_size-finishing-120x80-w-ramie-drewnianej-naturalnej","42":"pa_size-finishing-120x80-w-ramie-drewnianej-czarnej","44":"first","45":"instock","46":"purchasable","47":"product-type-variable","48":"has-default-attributes"},"aioseo_notices":[],"_links":{"self":[{"href":"https:\/\/interiorposter.com\/pl\/wp-json\/wp\/v2\/product\/271145","targetHints":{"allow":["GET"]}}],"collection":[{"href":"https:\/\/interiorposter.com\/pl\/wp-json\/wp\/v2\/product"}],"about":[{"href":"https:\/\/interiorposter.com\/pl\/wp-json\/wp\/v2\/types\/product"}],"replies":[{"embeddable":true,"href":"https:\/\/interiorposter.com\/pl\/wp-json\/wp\/v2\/comments?post=271145"}],"wp:featuredmedia":[{"embeddable":true,"href":"https:\/\/interiorposter.com\/pl\/wp-json\/wp\/v2\/media\/271147"}],"wp:attachment":[{"href":"https:\/\/interiorposter.com\/pl\/wp-json\/wp\/v2\/media?parent=271145"}],"wp:term":[{"taxonomy":"product_brand","embeddable":true,"href":"https:\/\/interiorposter.com\/pl\/wp-json\/wp\/v2\/product_brand?post=271145"},{"taxonomy":"product_cat","embeddable":true,"href":"https:\/\/interiorposter.com\/pl\/wp-json\/wp\/v2\/product_cat?post=271145"},{"taxonomy":"product_tag","embeddable":true,"href":"https:\/\/interiorposter.com\/pl\/wp-json\/wp\/v2\/product_tag?post=271145"}],"curies":[{"name":"wp","href":"https:\/\/api.w.org\/{rel}","templated":true}]}}