{"id":270301,"date":"2026-03-16T09:50:35","date_gmt":"2026-03-16T08:50:35","guid":{"rendered":"https:\/\/interiorposter.com\/?post_type=product&#038;p=270301"},"modified":"2026-03-22T23:53:39","modified_gmt":"2026-03-22T22:53:39","slug":"obraz-na-plotnie-zlote-pioro-na-czarnym-tle","status":"publish","type":"product","link":"https:\/\/interiorposter.com\/pl\/product\/obraz-na-plotnie-zlote-pioro-na-czarnym-tle\/","title":{"rendered":"Obraz na p\u0142\u00f3tnie Z\u0142ote pi\u00f3ro na czarnym tle"},"content":{"rendered":"<p>Elegancki obraz na p\u0142\u00f3tnie z motywem z\u0142otego pi\u00f3ra zachwyca wyrazist\u0105 form\u0105 i luksusow\u0105 kolorystyk\u0105. Kontrast g\u0142\u0119bokiej czerni z po\u0142yskuj\u0105cymi odcieniami z\u0142ota tworzy efektown\u0105 kompozycj\u0119, kt\u00f3ra od razu przyci\u0105ga wzrok i nadaje wn\u0119trzu presti\u017cowego charakteru. Ten obraz na \u015bcian\u0119 doskonale odnajdzie si\u0119 w salonie, sypialni, biurze, hotelu lub przedpokoju, pi\u0119knie podkre\u015blaj\u0105c nowoczesne, glamour i minimalistyczne aran\u017cacje. To idealny wyb\u00f3r dla os\u00f3b, kt\u00f3re szukaj\u0105 dekoracji pe\u0142nej elegancji, mocnego akcentu wizualnego i ponadczasowego stylu.<\/p>\n","protected":false},"excerpt":{"rendered":"<p>Stylowy obraz na p\u0142\u00f3tnie ze z\u0142otym pi\u00f3rem na czarnym tle doda wn\u0119trzu elegancji, g\u0142\u0119bi i luksusowego charakteru.<\/p>\n","protected":false},"featured_media":270303,"comment_status":"closed","ping_status":"closed","template":"","meta":[],"product_brand":[],"product_cat":[97,88,212,101,76,134,140,299,104,107,73,85,70,209],"product_tag":[273,696,706],"class_list":{"0":"post-270301","1":"product","2":"type-product","3":"status-publish","4":"has-post-thumbnail","6":"product_cat-abstrakcja","7":"product_cat-biuro","8":"product_cat-geometryczne","9":"product_cat-glamour-pl","10":"product_cat-hotel-pl","11":"product_cat-industrialne","12":"product_cat-makro-pl","13":"product_cat-malarskie","14":"product_cat-minimalistyczne","15":"product_cat-nowoczesne","16":"product_cat-przedpokoj","17":"product_cat-salon","18":"product_cat-sypialnia","19":"product_cat-sztuka-koncepcyjna","20":"product_tag-dark-pl","21":"product_tag-nowoczesne-obrazy","22":"product_tag-pionowy","23":"pa_size-finishing-20x30-standard","24":"pa_size-finishing-20x30-na-ptnie-woskim","25":"pa_size-finishing-20x30-premium-print","26":"pa_size-finishing-20x30-akustyczny","27":"pa_size-finishing-40x60-standard","28":"pa_size-finishing-40x60-na-ptnie-woskim","29":"pa_size-finishing-40x60-premium-print","30":"pa_size-finishing-40x60-akustyczny","31":"pa_size-finishing-40x60-w-ramie-drewnianej-naturalnej","32":"pa_size-finishing-40x60-w-ramie-drewnianej-czarnej","33":"pa_size-finishing-60x90-standard","34":"pa_size-finishing-60x90-na-ptnie-woskim","35":"pa_size-finishing-60x90-premium-print","36":"pa_size-finishing-60x90-akustyczny","37":"pa_size-finishing-60x90-w-ramie-drewnianej-naturalnej","38":"pa_size-finishing-60x90-w-ramie-drewnianej-czarnej","39":"pa_size-finishing-80x120-standard","40":"pa_size-finishing-80x120-na-ptnie-woskim","41":"pa_size-finishing-80x120-premium-print","42":"pa_size-finishing-80x120-akustyczny","43":"pa_size-finishing-80x120-w-ramie-drewnianej-naturalnej","44":"pa_size-finishing-80x120-w-ramie-drewnianej-czarnej","46":"first","47":"instock","48":"purchasable","49":"product-type-variable","50":"has-default-attributes"},"aioseo_notices":[],"_links":{"self":[{"href":"https:\/\/interiorposter.com\/pl\/wp-json\/wp\/v2\/product\/270301","targetHints":{"allow":["GET"]}}],"collection":[{"href":"https:\/\/interiorposter.com\/pl\/wp-json\/wp\/v2\/product"}],"about":[{"href":"https:\/\/interiorposter.com\/pl\/wp-json\/wp\/v2\/types\/product"}],"replies":[{"embeddable":true,"href":"https:\/\/interiorposter.com\/pl\/wp-json\/wp\/v2\/comments?post=270301"}],"wp:featuredmedia":[{"embeddable":true,"href":"https:\/\/interiorposter.com\/pl\/wp-json\/wp\/v2\/media\/270303"}],"wp:attachment":[{"href":"https:\/\/interiorposter.com\/pl\/wp-json\/wp\/v2\/media?parent=270301"}],"wp:term":[{"taxonomy":"product_brand","embeddable":true,"href":"https:\/\/interiorposter.com\/pl\/wp-json\/wp\/v2\/product_brand?post=270301"},{"taxonomy":"product_cat","embeddable":true,"href":"https:\/\/interiorposter.com\/pl\/wp-json\/wp\/v2\/product_cat?post=270301"},{"taxonomy":"product_tag","embeddable":true,"href":"https:\/\/interiorposter.com\/pl\/wp-json\/wp\/v2\/product_tag?post=270301"}],"curies":[{"name":"wp","href":"https:\/\/api.w.org\/{rel}","templated":true}]}}