{"id":267908,"date":"2026-03-16T08:48:06","date_gmt":"2026-03-16T07:48:06","guid":{"rendered":"https:\/\/interiorposter.com\/?post_type=product&#038;p=267908"},"modified":"2026-03-19T01:46:51","modified_gmt":"2026-03-19T00:46:51","slug":"obraz-na-plotnie-zen-kamienie-w-bezach-i-czerni","status":"publish","type":"product","link":"https:\/\/interiorposter.com\/pl\/product\/obraz-na-plotnie-zen-kamienie-w-bezach-i-czerni\/","title":{"rendered":"Obraz na p\u0142\u00f3tnie Zen kamienie w be\u017cach i czerni"},"content":{"rendered":"<p>Minimalistyczna kompozycja inspirowana u\u0142o\u017conymi kamieniami wprowadza do wn\u0119trza spok\u00f3j, r\u00f3wnowag\u0119 i nowoczesn\u0105 elegancj\u0119. Ten obraz na p\u0142\u00f3tnie doskonale podkre\u015bli charakter salonu, sypialni, biura, przedpokoju, hotelu lub stylowej restauracji. Jasne t\u0142o oraz stonowana paleta be\u017cu, szaro\u015bci, bieli i g\u0142\u0119bokiej czerni sprawiaj\u0105, \u017ce dekoracja prezentuje si\u0119 lekko, a jednocze\u015bnie wyrazi\u015bcie. To \u015bwietny wyb\u00f3r dla mi\u0142o\u015bnik\u00f3w harmonijnych wn\u0119trz, kt\u00f3rzy szukaj\u0105 modnego obrazu na \u015bcian\u0119 o spokojnym, naturalnym i ponadczasowym charakterze.<\/p>\n","protected":false},"excerpt":{"rendered":"","protected":false},"featured_media":267910,"comment_status":"closed","ping_status":"closed","template":"","meta":[],"product_brand":[],"product_cat":[97,88,212,76,291,104,107,73,91,85,113,70],"product_tag":[276,696,706,188],"class_list":{"0":"post-267908","1":"product","2":"type-product","3":"status-publish","4":"has-post-thumbnail","6":"product_cat-abstrakcja","7":"product_cat-biuro","8":"product_cat-geometryczne","9":"product_cat-hotel-pl","10":"product_cat-ilustracje","11":"product_cat-minimalistyczne","12":"product_cat-nowoczesne","13":"product_cat-przedpokoj","14":"product_cat-restauracja","15":"product_cat-salon","16":"product_cat-skandynawskie","17":"product_cat-sypialnia","18":"product_tag-jasne","19":"product_tag-nowoczesne-obrazy","20":"product_tag-pionowy","21":"product_tag-wielokolorowy","22":"pa_size-finishing-20x30-standard","23":"pa_size-finishing-20x30-na-ptnie-woskim","24":"pa_size-finishing-20x30-premium-print","25":"pa_size-finishing-20x30-akustyczny","26":"pa_size-finishing-40x60-standard","27":"pa_size-finishing-40x60-na-ptnie-woskim","28":"pa_size-finishing-40x60-premium-print","29":"pa_size-finishing-40x60-akustyczny","30":"pa_size-finishing-40x60-w-ramie-drewnianej-naturalnej","31":"pa_size-finishing-40x60-w-ramie-drewnianej-czarnej","32":"pa_size-finishing-60x90-standard","33":"pa_size-finishing-60x90-na-ptnie-woskim","34":"pa_size-finishing-60x90-premium-print","35":"pa_size-finishing-60x90-akustyczny","36":"pa_size-finishing-60x90-w-ramie-drewnianej-naturalnej","37":"pa_size-finishing-60x90-w-ramie-drewnianej-czarnej","38":"pa_size-finishing-80x120-standard","39":"pa_size-finishing-80x120-na-ptnie-woskim","40":"pa_size-finishing-80x120-premium-print","41":"pa_size-finishing-80x120-akustyczny","42":"pa_size-finishing-80x120-w-ramie-drewnianej-naturalnej","43":"pa_size-finishing-80x120-w-ramie-drewnianej-czarnej","45":"first","46":"instock","47":"purchasable","48":"product-type-variable","49":"has-default-attributes"},"aioseo_notices":[],"_links":{"self":[{"href":"https:\/\/interiorposter.com\/pl\/wp-json\/wp\/v2\/product\/267908","targetHints":{"allow":["GET"]}}],"collection":[{"href":"https:\/\/interiorposter.com\/pl\/wp-json\/wp\/v2\/product"}],"about":[{"href":"https:\/\/interiorposter.com\/pl\/wp-json\/wp\/v2\/types\/product"}],"replies":[{"embeddable":true,"href":"https:\/\/interiorposter.com\/pl\/wp-json\/wp\/v2\/comments?post=267908"}],"wp:featuredmedia":[{"embeddable":true,"href":"https:\/\/interiorposter.com\/pl\/wp-json\/wp\/v2\/media\/267910"}],"wp:attachment":[{"href":"https:\/\/interiorposter.com\/pl\/wp-json\/wp\/v2\/media?parent=267908"}],"wp:term":[{"taxonomy":"product_brand","embeddable":true,"href":"https:\/\/interiorposter.com\/pl\/wp-json\/wp\/v2\/product_brand?post=267908"},{"taxonomy":"product_cat","embeddable":true,"href":"https:\/\/interiorposter.com\/pl\/wp-json\/wp\/v2\/product_cat?post=267908"},{"taxonomy":"product_tag","embeddable":true,"href":"https:\/\/interiorposter.com\/pl\/wp-json\/wp\/v2\/product_tag?post=267908"}],"curies":[{"name":"wp","href":"https:\/\/api.w.org\/{rel}","templated":true}]}}