{"id":267287,"date":"2026-03-16T00:36:02","date_gmt":"2026-03-15T23:36:02","guid":{"rendered":"https:\/\/interiorposter.com\/?post_type=product&#038;p=267287"},"modified":"2026-05-09T21:56:01","modified_gmt":"2026-05-09T19:56:01","slug":"obraz-na-plotnie-drzewa-we-mgle-w-szarej-tonacji","status":"publish","type":"product","link":"https:\/\/interiorposter.com\/pl\/product\/obraz-na-plotnie-drzewa-we-mgle-w-szarej-tonacji\/","title":{"rendered":"Obraz na p\u0142\u00f3tnie Drzewa we mgle w szarej tonacji"},"content":{"rendered":"<p>Nastrojowy obraz na p\u0142\u00f3tnie z motywem smuk\u0142ych drzew zanurzonych we mgle wprowadza do wn\u0119trza spok\u00f3j, g\u0142\u0119bi\u0119 i eleganck\u0105 tajemniczo\u015b\u0107. Stonowana kompozycja w odcieniach szaro\u015bci, be\u017cu i przydymionej czerni doskonale podkre\u015bla charakter nowoczesnych, minimalistycznych oraz industrialnych aran\u017cacji. Ten obraz na \u015bcian\u0119 \u015bwietnie sprawdzi si\u0119 w salonie, sypialni, biurze, hotelu lub przedpokoju, tworz\u0105c atmosfer\u0119 wyciszenia i harmonii. To idealny wyb\u00f3r dla os\u00f3b, kt\u00f3re szukaj\u0105 dekoracji z klimatem, subtelnie przyci\u0105gaj\u0105cej wzrok i dodaj\u0105cej przestrzeni wyj\u0105tkowej g\u0142\u0119bi.<\/p>\n","protected":false},"excerpt":{"rendered":"<p>Nastrojowy obraz na p\u0142\u00f3tnie z drzewami we mgle w szaro be\u017cowej tonacji wniesie do wn\u0119trza spok\u00f3j, elegancj\u0119 i wyj\u0105tkowy klimat.<\/p>\n","protected":false},"featured_media":267289,"comment_status":"closed","ping_status":"closed","template":"","meta":[],"product_brand":[],"product_cat":[88,110,76,134,137,104,107,73,85,70],"product_tag":[1302,696,701,182],"class_list":{"0":"post-267287","1":"product","2":"type-product","3":"status-publish","4":"has-post-thumbnail","6":"product_cat-biuro","7":"product_cat-fotografia","8":"product_cat-hotel-pl","9":"product_cat-industrialne","10":"product_cat-krajobrazy","11":"product_cat-minimalistyczne","12":"product_cat-nowoczesne","13":"product_cat-przedpokoj","14":"product_cat-salon","15":"product_cat-sypialnia","16":"product_tag-drzewo","17":"product_tag-nowoczesne-obrazy","18":"product_tag-poziomy","19":"product_tag-szary","20":"pa_size-finishing-30x20-standard","21":"pa_size-finishing-30x20-na-ptnie-woskim","22":"pa_size-finishing-30x20-premium-print","23":"pa_size-finishing-30x20-akustyczny","24":"pa_size-finishing-60x40-standard","25":"pa_size-finishing-60x40-na-ptnie-woskim","26":"pa_size-finishing-60x40-premium-print","27":"pa_size-finishing-60x40-akustyczny","28":"pa_size-finishing-60x40-w-ramie-drewnianej-naturalnej","29":"pa_size-finishing-60x40-w-ramie-drewnianej-czarnej","30":"pa_size-finishing-90x60-standard","31":"pa_size-finishing-90x60-na-ptnie-woskim","32":"pa_size-finishing-90x60-premium-print","33":"pa_size-finishing-90x60-akustyczny","34":"pa_size-finishing-90x60-w-ramie-drewnianej-naturalnej","35":"pa_size-finishing-90x60-w-ramie-drewnianej-czarnej","36":"pa_size-finishing-120x80-standard","37":"pa_size-finishing-120x80-na-ptnie-woskim","38":"pa_size-finishing-120x80-premium-print","39":"pa_size-finishing-120x80-akustyczny","40":"pa_size-finishing-120x80-w-ramie-drewnianej-naturalnej","41":"pa_size-finishing-120x80-w-ramie-drewnianej-czarnej","43":"first","44":"instock","45":"purchasable","46":"product-type-variable","47":"has-default-attributes"},"aioseo_notices":[],"_links":{"self":[{"href":"https:\/\/interiorposter.com\/pl\/wp-json\/wp\/v2\/product\/267287","targetHints":{"allow":["GET"]}}],"collection":[{"href":"https:\/\/interiorposter.com\/pl\/wp-json\/wp\/v2\/product"}],"about":[{"href":"https:\/\/interiorposter.com\/pl\/wp-json\/wp\/v2\/types\/product"}],"replies":[{"embeddable":true,"href":"https:\/\/interiorposter.com\/pl\/wp-json\/wp\/v2\/comments?post=267287"}],"wp:featuredmedia":[{"embeddable":true,"href":"https:\/\/interiorposter.com\/pl\/wp-json\/wp\/v2\/media\/267289"}],"wp:attachment":[{"href":"https:\/\/interiorposter.com\/pl\/wp-json\/wp\/v2\/media?parent=267287"}],"wp:term":[{"taxonomy":"product_brand","embeddable":true,"href":"https:\/\/interiorposter.com\/pl\/wp-json\/wp\/v2\/product_brand?post=267287"},{"taxonomy":"product_cat","embeddable":true,"href":"https:\/\/interiorposter.com\/pl\/wp-json\/wp\/v2\/product_cat?post=267287"},{"taxonomy":"product_tag","embeddable":true,"href":"https:\/\/interiorposter.com\/pl\/wp-json\/wp\/v2\/product_tag?post=267287"}],"curies":[{"name":"wp","href":"https:\/\/api.w.org\/{rel}","templated":true}]}}