{"id":267084,"date":"2026-03-16T00:31:11","date_gmt":"2026-03-15T23:31:11","guid":{"rendered":"https:\/\/interiorposter.com\/?post_type=product&#038;p=267084"},"modified":"2026-03-22T23:42:25","modified_gmt":"2026-03-22T22:42:25","slug":"obraz-na-plotnie-pastelowy-kwiat-w-delikatnej-mgielce","status":"publish","type":"product","link":"https:\/\/interiorposter.com\/pl\/product\/obraz-na-plotnie-pastelowy-kwiat-w-delikatnej-mgielce\/","title":{"rendered":"Obraz na p\u0142\u00f3tnie Pastelowy kwiat w delikatnej mgie\u0142ce"},"content":{"rendered":"<p>Subtelny obraz na p\u0142\u00f3tnie z motywem kwiatu urzeka lekko\u015bci\u0105, spokojem i wyj\u0105tkowo mi\u0119kk\u0105 kolorystyk\u0105. Rozbielone odcienie r\u00f3\u017cu, fioletu, szaro\u015bci i bieli tworz\u0105 pastelow\u0105 kompozycj\u0119, kt\u00f3ra wnosi do wn\u0119trza harmoni\u0119, \u015bwie\u017co\u015b\u0107 i eleganck\u0105 lekko\u015b\u0107. Ten obraz na \u015bcian\u0119 doskonale sprawdzi si\u0119 w salonie, sypialni, przedpokoju, hotelu lub biurze, pi\u0119knie dope\u0142niaj\u0105c nowoczesne, minimalistyczne i kobiece aran\u017cacje. To idealny wyb\u00f3r dla os\u00f3b, kt\u00f3re szukaj\u0105 dekoracji pe\u0142nej subtelnego uroku, pomagaj\u0105cej stworzy\u0107 przytuln\u0105 atmosfer\u0119 i doda\u0107 przestrzeni delikatnego, artystycznego akcentu.<\/p>\n","protected":false},"excerpt":{"rendered":"<p>Pastelowy obraz na p\u0142\u00f3tnie z delikatnym motywem kwiatu w odcieniach r\u00f3\u017cu, szaro\u015bci i bieli wprowadzi do wn\u0119trza lekko\u015b\u0107, spok\u00f3j i elegancj\u0119.<\/p>\n","protected":false},"featured_media":267086,"comment_status":"closed","ping_status":"closed","template":"","meta":[],"product_brand":[],"product_cat":[88,76,291,299,104,107,73,125,85,70],"product_tag":[696,279,701],"class_list":{"0":"post-267084","1":"product","2":"type-product","3":"status-publish","4":"has-post-thumbnail","6":"product_cat-biuro","7":"product_cat-hotel-pl","8":"product_cat-ilustracje","9":"product_cat-malarskie","10":"product_cat-minimalistyczne","11":"product_cat-nowoczesne","12":"product_cat-przedpokoj","13":"product_cat-rosliny-i-kwiaty","14":"product_cat-salon","15":"product_cat-sypialnia","16":"product_tag-nowoczesne-obrazy","17":"product_tag-pastelowe","18":"product_tag-poziomy","19":"pa_size-finishing-30x20-standard","20":"pa_size-finishing-30x20-na-ptnie-woskim","21":"pa_size-finishing-30x20-premium-print","22":"pa_size-finishing-30x20-akustyczny","23":"pa_size-finishing-60x40-standard","24":"pa_size-finishing-60x40-na-ptnie-woskim","25":"pa_size-finishing-60x40-premium-print","26":"pa_size-finishing-60x40-akustyczny","27":"pa_size-finishing-60x40-w-ramie-drewnianej-naturalnej","28":"pa_size-finishing-60x40-w-ramie-drewnianej-czarnej","29":"pa_size-finishing-90x60-standard","30":"pa_size-finishing-90x60-na-ptnie-woskim","31":"pa_size-finishing-90x60-premium-print","32":"pa_size-finishing-90x60-akustyczny","33":"pa_size-finishing-90x60-w-ramie-drewnianej-naturalnej","34":"pa_size-finishing-90x60-w-ramie-drewnianej-czarnej","35":"pa_size-finishing-120x80-standard","36":"pa_size-finishing-120x80-na-ptnie-woskim","37":"pa_size-finishing-120x80-premium-print","38":"pa_size-finishing-120x80-akustyczny","39":"pa_size-finishing-120x80-w-ramie-drewnianej-naturalnej","40":"pa_size-finishing-120x80-w-ramie-drewnianej-czarnej","42":"first","43":"instock","44":"purchasable","45":"product-type-variable","46":"has-default-attributes"},"aioseo_notices":[],"_links":{"self":[{"href":"https:\/\/interiorposter.com\/pl\/wp-json\/wp\/v2\/product\/267084","targetHints":{"allow":["GET"]}}],"collection":[{"href":"https:\/\/interiorposter.com\/pl\/wp-json\/wp\/v2\/product"}],"about":[{"href":"https:\/\/interiorposter.com\/pl\/wp-json\/wp\/v2\/types\/product"}],"replies":[{"embeddable":true,"href":"https:\/\/interiorposter.com\/pl\/wp-json\/wp\/v2\/comments?post=267084"}],"wp:featuredmedia":[{"embeddable":true,"href":"https:\/\/interiorposter.com\/pl\/wp-json\/wp\/v2\/media\/267086"}],"wp:attachment":[{"href":"https:\/\/interiorposter.com\/pl\/wp-json\/wp\/v2\/media?parent=267084"}],"wp:term":[{"taxonomy":"product_brand","embeddable":true,"href":"https:\/\/interiorposter.com\/pl\/wp-json\/wp\/v2\/product_brand?post=267084"},{"taxonomy":"product_cat","embeddable":true,"href":"https:\/\/interiorposter.com\/pl\/wp-json\/wp\/v2\/product_cat?post=267084"},{"taxonomy":"product_tag","embeddable":true,"href":"https:\/\/interiorposter.com\/pl\/wp-json\/wp\/v2\/product_tag?post=267084"}],"curies":[{"name":"wp","href":"https:\/\/api.w.org\/{rel}","templated":true}]}}