{"id":266881,"date":"2026-03-16T00:26:27","date_gmt":"2026-03-15T23:26:27","guid":{"rendered":"https:\/\/interiorposter.com\/?post_type=product&#038;p=266881"},"modified":"2026-03-22T23:40:37","modified_gmt":"2026-03-22T22:40:37","slug":"obraz-na-plotnie-abstrakcyjny-kwiat-w-kontrastach","status":"publish","type":"product","link":"https:\/\/interiorposter.com\/pl\/product\/obraz-na-plotnie-abstrakcyjny-kwiat-w-kontrastach\/","title":{"rendered":"Obraz na p\u0142\u00f3tnie Abstrakcyjny kwiat w kontrastach"},"content":{"rendered":"<p>Wyrazisty obraz na p\u0142\u00f3tnie z motywem abstrakcyjnego kwiatu przyci\u0105ga uwag\u0119 mocnym kontrastem i nowoczesn\u0105 form\u0105. Po\u0142\u0105czenie g\u0142\u0119bokiej czerni, z\u0142amanej bieli oraz ciep\u0142ych be\u017cowo z\u0142otych akcent\u00f3w tworzy eleganck\u0105 kompozycj\u0119, kt\u00f3ra nadaje wn\u0119trzu charakteru i stylowej energii. Ten obraz na \u015bcian\u0119 \u015bwietnie sprawdzi si\u0119 w salonie, sypialni, biurze, hotelu lub przedpokoju, staj\u0105c si\u0119 efektownym dope\u0142nieniem nowoczesnych i minimalistycznych aran\u017cacji. To doskona\u0142y wyb\u00f3r dla os\u00f3b, kt\u00f3re chc\u0105 o\u017cywi\u0107 przestrze\u0144 dekoracj\u0105 z artystycznym pazurem i ponadczasow\u0105 kolorystyk\u0105.<\/p>\n","protected":false},"excerpt":{"rendered":"<p>Nowoczesny obraz na p\u0142\u00f3tnie z abstrakcyjnym kwiatem w czerni, bieli i be\u017cowo z\u0142otych tonach doda wn\u0119trzu elegancji i wyrazistego charakteru.<\/p>\n","protected":false},"featured_media":266883,"comment_status":"closed","ping_status":"closed","template":"","meta":[],"product_brand":[],"product_cat":[97,88,101,76,299,104,107,73,125,85,70],"product_tag":[273,696,701,188],"class_list":{"0":"post-266881","1":"product","2":"type-product","3":"status-publish","4":"has-post-thumbnail","6":"product_cat-abstrakcja","7":"product_cat-biuro","8":"product_cat-glamour-pl","9":"product_cat-hotel-pl","10":"product_cat-malarskie","11":"product_cat-minimalistyczne","12":"product_cat-nowoczesne","13":"product_cat-przedpokoj","14":"product_cat-rosliny-i-kwiaty","15":"product_cat-salon","16":"product_cat-sypialnia","17":"product_tag-dark-pl","18":"product_tag-nowoczesne-obrazy","19":"product_tag-poziomy","20":"product_tag-wielokolorowy","21":"pa_size-finishing-30x20-standard","22":"pa_size-finishing-30x20-na-ptnie-woskim","23":"pa_size-finishing-30x20-premium-print","24":"pa_size-finishing-30x20-akustyczny","25":"pa_size-finishing-60x40-standard","26":"pa_size-finishing-60x40-na-ptnie-woskim","27":"pa_size-finishing-60x40-premium-print","28":"pa_size-finishing-60x40-akustyczny","29":"pa_size-finishing-60x40-w-ramie-drewnianej-naturalnej","30":"pa_size-finishing-60x40-w-ramie-drewnianej-czarnej","31":"pa_size-finishing-90x60-standard","32":"pa_size-finishing-90x60-na-ptnie-woskim","33":"pa_size-finishing-90x60-premium-print","34":"pa_size-finishing-90x60-akustyczny","35":"pa_size-finishing-90x60-w-ramie-drewnianej-naturalnej","36":"pa_size-finishing-90x60-w-ramie-drewnianej-czarnej","37":"pa_size-finishing-120x80-standard","38":"pa_size-finishing-120x80-na-ptnie-woskim","39":"pa_size-finishing-120x80-premium-print","40":"pa_size-finishing-120x80-akustyczny","41":"pa_size-finishing-120x80-w-ramie-drewnianej-naturalnej","42":"pa_size-finishing-120x80-w-ramie-drewnianej-czarnej","44":"first","45":"instock","46":"purchasable","47":"product-type-variable","48":"has-default-attributes"},"aioseo_notices":[],"_links":{"self":[{"href":"https:\/\/interiorposter.com\/pl\/wp-json\/wp\/v2\/product\/266881","targetHints":{"allow":["GET"]}}],"collection":[{"href":"https:\/\/interiorposter.com\/pl\/wp-json\/wp\/v2\/product"}],"about":[{"href":"https:\/\/interiorposter.com\/pl\/wp-json\/wp\/v2\/types\/product"}],"replies":[{"embeddable":true,"href":"https:\/\/interiorposter.com\/pl\/wp-json\/wp\/v2\/comments?post=266881"}],"wp:featuredmedia":[{"embeddable":true,"href":"https:\/\/interiorposter.com\/pl\/wp-json\/wp\/v2\/media\/266883"}],"wp:attachment":[{"href":"https:\/\/interiorposter.com\/pl\/wp-json\/wp\/v2\/media?parent=266881"}],"wp:term":[{"taxonomy":"product_brand","embeddable":true,"href":"https:\/\/interiorposter.com\/pl\/wp-json\/wp\/v2\/product_brand?post=266881"},{"taxonomy":"product_cat","embeddable":true,"href":"https:\/\/interiorposter.com\/pl\/wp-json\/wp\/v2\/product_cat?post=266881"},{"taxonomy":"product_tag","embeddable":true,"href":"https:\/\/interiorposter.com\/pl\/wp-json\/wp\/v2\/product_tag?post=266881"}],"curies":[{"name":"wp","href":"https:\/\/api.w.org\/{rel}","templated":true}]}}