{"id":266678,"date":"2026-03-16T00:21:36","date_gmt":"2026-03-15T23:21:36","guid":{"rendered":"https:\/\/interiorposter.com\/?post_type=product&#038;p=266678"},"modified":"2026-03-19T01:19:33","modified_gmt":"2026-03-19T00:19:33","slug":"obraz-na-plotnie-subtelne-kwiaty-na-blekitnym-tle","status":"publish","type":"product","link":"https:\/\/interiorposter.com\/pl\/product\/obraz-na-plotnie-subtelne-kwiaty-na-blekitnym-tle\/","title":{"rendered":"Obraz na p\u0142\u00f3tnie Subtelne kwiaty na b\u0142\u0119kitnym tle"},"content":{"rendered":"<p>Delikatna kompozycja z jasnymi kwiatami na spokojnym, b\u0142\u0119kitnym tle wprowadza do wn\u0119trza lekko\u015b\u0107, harmoni\u0119 i elegancki spok\u00f3j. Ten obraz na p\u0142\u00f3tnie \u015bwietnie odnajdzie si\u0119 w salonie, sypialni, przedpokoju, hotelu, biurze, a tak\u017ce w romantycznie urz\u0105dzonej restauracji. Jasna, pastelowa kolorystyka z nut\u0105 bieli, be\u017cu i zgaszonego b\u0142\u0119kitu optycznie roz\u015bwietla przestrze\u0144 i tworzy przytulny klimat. To doskona\u0142y wyb\u00f3r dla os\u00f3b, kt\u00f3re szukaj\u0105 stylowej dekoracji \u015bciennej, \u0142\u0105cz\u0105cej nowoczesn\u0105 estetyk\u0119 z ponadczasowym motywem kwiatowym.<\/p>\n","protected":false},"excerpt":{"rendered":"","protected":false},"featured_media":266680,"comment_status":"closed","ping_status":"closed","template":"","meta":[],"product_brand":[],"product_cat":[88,76,291,104,107,73,91,125,85,113,70],"product_tag":[696,279,701],"class_list":{"0":"post-266678","1":"product","2":"type-product","3":"status-publish","4":"has-post-thumbnail","6":"product_cat-biuro","7":"product_cat-hotel-pl","8":"product_cat-ilustracje","9":"product_cat-minimalistyczne","10":"product_cat-nowoczesne","11":"product_cat-przedpokoj","12":"product_cat-restauracja","13":"product_cat-rosliny-i-kwiaty","14":"product_cat-salon","15":"product_cat-skandynawskie","16":"product_cat-sypialnia","17":"product_tag-nowoczesne-obrazy","18":"product_tag-pastelowe","19":"product_tag-poziomy","20":"pa_size-finishing-30x20-standard","21":"pa_size-finishing-30x20-na-ptnie-woskim","22":"pa_size-finishing-30x20-premium-print","23":"pa_size-finishing-30x20-akustyczny","24":"pa_size-finishing-60x40-standard","25":"pa_size-finishing-60x40-na-ptnie-woskim","26":"pa_size-finishing-60x40-premium-print","27":"pa_size-finishing-60x40-akustyczny","28":"pa_size-finishing-60x40-w-ramie-drewnianej-naturalnej","29":"pa_size-finishing-60x40-w-ramie-drewnianej-czarnej","30":"pa_size-finishing-90x60-standard","31":"pa_size-finishing-90x60-na-ptnie-woskim","32":"pa_size-finishing-90x60-premium-print","33":"pa_size-finishing-90x60-akustyczny","34":"pa_size-finishing-90x60-w-ramie-drewnianej-naturalnej","35":"pa_size-finishing-90x60-w-ramie-drewnianej-czarnej","36":"pa_size-finishing-120x80-standard","37":"pa_size-finishing-120x80-na-ptnie-woskim","38":"pa_size-finishing-120x80-premium-print","39":"pa_size-finishing-120x80-akustyczny","40":"pa_size-finishing-120x80-w-ramie-drewnianej-naturalnej","41":"pa_size-finishing-120x80-w-ramie-drewnianej-czarnej","43":"first","44":"instock","45":"purchasable","46":"product-type-variable","47":"has-default-attributes"},"aioseo_notices":[],"_links":{"self":[{"href":"https:\/\/interiorposter.com\/pl\/wp-json\/wp\/v2\/product\/266678","targetHints":{"allow":["GET"]}}],"collection":[{"href":"https:\/\/interiorposter.com\/pl\/wp-json\/wp\/v2\/product"}],"about":[{"href":"https:\/\/interiorposter.com\/pl\/wp-json\/wp\/v2\/types\/product"}],"replies":[{"embeddable":true,"href":"https:\/\/interiorposter.com\/pl\/wp-json\/wp\/v2\/comments?post=266678"}],"wp:featuredmedia":[{"embeddable":true,"href":"https:\/\/interiorposter.com\/pl\/wp-json\/wp\/v2\/media\/266680"}],"wp:attachment":[{"href":"https:\/\/interiorposter.com\/pl\/wp-json\/wp\/v2\/media?parent=266678"}],"wp:term":[{"taxonomy":"product_brand","embeddable":true,"href":"https:\/\/interiorposter.com\/pl\/wp-json\/wp\/v2\/product_brand?post=266678"},{"taxonomy":"product_cat","embeddable":true,"href":"https:\/\/interiorposter.com\/pl\/wp-json\/wp\/v2\/product_cat?post=266678"},{"taxonomy":"product_tag","embeddable":true,"href":"https:\/\/interiorposter.com\/pl\/wp-json\/wp\/v2\/product_tag?post=266678"}],"curies":[{"name":"wp","href":"https:\/\/api.w.org\/{rel}","templated":true}]}}