{"id":266475,"date":"2026-03-16T00:16:15","date_gmt":"2026-03-15T23:16:15","guid":{"rendered":"https:\/\/interiorposter.com\/?post_type=product&#038;p=266475"},"modified":"2026-03-22T23:25:44","modified_gmt":"2026-03-22T22:25:44","slug":"szeroki-obraz-na-plotnie-motyw-zlotych-kwiatow","status":"publish","type":"product","link":"https:\/\/interiorposter.com\/pl\/product\/szeroki-obraz-na-plotnie-motyw-zlotych-kwiatow\/","title":{"rendered":"Szeroki obraz na p\u0142\u00f3tnie motyw z\u0142otych kwiat\u00f3w"},"content":{"rendered":"<p>Efektowny obraz na p\u0142\u00f3tnie w d\u0142ugim, panoramicznym uk\u0142adzie zachwyca elegancj\u0105 i dekoracyjnym wyko\u0144czeniem. Motyw z\u0142otych kwiat\u00f3w na tle g\u0142\u0119bokich br\u0105z\u00f3w, szaro\u015bci i przecieranych struktur tworzy kompozycj\u0119 pe\u0142n\u0105 klasy, blasku i wyrafinowanego charakteru. Taki obraz na \u015bcian\u0119 doskonale prezentuje si\u0119 nad sof\u0105, \u0142\u00f3\u017ckiem, sto\u0142em lub konsol\u0105, pi\u0119knie podkre\u015blaj\u0105c styl salonu, sypialni, przedpokoju, hotelu czy restauracji. To idealny wyb\u00f3r dla os\u00f3b, kt\u00f3re chc\u0105 doda\u0107 wn\u0119trzu luksusowego akcentu i przyci\u0105gaj\u0105cej spojrzenia dekoracji w ciemnej, eleganckiej kolorystyce.<\/p>\n","protected":false},"excerpt":{"rendered":"<p>Panoramiczny obraz na p\u0142\u00f3tnie ze z\u0142otymi kwiatami w ciemnej, eleganckiej kolorystyce doda wn\u0119trzu szyku i \u015bwietnie ozdobi salon, sypialni\u0119 lub hotel.<\/p>\n","protected":false},"featured_media":266477,"comment_status":"closed","ping_status":"closed","template":"","meta":[],"product_brand":[],"product_cat":[101,76,299,107,73,91,125,85,70],"product_tag":[273,696,917,701,188],"class_list":{"0":"post-266475","1":"product","2":"type-product","3":"status-publish","4":"has-post-thumbnail","6":"product_cat-glamour-pl","7":"product_cat-hotel-pl","8":"product_cat-malarskie","9":"product_cat-nowoczesne","10":"product_cat-przedpokoj","11":"product_cat-restauracja","12":"product_cat-rosliny-i-kwiaty","13":"product_cat-salon","14":"product_cat-sypialnia","15":"product_tag-dark-pl","16":"product_tag-nowoczesne-obrazy","17":"product_tag-panoramiczne","18":"product_tag-poziomy","19":"product_tag-wielokolorowy","20":"pa_size-finishing-90x30-standard","21":"pa_size-finishing-90x30-na-ptnie-woskim","22":"pa_size-finishing-90x30-premium-print","23":"pa_size-finishing-90x30-akustyczny","24":"pa_size-finishing-90x30-w-ramie-drewnianej-naturalnej","25":"pa_size-finishing-90x30-w-ramie-drewnianej-czarnej","26":"pa_size-finishing-120x40-standard","27":"pa_size-finishing-120x40-na-ptnie-woskim","28":"pa_size-finishing-120x40-premium-print","29":"pa_size-finishing-120x40-akustyczny","30":"pa_size-finishing-120x40-w-ramie-drewnianej-naturalnej","31":"pa_size-finishing-120x40-w-ramie-drewnianej-czarnej","32":"pa_size-finishing-135x45-standard","33":"pa_size-finishing-135x45-na-ptnie-woskim","34":"pa_size-finishing-135x45-premium-print","35":"pa_size-finishing-135x45-akustyczny","36":"pa_size-finishing-150x50-standard","37":"pa_size-finishing-150x50-na-ptnie-woskim","38":"pa_size-finishing-150x50-premium-print","39":"pa_size-finishing-150x50-akustyczny","40":"pa_size-finishing-150x50-w-ramie-drewnianej-naturalnej","41":"pa_size-finishing-150x50-w-ramie-drewnianej-czarnej","43":"first","44":"instock","45":"purchasable","46":"product-type-variable","47":"has-default-attributes"},"aioseo_notices":[],"_links":{"self":[{"href":"https:\/\/interiorposter.com\/pl\/wp-json\/wp\/v2\/product\/266475","targetHints":{"allow":["GET"]}}],"collection":[{"href":"https:\/\/interiorposter.com\/pl\/wp-json\/wp\/v2\/product"}],"about":[{"href":"https:\/\/interiorposter.com\/pl\/wp-json\/wp\/v2\/types\/product"}],"replies":[{"embeddable":true,"href":"https:\/\/interiorposter.com\/pl\/wp-json\/wp\/v2\/comments?post=266475"}],"wp:featuredmedia":[{"embeddable":true,"href":"https:\/\/interiorposter.com\/pl\/wp-json\/wp\/v2\/media\/266477"}],"wp:attachment":[{"href":"https:\/\/interiorposter.com\/pl\/wp-json\/wp\/v2\/media?parent=266475"}],"wp:term":[{"taxonomy":"product_brand","embeddable":true,"href":"https:\/\/interiorposter.com\/pl\/wp-json\/wp\/v2\/product_brand?post=266475"},{"taxonomy":"product_cat","embeddable":true,"href":"https:\/\/interiorposter.com\/pl\/wp-json\/wp\/v2\/product_cat?post=266475"},{"taxonomy":"product_tag","embeddable":true,"href":"https:\/\/interiorposter.com\/pl\/wp-json\/wp\/v2\/product_tag?post=266475"}],"curies":[{"name":"wp","href":"https:\/\/api.w.org\/{rel}","templated":true}]}}