{"id":265631,"date":"2026-03-15T23:56:52","date_gmt":"2026-03-15T22:56:52","guid":{"rendered":"https:\/\/interiorposter.com\/?post_type=product&#038;p=265631"},"modified":"2026-03-22T20:58:35","modified_gmt":"2026-03-22T19:58:35","slug":"obraz-na-plotnie-kwiat-w-pastelowych-barwach","status":"publish","type":"product","link":"https:\/\/interiorposter.com\/pl\/product\/obraz-na-plotnie-kwiat-w-pastelowych-barwach\/","title":{"rendered":"Obraz na p\u0142\u00f3tnie Kwiat w pastelowych barwach"},"content":{"rendered":"<p>Ten obraz na p\u0142\u00f3tnie zachwyca prostot\u0105 formy i kolorem, kt\u00f3ry od razu ociepla wn\u0119trze. Stylizowany kwiat w pastelowych odcieniach zieleni, terakoty, pomara\u0144czu i be\u017cu wnosi do aran\u017cacji \u015bwie\u017co\u015b\u0107, lekko\u015b\u0107 oraz odrobin\u0119 artystycznej swobody. To dekoracja, kt\u00f3ra przyci\u0105ga spojrzenia, a jednocze\u015bnie nie dominuje przestrzeni, dzi\u0119ki czemu \u015bwietnie odnajdzie si\u0119 w salonie, sypialni, przedpokoju, biurze czy hotelowym wn\u0119trzu. Idealnie podkre\u015bla nowoczesne i skandynawskie aran\u017cacje, dodaj\u0105c im ciep\u0142a, koloru i przyjemnej energii. Je\u015bli szukasz obrazu na \u015bcian\u0119, kt\u00f3ry subtelnie o\u017cywi przestrze\u0144 i nada jej wyj\u0105tkowy charakter, ten motyw b\u0119dzie doskona\u0142ym wyborem.<\/p>\n","protected":false},"excerpt":{"rendered":"<p>Stylowy obraz na p\u0142\u00f3tnie z motywem kwiatu w pastelowych odcieniach zieleni, be\u017cu i terakoty pi\u0119knie uzupe\u0142ni salon, sypialni\u0119 i nowoczesne wn\u0119trza.<\/p>\n","protected":false},"featured_media":265633,"comment_status":"closed","ping_status":"closed","template":"","meta":[],"product_brand":[],"product_cat":[88,76,291,104,107,73,125,85,70],"product_tag":[276,696,279,706],"class_list":{"0":"post-265631","1":"product","2":"type-product","3":"status-publish","4":"has-post-thumbnail","6":"product_cat-biuro","7":"product_cat-hotel-pl","8":"product_cat-ilustracje","9":"product_cat-minimalistyczne","10":"product_cat-nowoczesne","11":"product_cat-przedpokoj","12":"product_cat-rosliny-i-kwiaty","13":"product_cat-salon","14":"product_cat-sypialnia","15":"product_tag-jasne","16":"product_tag-nowoczesne-obrazy","17":"product_tag-pastelowe","18":"product_tag-pionowy","19":"pa_size-finishing-20x30-standard","20":"pa_size-finishing-20x30-na-ptnie-woskim","21":"pa_size-finishing-20x30-premium-print","22":"pa_size-finishing-20x30-akustyczny","23":"pa_size-finishing-40x60-standard","24":"pa_size-finishing-40x60-na-ptnie-woskim","25":"pa_size-finishing-40x60-premium-print","26":"pa_size-finishing-40x60-akustyczny","27":"pa_size-finishing-40x60-w-ramie-drewnianej-naturalnej","28":"pa_size-finishing-40x60-w-ramie-drewnianej-czarnej","29":"pa_size-finishing-60x90-standard","30":"pa_size-finishing-60x90-na-ptnie-woskim","31":"pa_size-finishing-60x90-premium-print","32":"pa_size-finishing-60x90-akustyczny","33":"pa_size-finishing-60x90-w-ramie-drewnianej-naturalnej","34":"pa_size-finishing-60x90-w-ramie-drewnianej-czarnej","35":"pa_size-finishing-80x120-standard","36":"pa_size-finishing-80x120-na-ptnie-woskim","37":"pa_size-finishing-80x120-premium-print","38":"pa_size-finishing-80x120-akustyczny","39":"pa_size-finishing-80x120-w-ramie-drewnianej-naturalnej","40":"pa_size-finishing-80x120-w-ramie-drewnianej-czarnej","42":"first","43":"instock","44":"purchasable","45":"product-type-variable","46":"has-default-attributes"},"aioseo_notices":[],"_links":{"self":[{"href":"https:\/\/interiorposter.com\/pl\/wp-json\/wp\/v2\/product\/265631","targetHints":{"allow":["GET"]}}],"collection":[{"href":"https:\/\/interiorposter.com\/pl\/wp-json\/wp\/v2\/product"}],"about":[{"href":"https:\/\/interiorposter.com\/pl\/wp-json\/wp\/v2\/types\/product"}],"replies":[{"embeddable":true,"href":"https:\/\/interiorposter.com\/pl\/wp-json\/wp\/v2\/comments?post=265631"}],"wp:featuredmedia":[{"embeddable":true,"href":"https:\/\/interiorposter.com\/pl\/wp-json\/wp\/v2\/media\/265633"}],"wp:attachment":[{"href":"https:\/\/interiorposter.com\/pl\/wp-json\/wp\/v2\/media?parent=265631"}],"wp:term":[{"taxonomy":"product_brand","embeddable":true,"href":"https:\/\/interiorposter.com\/pl\/wp-json\/wp\/v2\/product_brand?post=265631"},{"taxonomy":"product_cat","embeddable":true,"href":"https:\/\/interiorposter.com\/pl\/wp-json\/wp\/v2\/product_cat?post=265631"},{"taxonomy":"product_tag","embeddable":true,"href":"https:\/\/interiorposter.com\/pl\/wp-json\/wp\/v2\/product_tag?post=265631"}],"curies":[{"name":"wp","href":"https:\/\/api.w.org\/{rel}","templated":true}]}}