{"id":264787,"date":"2026-03-15T23:37:40","date_gmt":"2026-03-15T22:37:40","guid":{"rendered":"https:\/\/interiorposter.com\/?post_type=product&#038;p=264787"},"modified":"2026-03-17T14:08:04","modified_gmt":"2026-03-17T13:08:04","slug":"obraz-na-plotnie-tropikalny-motyw-geometryczny","status":"publish","type":"product","link":"https:\/\/interiorposter.com\/pl\/product\/obraz-na-plotnie-tropikalny-motyw-geometryczny\/","title":{"rendered":"Obraz na p\u0142\u00f3tnie Tropikalny motyw geometryczny"},"content":{"rendered":"<p>Nowoczesny obraz na p\u0142\u00f3tnie z motywem tropikalnym \u0142\u0105czy nastrojowy pejza\u017c z wyrazist\u0105 geometri\u0105, tworz\u0105c dekoracj\u0119 pe\u0142n\u0105 g\u0142\u0119bi i eleganckiego charakteru. Kompozycja inspirowana egzotyczn\u0105 ro\u015blinno\u015bci\u0105 i tropikalnym klimatem zachwyca ciemn\u0105 kolorystyk\u0105 opart\u0105 na odcieniach granatu, fioletu, bieli i subtelnych tonach zachodz\u0105cego nieba. To efektowny obraz do salonu, sypialni, biura, hotelu lub przedpokoju, kt\u00f3ry przyci\u0105ga wzrok i buduje stylow\u0105 atmosfer\u0119. Doskonale podkre\u015bla charakter nowoczesnych, minimalistycznych i eleganckich wn\u0119trz z nut\u0105 egzotyki.<\/p>\n","protected":false},"excerpt":{"rendered":"","protected":false},"featured_media":264789,"comment_status":"closed","ping_status":"closed","template":"","meta":[],"product_brand":[],"product_cat":[97,88,212,76,291,104,107,73,125,85,70,209],"product_tag":[273,696,706],"class_list":{"0":"post-264787","1":"product","2":"type-product","3":"status-publish","4":"has-post-thumbnail","6":"product_cat-abstrakcja","7":"product_cat-biuro","8":"product_cat-geometryczne","9":"product_cat-hotel-pl","10":"product_cat-ilustracje","11":"product_cat-minimalistyczne","12":"product_cat-nowoczesne","13":"product_cat-przedpokoj","14":"product_cat-rosliny-i-kwiaty","15":"product_cat-salon","16":"product_cat-sypialnia","17":"product_cat-sztuka-koncepcyjna","18":"product_tag-dark-pl","19":"product_tag-nowoczesne-obrazy","20":"product_tag-pionowy","21":"pa_size-finishing-20x30-standard","22":"pa_size-finishing-20x30-na-ptnie-woskim","23":"pa_size-finishing-20x30-premium-print","24":"pa_size-finishing-20x30-akustyczny","25":"pa_size-finishing-40x60-standard","26":"pa_size-finishing-40x60-na-ptnie-woskim","27":"pa_size-finishing-40x60-premium-print","28":"pa_size-finishing-40x60-akustyczny","29":"pa_size-finishing-40x60-w-ramie-drewnianej-naturalnej","30":"pa_size-finishing-40x60-w-ramie-drewnianej-czarnej","31":"pa_size-finishing-60x90-standard","32":"pa_size-finishing-60x90-na-ptnie-woskim","33":"pa_size-finishing-60x90-premium-print","34":"pa_size-finishing-60x90-akustyczny","35":"pa_size-finishing-60x90-w-ramie-drewnianej-naturalnej","36":"pa_size-finishing-60x90-w-ramie-drewnianej-czarnej","37":"pa_size-finishing-80x120-standard","38":"pa_size-finishing-80x120-na-ptnie-woskim","39":"pa_size-finishing-80x120-premium-print","40":"pa_size-finishing-80x120-akustyczny","41":"pa_size-finishing-80x120-w-ramie-drewnianej-naturalnej","42":"pa_size-finishing-80x120-w-ramie-drewnianej-czarnej","44":"first","45":"instock","46":"purchasable","47":"product-type-variable","48":"has-default-attributes"},"aioseo_notices":[],"_links":{"self":[{"href":"https:\/\/interiorposter.com\/pl\/wp-json\/wp\/v2\/product\/264787","targetHints":{"allow":["GET"]}}],"collection":[{"href":"https:\/\/interiorposter.com\/pl\/wp-json\/wp\/v2\/product"}],"about":[{"href":"https:\/\/interiorposter.com\/pl\/wp-json\/wp\/v2\/types\/product"}],"replies":[{"embeddable":true,"href":"https:\/\/interiorposter.com\/pl\/wp-json\/wp\/v2\/comments?post=264787"}],"wp:featuredmedia":[{"embeddable":true,"href":"https:\/\/interiorposter.com\/pl\/wp-json\/wp\/v2\/media\/264789"}],"wp:attachment":[{"href":"https:\/\/interiorposter.com\/pl\/wp-json\/wp\/v2\/media?parent=264787"}],"wp:term":[{"taxonomy":"product_brand","embeddable":true,"href":"https:\/\/interiorposter.com\/pl\/wp-json\/wp\/v2\/product_brand?post=264787"},{"taxonomy":"product_cat","embeddable":true,"href":"https:\/\/interiorposter.com\/pl\/wp-json\/wp\/v2\/product_cat?post=264787"},{"taxonomy":"product_tag","embeddable":true,"href":"https:\/\/interiorposter.com\/pl\/wp-json\/wp\/v2\/product_tag?post=264787"}],"curies":[{"name":"wp","href":"https:\/\/api.w.org\/{rel}","templated":true}]}}