{"id":263748,"date":"2026-05-09T22:05:50","date_gmt":"2026-05-09T20:05:50","guid":{"rendered":"https:\/\/interiorposter.com\/?post_type=product&#038;p=263748"},"modified":"2026-05-09T22:05:52","modified_gmt":"2026-05-09T20:05:52","slug":"obraz-na-plotnie-szeroki-z-magicznym-drzewem-szczescia","status":"publish","type":"product","link":"https:\/\/interiorposter.com\/pl\/product\/obraz-na-plotnie-szeroki-z-magicznym-drzewem-szczescia\/","title":{"rendered":"Obraz na p\u0142\u00f3tnie szeroki z magicznym drzewem szcz\u0119\u015bcia"},"content":{"rendered":"<p>Obraz na p\u0142\u00f3tnie z dekoracyjnym drzewem na czerwono-pomara\u0144czowym tle przyci\u0105ga wzrok i wprowadza do wn\u0119trza ciep\u0142o, energi\u0119 oraz nut\u0119 orientalnej elegancji. Szeroki format pi\u0119knie prezentuje si\u0119 nad kanap\u0105, \u0142\u00f3\u017ckiem, komod\u0105 lub w reprezentacyjnej cz\u0119\u015bci biura, hotelu czy restauracji. Fantazyjnie wij\u0105ce si\u0119 ga\u0142\u0119zie i \u015bwietliste detale sprawiaj\u0105, \u017ce kompozycja wygl\u0105da efektownie i bardzo dekoracyjnie. Uk\u0142ad kolorystyczny jest ciemny, z mocnymi akcentami czerwieni, pomara\u0144czu, czerni, bieli i z\u0142ota.<\/p>\n","protected":false},"excerpt":{"rendered":"<p>Szeroki obraz na p\u0142\u00f3tnie z dekoracyjnym drzewem szcz\u0119\u015bcia na czerwonym tle. Efektowna ozdoba do salonu, sypialni lub biura.<\/p>\n","protected":false},"featured_media":263750,"comment_status":"closed","ping_status":"closed","template":"","meta":[],"product_brand":[],"product_cat":[88,101,76,291,107,73,91,125,85,70],"product_tag":[273,1302,696,917,701,188],"class_list":{"0":"post-263748","1":"product","2":"type-product","3":"status-publish","4":"has-post-thumbnail","6":"product_cat-biuro","7":"product_cat-glamour-pl","8":"product_cat-hotel-pl","9":"product_cat-ilustracje","10":"product_cat-nowoczesne","11":"product_cat-przedpokoj","12":"product_cat-restauracja","13":"product_cat-rosliny-i-kwiaty","14":"product_cat-salon","15":"product_cat-sypialnia","16":"product_tag-dark-pl","17":"product_tag-drzewo","18":"product_tag-nowoczesne-obrazy","19":"product_tag-panoramiczne","20":"product_tag-poziomy","21":"product_tag-wielokolorowy","22":"pa_size-finishing-90x30-standard","23":"pa_size-finishing-90x30-na-ptnie-woskim","24":"pa_size-finishing-90x30-premium-print","25":"pa_size-finishing-90x30-akustyczny","26":"pa_size-finishing-90x30-w-ramie-drewnianej-naturalnej","27":"pa_size-finishing-90x30-w-ramie-drewnianej-czarnej","28":"pa_size-finishing-120x40-standard","29":"pa_size-finishing-120x40-na-ptnie-woskim","30":"pa_size-finishing-120x40-premium-print","31":"pa_size-finishing-120x40-akustyczny","32":"pa_size-finishing-120x40-w-ramie-drewnianej-naturalnej","33":"pa_size-finishing-120x40-w-ramie-drewnianej-czarnej","34":"pa_size-finishing-135x45-standard","35":"pa_size-finishing-135x45-na-ptnie-woskim","36":"pa_size-finishing-135x45-premium-print","37":"pa_size-finishing-135x45-akustyczny","38":"pa_size-finishing-150x50-standard","39":"pa_size-finishing-150x50-na-ptnie-woskim","40":"pa_size-finishing-150x50-premium-print","41":"pa_size-finishing-150x50-akustyczny","42":"pa_size-finishing-150x50-w-ramie-drewnianej-naturalnej","43":"pa_size-finishing-150x50-w-ramie-drewnianej-czarnej","45":"first","46":"instock","47":"purchasable","48":"product-type-variable","49":"has-default-attributes"},"aioseo_notices":[],"_links":{"self":[{"href":"https:\/\/interiorposter.com\/pl\/wp-json\/wp\/v2\/product\/263748","targetHints":{"allow":["GET"]}}],"collection":[{"href":"https:\/\/interiorposter.com\/pl\/wp-json\/wp\/v2\/product"}],"about":[{"href":"https:\/\/interiorposter.com\/pl\/wp-json\/wp\/v2\/types\/product"}],"replies":[{"embeddable":true,"href":"https:\/\/interiorposter.com\/pl\/wp-json\/wp\/v2\/comments?post=263748"}],"wp:featuredmedia":[{"embeddable":true,"href":"https:\/\/interiorposter.com\/pl\/wp-json\/wp\/v2\/media\/263750"}],"wp:attachment":[{"href":"https:\/\/interiorposter.com\/pl\/wp-json\/wp\/v2\/media?parent=263748"}],"wp:term":[{"taxonomy":"product_brand","embeddable":true,"href":"https:\/\/interiorposter.com\/pl\/wp-json\/wp\/v2\/product_brand?post=263748"},{"taxonomy":"product_cat","embeddable":true,"href":"https:\/\/interiorposter.com\/pl\/wp-json\/wp\/v2\/product_cat?post=263748"},{"taxonomy":"product_tag","embeddable":true,"href":"https:\/\/interiorposter.com\/pl\/wp-json\/wp\/v2\/product_tag?post=263748"}],"curies":[{"name":"wp","href":"https:\/\/api.w.org\/{rel}","templated":true}]}}