{"id":263537,"date":"2026-03-15T23:09:20","date_gmt":"2026-03-15T22:09:20","guid":{"rendered":"https:\/\/interiorposter.com\/?post_type=product&#038;p=263537"},"modified":"2026-03-23T01:00:21","modified_gmt":"2026-03-23T00:00:21","slug":"obraz-na-plotnie-pastelowe-roze-w-pudrowym-rozu","status":"publish","type":"product","link":"https:\/\/interiorposter.com\/pl\/product\/obraz-na-plotnie-pastelowe-roze-w-pudrowym-rozu\/","title":{"rendered":"Obraz na p\u0142\u00f3tnie Pastelowe r\u00f3\u017ce w pudrowym r\u00f3\u017cu"},"content":{"rendered":"<p>Romantyczny obraz na p\u0142\u00f3tnie z motywem r\u00f3\u017c zachwyca subtelno\u015bci\u0105, \u015bwietlist\u0105 form\u0105 i wyj\u0105tkowo delikatn\u0105 kolorystyk\u0105. Pudrowy r\u00f3\u017c, rozbielone tony, mi\u0119kkie przej\u015bcia \u015bwiat\u0142a oraz dekoracyjne akcenty tworz\u0105 kompozycj\u0119 pe\u0142n\u0105 lekko\u015bci, \u015bwie\u017co\u015bci i kobiecej elegancji. Ten obraz na \u015bcian\u0119 pi\u0119knie dope\u0142ni sypialni\u0119, salon, przedpok\u00f3j, hotel lub stylowe biuro, wprowadzaj\u0105c do wn\u0119trza przytulny nastr\u00f3j i romantyczny urok. To idealny wyb\u00f3r dla os\u00f3b, kt\u00f3re szukaj\u0105 dekoracji roz\u015bwietlaj\u0105cej przestrze\u0144 i dodaj\u0105cej jej subtelnego, zmys\u0142owego charakteru.<\/p>\n","protected":false},"excerpt":{"rendered":"<p>Delikatny obraz na p\u0142\u00f3tnie z r\u00f3\u017cami w pudrowo r\u00f3\u017cowej, pastelowej tonacji wniesie do wn\u0119trza romantyczny klimat, lekko\u015b\u0107 i elegancj\u0119.<\/p>\n","protected":false},"featured_media":263539,"comment_status":"closed","ping_status":"closed","template":"","meta":[],"product_brand":[],"product_cat":[88,101,76,291,299,107,73,125,85,70],"product_tag":[276,696,279,706,701,188],"class_list":{"0":"post-263537","1":"product","2":"type-product","3":"status-publish","4":"has-post-thumbnail","6":"product_cat-biuro","7":"product_cat-glamour-pl","8":"product_cat-hotel-pl","9":"product_cat-ilustracje","10":"product_cat-malarskie","11":"product_cat-nowoczesne","12":"product_cat-przedpokoj","13":"product_cat-rosliny-i-kwiaty","14":"product_cat-salon","15":"product_cat-sypialnia","16":"product_tag-jasne","17":"product_tag-nowoczesne-obrazy","18":"product_tag-pastelowe","19":"product_tag-pionowy","20":"product_tag-poziomy","21":"product_tag-wielokolorowy","22":"pa_size-finishing-20x30-standard","23":"pa_size-finishing-20x30-na-ptnie-woskim","24":"pa_size-finishing-20x30-premium-print","25":"pa_size-finishing-20x30-akustyczny","26":"pa_size-finishing-40x60-standard","27":"pa_size-finishing-40x60-na-ptnie-woskim","28":"pa_size-finishing-40x60-premium-print","29":"pa_size-finishing-40x60-akustyczny","30":"pa_size-finishing-40x60-w-ramie-drewnianej-naturalnej","31":"pa_size-finishing-40x60-w-ramie-drewnianej-czarnej","32":"pa_size-finishing-60x90-standard","33":"pa_size-finishing-60x90-na-ptnie-woskim","34":"pa_size-finishing-60x90-premium-print","35":"pa_size-finishing-60x90-akustyczny","36":"pa_size-finishing-60x90-w-ramie-drewnianej-naturalnej","37":"pa_size-finishing-60x90-w-ramie-drewnianej-czarnej","38":"pa_size-finishing-80x120-standard","39":"pa_size-finishing-80x120-na-ptnie-woskim","40":"pa_size-finishing-80x120-premium-print","41":"pa_size-finishing-80x120-akustyczny","42":"pa_size-finishing-80x120-w-ramie-drewnianej-naturalnej","43":"pa_size-finishing-80x120-w-ramie-drewnianej-czarnej","45":"first","46":"instock","47":"purchasable","48":"product-type-variable","49":"has-default-attributes"},"aioseo_notices":[],"_links":{"self":[{"href":"https:\/\/interiorposter.com\/pl\/wp-json\/wp\/v2\/product\/263537","targetHints":{"allow":["GET"]}}],"collection":[{"href":"https:\/\/interiorposter.com\/pl\/wp-json\/wp\/v2\/product"}],"about":[{"href":"https:\/\/interiorposter.com\/pl\/wp-json\/wp\/v2\/types\/product"}],"replies":[{"embeddable":true,"href":"https:\/\/interiorposter.com\/pl\/wp-json\/wp\/v2\/comments?post=263537"}],"wp:featuredmedia":[{"embeddable":true,"href":"https:\/\/interiorposter.com\/pl\/wp-json\/wp\/v2\/media\/263539"}],"wp:attachment":[{"href":"https:\/\/interiorposter.com\/pl\/wp-json\/wp\/v2\/media?parent=263537"}],"wp:term":[{"taxonomy":"product_brand","embeddable":true,"href":"https:\/\/interiorposter.com\/pl\/wp-json\/wp\/v2\/product_brand?post=263537"},{"taxonomy":"product_cat","embeddable":true,"href":"https:\/\/interiorposter.com\/pl\/wp-json\/wp\/v2\/product_cat?post=263537"},{"taxonomy":"product_tag","embeddable":true,"href":"https:\/\/interiorposter.com\/pl\/wp-json\/wp\/v2\/product_tag?post=263537"}],"curies":[{"name":"wp","href":"https:\/\/api.w.org\/{rel}","templated":true}]}}