{"id":263326,"date":"2026-03-15T23:04:33","date_gmt":"2026-03-15T22:04:33","guid":{"rendered":"https:\/\/interiorposter.com\/?post_type=product&#038;p=263326"},"modified":"2026-03-23T01:04:25","modified_gmt":"2026-03-23T00:04:25","slug":"obraz-na-plotnie-drzewo-w-geometrycznej-kompozycji","status":"publish","type":"product","link":"https:\/\/interiorposter.com\/pl\/product\/obraz-na-plotnie-drzewo-w-geometrycznej-kompozycji\/","title":{"rendered":"Obraz na p\u0142\u00f3tnie Drzewo w geometrycznej kompozycji"},"content":{"rendered":"<p>Stylowy obraz na p\u0142\u00f3tnie z motywem drzewa osadzonego w nowoczesnej, geometrycznej formie przyci\u0105ga uwag\u0119 eleganckim po\u0142\u0105czeniem natury i minimalistycznego designu. Subtelne odcienie szaro\u015bci, bieli, be\u017cu oraz z\u0142ocistego akcentu tworz\u0105 harmonijn\u0105 kompozycj\u0119, kt\u00f3ra wprowadza do wn\u0119trza spok\u00f3j, lekko\u015b\u0107 i wyrafinowany charakter. Ten obraz na \u015bcian\u0119 doskonale sprawdzi si\u0119 w salonie, sypialni, biurze, hotelu lub przedpokoju, pi\u0119knie podkre\u015blaj\u0105c nowoczesne i skandynawskie aran\u017cacje. To \u015bwietny wyb\u00f3r dla os\u00f3b, kt\u00f3re szukaj\u0105 dekoracji z motywem natury w eleganckiej, uporz\u0105dkowanej i bardzo efektownej ods\u0142onie.<\/p>\n","protected":false},"excerpt":{"rendered":"<p>Elegancki obraz na p\u0142\u00f3tnie z drzewem w geometrycznej kompozycji w odcieniach szaro\u015bci, bieli, be\u017cu i z\u0142ota wniesie do wn\u0119trza spok\u00f3j i nowoczesny styl.<\/p>\n","protected":false},"featured_media":263328,"comment_status":"closed","ping_status":"closed","template":"","meta":[],"product_brand":[],"product_cat":[88,212,76,291,137,104,107,73,85,113,70],"product_tag":[276,696,706,188],"class_list":{"0":"post-263326","1":"product","2":"type-product","3":"status-publish","4":"has-post-thumbnail","6":"product_cat-biuro","7":"product_cat-geometryczne","8":"product_cat-hotel-pl","9":"product_cat-ilustracje","10":"product_cat-krajobrazy","11":"product_cat-minimalistyczne","12":"product_cat-nowoczesne","13":"product_cat-przedpokoj","14":"product_cat-salon","15":"product_cat-skandynawskie","16":"product_cat-sypialnia","17":"product_tag-jasne","18":"product_tag-nowoczesne-obrazy","19":"product_tag-pionowy","20":"product_tag-wielokolorowy","21":"pa_size-finishing-20x30-standard","22":"pa_size-finishing-20x30-na-ptnie-woskim","23":"pa_size-finishing-20x30-premium-print","24":"pa_size-finishing-20x30-akustyczny","25":"pa_size-finishing-40x60-standard","26":"pa_size-finishing-40x60-na-ptnie-woskim","27":"pa_size-finishing-40x60-premium-print","28":"pa_size-finishing-40x60-akustyczny","29":"pa_size-finishing-40x60-w-ramie-drewnianej-naturalnej","30":"pa_size-finishing-40x60-w-ramie-drewnianej-czarnej","31":"pa_size-finishing-60x90-standard","32":"pa_size-finishing-60x90-na-ptnie-woskim","33":"pa_size-finishing-60x90-premium-print","34":"pa_size-finishing-60x90-akustyczny","35":"pa_size-finishing-60x90-w-ramie-drewnianej-naturalnej","36":"pa_size-finishing-60x90-w-ramie-drewnianej-czarnej","37":"pa_size-finishing-80x120-standard","38":"pa_size-finishing-80x120-na-ptnie-woskim","39":"pa_size-finishing-80x120-premium-print","40":"pa_size-finishing-80x120-akustyczny","41":"pa_size-finishing-80x120-w-ramie-drewnianej-naturalnej","42":"pa_size-finishing-80x120-w-ramie-drewnianej-czarnej","44":"first","45":"instock","46":"purchasable","47":"product-type-variable","48":"has-default-attributes"},"aioseo_notices":[],"_links":{"self":[{"href":"https:\/\/interiorposter.com\/pl\/wp-json\/wp\/v2\/product\/263326","targetHints":{"allow":["GET"]}}],"collection":[{"href":"https:\/\/interiorposter.com\/pl\/wp-json\/wp\/v2\/product"}],"about":[{"href":"https:\/\/interiorposter.com\/pl\/wp-json\/wp\/v2\/types\/product"}],"replies":[{"embeddable":true,"href":"https:\/\/interiorposter.com\/pl\/wp-json\/wp\/v2\/comments?post=263326"}],"wp:featuredmedia":[{"embeddable":true,"href":"https:\/\/interiorposter.com\/pl\/wp-json\/wp\/v2\/media\/263328"}],"wp:attachment":[{"href":"https:\/\/interiorposter.com\/pl\/wp-json\/wp\/v2\/media?parent=263326"}],"wp:term":[{"taxonomy":"product_brand","embeddable":true,"href":"https:\/\/interiorposter.com\/pl\/wp-json\/wp\/v2\/product_brand?post=263326"},{"taxonomy":"product_cat","embeddable":true,"href":"https:\/\/interiorposter.com\/pl\/wp-json\/wp\/v2\/product_cat?post=263326"},{"taxonomy":"product_tag","embeddable":true,"href":"https:\/\/interiorposter.com\/pl\/wp-json\/wp\/v2\/product_tag?post=263326"}],"curies":[{"name":"wp","href":"https:\/\/api.w.org\/{rel}","templated":true}]}}