{"id":260699,"date":"2026-03-15T12:54:41","date_gmt":"2026-03-15T11:54:41","guid":{"rendered":"https:\/\/interiorposter.com\/?post_type=product&#038;p=260699"},"modified":"2026-03-19T02:38:04","modified_gmt":"2026-03-19T01:38:04","slug":"obraz-na-plotnie-zloty-pejzaz-w-orientalnym-stylu","status":"publish","type":"product","link":"https:\/\/interiorposter.com\/pl\/product\/obraz-na-plotnie-zloty-pejzaz-w-orientalnym-stylu\/","title":{"rendered":"Obraz na p\u0142\u00f3tnie Z\u0142oty pejza\u017c w orientalnym stylu"},"content":{"rendered":"<p>Subtelna kompozycja inspirowana orientalnym krajobrazem zachwyca lekko\u015bci\u0105, spokojem i eleganckim wyko\u0144czeniem. Delikatne pasma g\u00f3r, z\u0142ote akcenty oraz jasne, stonowane t\u0142o tworz\u0105 harmonijn\u0105 dekoracj\u0119, kt\u00f3ra wprowadza do wn\u0119trza atmosfer\u0119 wyciszenia i wysmakowanego stylu. Ten obraz na p\u0142\u00f3tnie doskonale sprawdzi si\u0119 w salonie, sypialni, biurze, hotelu, restauracji oraz przedpokoju, nadaj\u0105c przestrzeni wyj\u0105tkowy i artystyczny charakter. Jasna kolorystyka z odcieniami bieli, be\u017cu, z\u0142ota i pudrowych ton\u00f3w pi\u0119knie roz\u015bwietla \u015bcian\u0119 i podkre\u015bla elegancj\u0119 aran\u017cacji.<\/p>\n","protected":false},"excerpt":{"rendered":"","protected":false},"featured_media":260701,"comment_status":"closed","ping_status":"closed","template":"","meta":[],"product_brand":[],"product_cat":[88,76,137,299,104,107,73,91,85,70,209],"product_tag":[276,696,701,188],"class_list":{"0":"post-260699","1":"product","2":"type-product","3":"status-publish","4":"has-post-thumbnail","6":"product_cat-biuro","7":"product_cat-hotel-pl","8":"product_cat-krajobrazy","9":"product_cat-malarskie","10":"product_cat-minimalistyczne","11":"product_cat-nowoczesne","12":"product_cat-przedpokoj","13":"product_cat-restauracja","14":"product_cat-salon","15":"product_cat-sypialnia","16":"product_cat-sztuka-koncepcyjna","17":"product_tag-jasne","18":"product_tag-nowoczesne-obrazy","19":"product_tag-poziomy","20":"product_tag-wielokolorowy","21":"pa_size-finishing-30x20-standard","22":"pa_size-finishing-30x20-na-ptnie-woskim","23":"pa_size-finishing-30x20-premium-print","24":"pa_size-finishing-30x20-akustyczny","25":"pa_size-finishing-60x40-standard","26":"pa_size-finishing-60x40-na-ptnie-woskim","27":"pa_size-finishing-60x40-premium-print","28":"pa_size-finishing-60x40-akustyczny","29":"pa_size-finishing-60x40-w-ramie-drewnianej-naturalnej","30":"pa_size-finishing-60x40-w-ramie-drewnianej-czarnej","31":"pa_size-finishing-90x60-standard","32":"pa_size-finishing-90x60-na-ptnie-woskim","33":"pa_size-finishing-90x60-premium-print","34":"pa_size-finishing-90x60-akustyczny","35":"pa_size-finishing-90x60-w-ramie-drewnianej-naturalnej","36":"pa_size-finishing-90x60-w-ramie-drewnianej-czarnej","37":"pa_size-finishing-120x80-standard","38":"pa_size-finishing-120x80-na-ptnie-woskim","39":"pa_size-finishing-120x80-premium-print","40":"pa_size-finishing-120x80-akustyczny","41":"pa_size-finishing-120x80-w-ramie-drewnianej-naturalnej","42":"pa_size-finishing-120x80-w-ramie-drewnianej-czarnej","44":"first","45":"instock","46":"purchasable","47":"product-type-variable","48":"has-default-attributes"},"aioseo_notices":[],"_links":{"self":[{"href":"https:\/\/interiorposter.com\/pl\/wp-json\/wp\/v2\/product\/260699","targetHints":{"allow":["GET"]}}],"collection":[{"href":"https:\/\/interiorposter.com\/pl\/wp-json\/wp\/v2\/product"}],"about":[{"href":"https:\/\/interiorposter.com\/pl\/wp-json\/wp\/v2\/types\/product"}],"replies":[{"embeddable":true,"href":"https:\/\/interiorposter.com\/pl\/wp-json\/wp\/v2\/comments?post=260699"}],"wp:featuredmedia":[{"embeddable":true,"href":"https:\/\/interiorposter.com\/pl\/wp-json\/wp\/v2\/media\/260701"}],"wp:attachment":[{"href":"https:\/\/interiorposter.com\/pl\/wp-json\/wp\/v2\/media?parent=260699"}],"wp:term":[{"taxonomy":"product_brand","embeddable":true,"href":"https:\/\/interiorposter.com\/pl\/wp-json\/wp\/v2\/product_brand?post=260699"},{"taxonomy":"product_cat","embeddable":true,"href":"https:\/\/interiorposter.com\/pl\/wp-json\/wp\/v2\/product_cat?post=260699"},{"taxonomy":"product_tag","embeddable":true,"href":"https:\/\/interiorposter.com\/pl\/wp-json\/wp\/v2\/product_tag?post=260699"}],"curies":[{"name":"wp","href":"https:\/\/api.w.org\/{rel}","templated":true}]}}