{"id":259075,"date":"2026-03-15T12:18:10","date_gmt":"2026-03-15T11:18:10","guid":{"rendered":"https:\/\/interiorposter.com\/?post_type=product&#038;p=259075"},"modified":"2026-03-19T02:09:36","modified_gmt":"2026-03-19T01:09:36","slug":"obraz-na-plotnie-abstrakcyjny-pejzaz-w-szlachetnych-barwach","status":"publish","type":"product","link":"https:\/\/interiorposter.com\/pl\/product\/obraz-na-plotnie-abstrakcyjny-pejzaz-w-szlachetnych-barwach\/","title":{"rendered":"Obraz na p\u0142\u00f3tnie Abstrakcyjny pejza\u017c w szlachetnych barwach"},"content":{"rendered":"<p>Abstrakcja w stylu malarskim inspirowana krajobrazem zachwyca g\u0142\u0119bi\u0105 koloru i eleganckim, artystycznym wyrazem. Po\u0142\u0105czenie turkusu, bieli, rdzawego br\u0105zu, z\u0142amanej pomara\u0144czy i subtelnych fioletowych akcent\u00f3w tworzy ciep\u0142\u0105, a zarazem wyrafinowan\u0105 kompozycj\u0119, kt\u00f3ra pi\u0119knie podkre\u015bla charakter wn\u0119trza. Ten obraz na p\u0142\u00f3tnie doskonale sprawdzi si\u0119 w salonie, sypialni, biurze, hotelu, restauracji oraz przedpokoju, dodaj\u0105c przestrzeni stylu i przytulnej energii. To \u015bwietny wyb\u00f3r dla os\u00f3b, kt\u00f3re ceni\u0105 nowoczesne obrazy na \u015bcian\u0119 z malarsk\u0105 lekko\u015bci\u0105 i modn\u0105 kolorystyk\u0105.<\/p>\n","protected":false},"excerpt":{"rendered":"","protected":false},"featured_media":259077,"comment_status":"closed","ping_status":"closed","template":"","meta":[],"product_brand":[],"product_cat":[97,88,76,137,299,107,73,91,85,70,209],"product_tag":[696,701,188],"class_list":{"0":"post-259075","1":"product","2":"type-product","3":"status-publish","4":"has-post-thumbnail","6":"product_cat-abstrakcja","7":"product_cat-biuro","8":"product_cat-hotel-pl","9":"product_cat-krajobrazy","10":"product_cat-malarskie","11":"product_cat-nowoczesne","12":"product_cat-przedpokoj","13":"product_cat-restauracja","14":"product_cat-salon","15":"product_cat-sypialnia","16":"product_cat-sztuka-koncepcyjna","17":"product_tag-nowoczesne-obrazy","18":"product_tag-poziomy","19":"product_tag-wielokolorowy","20":"pa_size-finishing-30x20-standard","21":"pa_size-finishing-30x20-na-ptnie-woskim","22":"pa_size-finishing-30x20-premium-print","23":"pa_size-finishing-30x20-akustyczny","24":"pa_size-finishing-60x40-standard","25":"pa_size-finishing-60x40-na-ptnie-woskim","26":"pa_size-finishing-60x40-premium-print","27":"pa_size-finishing-60x40-akustyczny","28":"pa_size-finishing-60x40-w-ramie-drewnianej-naturalnej","29":"pa_size-finishing-60x40-w-ramie-drewnianej-czarnej","30":"pa_size-finishing-90x60-standard","31":"pa_size-finishing-90x60-na-ptnie-woskim","32":"pa_size-finishing-90x60-premium-print","33":"pa_size-finishing-90x60-akustyczny","34":"pa_size-finishing-90x60-w-ramie-drewnianej-naturalnej","35":"pa_size-finishing-90x60-w-ramie-drewnianej-czarnej","36":"pa_size-finishing-120x80-standard","37":"pa_size-finishing-120x80-na-ptnie-woskim","38":"pa_size-finishing-120x80-premium-print","39":"pa_size-finishing-120x80-akustyczny","40":"pa_size-finishing-120x80-w-ramie-drewnianej-naturalnej","41":"pa_size-finishing-120x80-w-ramie-drewnianej-czarnej","43":"first","44":"instock","45":"purchasable","46":"product-type-variable","47":"has-default-attributes"},"aioseo_notices":[],"_links":{"self":[{"href":"https:\/\/interiorposter.com\/pl\/wp-json\/wp\/v2\/product\/259075","targetHints":{"allow":["GET"]}}],"collection":[{"href":"https:\/\/interiorposter.com\/pl\/wp-json\/wp\/v2\/product"}],"about":[{"href":"https:\/\/interiorposter.com\/pl\/wp-json\/wp\/v2\/types\/product"}],"replies":[{"embeddable":true,"href":"https:\/\/interiorposter.com\/pl\/wp-json\/wp\/v2\/comments?post=259075"}],"wp:featuredmedia":[{"embeddable":true,"href":"https:\/\/interiorposter.com\/pl\/wp-json\/wp\/v2\/media\/259077"}],"wp:attachment":[{"href":"https:\/\/interiorposter.com\/pl\/wp-json\/wp\/v2\/media?parent=259075"}],"wp:term":[{"taxonomy":"product_brand","embeddable":true,"href":"https:\/\/interiorposter.com\/pl\/wp-json\/wp\/v2\/product_brand?post=259075"},{"taxonomy":"product_cat","embeddable":true,"href":"https:\/\/interiorposter.com\/pl\/wp-json\/wp\/v2\/product_cat?post=259075"},{"taxonomy":"product_tag","embeddable":true,"href":"https:\/\/interiorposter.com\/pl\/wp-json\/wp\/v2\/product_tag?post=259075"}],"curies":[{"name":"wp","href":"https:\/\/api.w.org\/{rel}","templated":true}]}}