{"id":256114,"date":"2026-03-15T09:35:50","date_gmt":"2026-03-15T08:35:50","guid":{"rendered":"https:\/\/interiorposter.com\/?post_type=product&#038;p=256114"},"modified":"2026-03-19T01:46:28","modified_gmt":"2026-03-19T00:46:28","slug":"obraz-na-plotnie-kolorowy-rytm-nowoczesnego-wnetrza","status":"publish","type":"product","link":"https:\/\/interiorposter.com\/pl\/product\/obraz-na-plotnie-kolorowy-rytm-nowoczesnego-wnetrza\/","title":{"rendered":"Obraz na p\u0142\u00f3tnie Kolorowy rytm nowoczesnego wn\u0119trza"},"content":{"rendered":"<p>Energetyczna abstrakcja z faluj\u0105c\u0105, p\u0142ynn\u0105 lini\u0105 przyci\u0105ga wzrok intensywnymi kolorami i nowoczesnym charakterem. Po\u0142\u0105czenie r\u00f3\u017cu, fioletu, b\u0142\u0119kitu, \u017c\u00f3\u0142ci i pomara\u0144czu tworzy wyrazist\u0105, dynamiczn\u0105 kompozycj\u0119, kt\u00f3ra o\u017cywia wn\u0119trze i dodaje mu designerskiego stylu. Ten obraz na p\u0142\u00f3tnie \u015bwietnie sprawdzi si\u0119 w salonie, biurze, przedpokoju, hotelu lub nowoczesnej restauracji, gdzie stanie si\u0119 mocnym akcentem dekoracyjnym. To idealny wyb\u00f3r dla os\u00f3b, kt\u00f3re szukaj\u0105 nowoczesnego obrazu na \u015bcian\u0119, pe\u0142nego koloru, ruchu i kreatywnej energii.<\/p>\n","protected":false},"excerpt":{"rendered":"<p>Nowoczesny obraz na p\u0142\u00f3tnie z neonow\u0105 abstrakcj\u0105 w intensywnych kolorach. Wyrazista dekoracja do salonu, biura, przedpokoju lub hotelu.<\/p>\n","protected":false},"featured_media":256116,"comment_status":"closed","ping_status":"closed","template":"","meta":[],"product_brand":[],"product_cat":[97,88,212,76,104,107,73,91,85,209],"product_tag":[696,706,188],"class_list":{"0":"post-256114","1":"product","2":"type-product","3":"status-publish","4":"has-post-thumbnail","6":"product_cat-abstrakcja","7":"product_cat-biuro","8":"product_cat-geometryczne","9":"product_cat-hotel-pl","10":"product_cat-minimalistyczne","11":"product_cat-nowoczesne","12":"product_cat-przedpokoj","13":"product_cat-restauracja","14":"product_cat-salon","15":"product_cat-sztuka-koncepcyjna","16":"product_tag-nowoczesne-obrazy","17":"product_tag-pionowy","18":"product_tag-wielokolorowy","19":"pa_size-finishing-20x30-standard","20":"pa_size-finishing-20x30-na-ptnie-woskim","21":"pa_size-finishing-20x30-premium-print","22":"pa_size-finishing-20x30-akustyczny","23":"pa_size-finishing-40x60-standard","24":"pa_size-finishing-40x60-na-ptnie-woskim","25":"pa_size-finishing-40x60-premium-print","26":"pa_size-finishing-40x60-akustyczny","27":"pa_size-finishing-40x60-w-ramie-drewnianej-naturalnej","28":"pa_size-finishing-40x60-w-ramie-drewnianej-czarnej","29":"pa_size-finishing-60x90-standard","30":"pa_size-finishing-60x90-na-ptnie-woskim","31":"pa_size-finishing-60x90-premium-print","32":"pa_size-finishing-60x90-akustyczny","33":"pa_size-finishing-60x90-w-ramie-drewnianej-naturalnej","34":"pa_size-finishing-60x90-w-ramie-drewnianej-czarnej","35":"pa_size-finishing-80x120-standard","36":"pa_size-finishing-80x120-na-ptnie-woskim","37":"pa_size-finishing-80x120-premium-print","38":"pa_size-finishing-80x120-akustyczny","39":"pa_size-finishing-80x120-w-ramie-drewnianej-naturalnej","40":"pa_size-finishing-80x120-w-ramie-drewnianej-czarnej","42":"first","43":"instock","44":"purchasable","45":"product-type-variable","46":"has-default-attributes"},"aioseo_notices":[],"_links":{"self":[{"href":"https:\/\/interiorposter.com\/pl\/wp-json\/wp\/v2\/product\/256114","targetHints":{"allow":["GET"]}}],"collection":[{"href":"https:\/\/interiorposter.com\/pl\/wp-json\/wp\/v2\/product"}],"about":[{"href":"https:\/\/interiorposter.com\/pl\/wp-json\/wp\/v2\/types\/product"}],"replies":[{"embeddable":true,"href":"https:\/\/interiorposter.com\/pl\/wp-json\/wp\/v2\/comments?post=256114"}],"wp:featuredmedia":[{"embeddable":true,"href":"https:\/\/interiorposter.com\/pl\/wp-json\/wp\/v2\/media\/256116"}],"wp:attachment":[{"href":"https:\/\/interiorposter.com\/pl\/wp-json\/wp\/v2\/media?parent=256114"}],"wp:term":[{"taxonomy":"product_brand","embeddable":true,"href":"https:\/\/interiorposter.com\/pl\/wp-json\/wp\/v2\/product_brand?post=256114"},{"taxonomy":"product_cat","embeddable":true,"href":"https:\/\/interiorposter.com\/pl\/wp-json\/wp\/v2\/product_cat?post=256114"},{"taxonomy":"product_tag","embeddable":true,"href":"https:\/\/interiorposter.com\/pl\/wp-json\/wp\/v2\/product_tag?post=256114"}],"curies":[{"name":"wp","href":"https:\/\/api.w.org\/{rel}","templated":true}]}}