{"id":239229,"date":"2026-03-15T03:50:41","date_gmt":"2026-03-15T02:50:41","guid":{"rendered":"https:\/\/interiorposter.com\/?post_type=product&#038;p=239229"},"modified":"2026-03-19T02:19:51","modified_gmt":"2026-03-19T01:19:51","slug":"obraz-na-plotnie-zlota-geometria-w-eleganckiej-formie","status":"publish","type":"product","link":"https:\/\/interiorposter.com\/pl\/product\/obraz-na-plotnie-zlota-geometria-w-eleganckiej-formie\/","title":{"rendered":"Obraz na p\u0142\u00f3tnie Z\u0142ota geometria w eleganckiej formie"},"content":{"rendered":"<p>Wyrafinowana kompozycja geometryczna zachwyca harmoni\u0105 linii, subtelnym po\u0142yskiem i nowoczesn\u0105 elegancj\u0105. Po\u0142\u0105czenie z\u0142ota, bieli, szaro\u015bci i czarnych akcent\u00f3w tworzy luksusowy, a jednocze\u015bnie uporz\u0105dkowany efekt, kt\u00f3ry pi\u0119knie podkre\u015bla charakter wn\u0119trza. Ten obraz na p\u0142\u00f3tnie doskonale sprawdzi si\u0119 w salonie, sypialni, biurze, hotelu, przedpokoju oraz stylowej restauracji, dodaj\u0105c przestrzeni klasy i designerskiego wyrazu. To idealna propozycja dla os\u00f3b, kt\u00f3re szukaj\u0105 nowoczesnego obrazu na \u015bcian\u0119 o geometrycznym uk\u0142adzie i ponadczasowej kolorystyce.<\/p>\n","protected":false},"excerpt":{"rendered":"","protected":false},"featured_media":239231,"comment_status":"closed","ping_status":"closed","template":"","meta":[],"product_brand":[],"product_cat":[97,88,212,101,76,104,107,73,91,85,70],"product_tag":[276,696,706],"class_list":{"0":"post-239229","1":"product","2":"type-product","3":"status-publish","4":"has-post-thumbnail","6":"product_cat-abstrakcja","7":"product_cat-biuro","8":"product_cat-geometryczne","9":"product_cat-glamour-pl","10":"product_cat-hotel-pl","11":"product_cat-minimalistyczne","12":"product_cat-nowoczesne","13":"product_cat-przedpokoj","14":"product_cat-restauracja","15":"product_cat-salon","16":"product_cat-sypialnia","17":"product_tag-jasne","18":"product_tag-nowoczesne-obrazy","19":"product_tag-pionowy","20":"pa_size-finishing-20x30-standard","21":"pa_size-finishing-20x30-na-ptnie-woskim","22":"pa_size-finishing-20x30-premium-print","23":"pa_size-finishing-20x30-akustyczny","24":"pa_size-finishing-40x60-standard","25":"pa_size-finishing-40x60-na-ptnie-woskim","26":"pa_size-finishing-40x60-premium-print","27":"pa_size-finishing-40x60-akustyczny","28":"pa_size-finishing-40x60-w-ramie-drewnianej-naturalnej","29":"pa_size-finishing-40x60-w-ramie-drewnianej-czarnej","30":"pa_size-finishing-60x90-standard","31":"pa_size-finishing-60x90-na-ptnie-woskim","32":"pa_size-finishing-60x90-premium-print","33":"pa_size-finishing-60x90-akustyczny","34":"pa_size-finishing-60x90-w-ramie-drewnianej-naturalnej","35":"pa_size-finishing-60x90-w-ramie-drewnianej-czarnej","36":"pa_size-finishing-80x120-standard","37":"pa_size-finishing-80x120-na-ptnie-woskim","38":"pa_size-finishing-80x120-premium-print","39":"pa_size-finishing-80x120-akustyczny","40":"pa_size-finishing-80x120-w-ramie-drewnianej-naturalnej","41":"pa_size-finishing-80x120-w-ramie-drewnianej-czarnej","43":"first","44":"instock","45":"purchasable","46":"product-type-variable","47":"has-default-attributes"},"aioseo_notices":[],"_links":{"self":[{"href":"https:\/\/interiorposter.com\/pl\/wp-json\/wp\/v2\/product\/239229","targetHints":{"allow":["GET"]}}],"collection":[{"href":"https:\/\/interiorposter.com\/pl\/wp-json\/wp\/v2\/product"}],"about":[{"href":"https:\/\/interiorposter.com\/pl\/wp-json\/wp\/v2\/types\/product"}],"replies":[{"embeddable":true,"href":"https:\/\/interiorposter.com\/pl\/wp-json\/wp\/v2\/comments?post=239229"}],"wp:featuredmedia":[{"embeddable":true,"href":"https:\/\/interiorposter.com\/pl\/wp-json\/wp\/v2\/media\/239231"}],"wp:attachment":[{"href":"https:\/\/interiorposter.com\/pl\/wp-json\/wp\/v2\/media?parent=239229"}],"wp:term":[{"taxonomy":"product_brand","embeddable":true,"href":"https:\/\/interiorposter.com\/pl\/wp-json\/wp\/v2\/product_brand?post=239229"},{"taxonomy":"product_cat","embeddable":true,"href":"https:\/\/interiorposter.com\/pl\/wp-json\/wp\/v2\/product_cat?post=239229"},{"taxonomy":"product_tag","embeddable":true,"href":"https:\/\/interiorposter.com\/pl\/wp-json\/wp\/v2\/product_tag?post=239229"}],"curies":[{"name":"wp","href":"https:\/\/api.w.org\/{rel}","templated":true}]}}