{"id":226793,"date":"2026-03-05T21:20:28","date_gmt":"2026-03-05T20:20:28","guid":{"rendered":"https:\/\/interiorposter.com\/?post_type=product&#038;p=226793"},"modified":"2026-03-18T02:57:19","modified_gmt":"2026-03-18T01:57:19","slug":"obraz-na-plotnie-ptaki-na-galezi-o-zmierzchu","status":"publish","type":"product","link":"https:\/\/interiorposter.com\/pl\/product\/obraz-na-plotnie-ptaki-na-galezi-o-zmierzchu\/","title":{"rendered":"Obraz na p\u0142\u00f3tnie Ptaki na ga\u0142\u0119zi o zmierzchu"},"content":{"rendered":"<p>Ten obraz na p\u0142\u00f3tnie z romantycznym motywem dw\u00f3ch ptak\u00f3w na ga\u0142\u0119zi tworzy we wn\u0119trzu spokojny, nastrojowy klimat i przyci\u0105ga uwag\u0119 subteln\u0105 form\u0105. Kontrastowe sylwetki na tle mi\u0119kkiej, malarskiej kompozycji nadaj\u0105 dekoracji lekko\u015b\u0107 i elegancj\u0119, a jednocze\u015bnie wprowadzaj\u0105 do aran\u017cacji nut\u0119 ciep\u0142a oraz blisko\u015bci. Pastelowa kolorystyka z odcieniami b\u0142\u0119kitu, szaro\u015bci, zieleni i delikatnego r\u00f3\u017cu doskonale wsp\u00f3\u0142gra z nowoczesnymi, skandynawskimi i minimalistycznymi wn\u0119trzami. To idealny obraz do salonu, sypialni, przedpokoju, hotelu lub biura, szczeg\u00f3lnie dla os\u00f3b szukaj\u0105cych stylowych obraz\u00f3w na \u015bcian\u0119 z motywem natury.<\/p>\n","protected":false},"excerpt":{"rendered":"","protected":false},"featured_media":226854,"comment_status":"open","ping_status":"closed","template":"","meta":[],"product_brand":[],"product_cat":[88,76,291,299,104,73,85,113,70,256],"product_tag":[276,701,188],"class_list":{"0":"post-226793","1":"product","2":"type-product","3":"status-publish","4":"has-post-thumbnail","6":"product_cat-biuro","7":"product_cat-hotel-pl","8":"product_cat-ilustracje","9":"product_cat-malarskie","10":"product_cat-minimalistyczne","11":"product_cat-przedpokoj","12":"product_cat-salon","13":"product_cat-skandynawskie","14":"product_cat-sypialnia","15":"product_cat-zwierzeta-i-natura","16":"product_tag-jasne","17":"product_tag-poziomy","18":"product_tag-wielokolorowy","20":"first","21":"instock","22":"taxable","23":"shipping-taxable","24":"product-type-variable","25":"has-default-attributes"},"aioseo_notices":[],"_links":{"self":[{"href":"https:\/\/interiorposter.com\/pl\/wp-json\/wp\/v2\/product\/226793","targetHints":{"allow":["GET"]}}],"collection":[{"href":"https:\/\/interiorposter.com\/pl\/wp-json\/wp\/v2\/product"}],"about":[{"href":"https:\/\/interiorposter.com\/pl\/wp-json\/wp\/v2\/types\/product"}],"replies":[{"embeddable":true,"href":"https:\/\/interiorposter.com\/pl\/wp-json\/wp\/v2\/comments?post=226793"}],"wp:featuredmedia":[{"embeddable":true,"href":"https:\/\/interiorposter.com\/pl\/wp-json\/wp\/v2\/media\/226854"}],"wp:attachment":[{"href":"https:\/\/interiorposter.com\/pl\/wp-json\/wp\/v2\/media?parent=226793"}],"wp:term":[{"taxonomy":"product_brand","embeddable":true,"href":"https:\/\/interiorposter.com\/pl\/wp-json\/wp\/v2\/product_brand?post=226793"},{"taxonomy":"product_cat","embeddable":true,"href":"https:\/\/interiorposter.com\/pl\/wp-json\/wp\/v2\/product_cat?post=226793"},{"taxonomy":"product_tag","embeddable":true,"href":"https:\/\/interiorposter.com\/pl\/wp-json\/wp\/v2\/product_tag?post=226793"}],"curies":[{"name":"wp","href":"https:\/\/api.w.org\/{rel}","templated":true}]}}