{"id":225770,"date":"2026-03-05T20:55:35","date_gmt":"2026-03-05T19:55:35","guid":{"rendered":"https:\/\/interiorposter.com\/?post_type=product&#038;p=225770"},"modified":"2026-03-18T02:57:25","modified_gmt":"2026-03-18T01:57:25","slug":"obraz-na-plotnie-zyrafy-w-artystycznej-kompozycji","status":"publish","type":"product","link":"https:\/\/interiorposter.com\/pl\/product\/obraz-na-plotnie-zyrafy-w-artystycznej-kompozycji\/","title":{"rendered":"Obraz na p\u0142\u00f3tnie \u017byrafy w artystycznej kompozycji"},"content":{"rendered":"<p>Ten obraz na p\u0142\u00f3tnie z motywem \u017cyraf zachwyca lekk\u0105, artystyczn\u0105 form\u0105 i wprowadza do wn\u0119trza ciep\u0142o oraz elegancki, naturalny akcent. Subtelna kompozycja inspirowana malarsk\u0105 akwarel\u0105 \u0142\u0105czy egzotyczny temat z dekoracyjn\u0105 lekko\u015bci\u0105, dzi\u0119ki czemu obraz \u015bwietnie odnajduje si\u0119 zar\u00f3wno w nowoczesnych, jak i bardziej przytulnych aran\u017cacjach. Jasna, ciep\u0142a kolorystyka oparta na odcieniach be\u017cu, karmelu i br\u0105zu tworzy sp\u00f3jn\u0105, harmonijn\u0105 ca\u0142o\u015b\u0107. To doskona\u0142y obraz do salonu, sypialni, przedpokoju, biura, hotelu lub restauracji, szczeg\u00f3lnie dla os\u00f3b szukaj\u0105cych stylowych obraz\u00f3w na \u015bcian\u0119 z motywem natury.<\/p>\n","protected":false},"excerpt":{"rendered":"","protected":false},"featured_media":225831,"comment_status":"open","ping_status":"closed","template":"","meta":[],"product_brand":[],"product_cat":[88,76,291,299,107,73,91,85,70,209,256],"product_tag":[701,188],"class_list":{"0":"post-225770","1":"product","2":"type-product","3":"status-publish","4":"has-post-thumbnail","6":"product_cat-biuro","7":"product_cat-hotel-pl","8":"product_cat-ilustracje","9":"product_cat-malarskie","10":"product_cat-nowoczesne","11":"product_cat-przedpokoj","12":"product_cat-restauracja","13":"product_cat-salon","14":"product_cat-sypialnia","15":"product_cat-sztuka-koncepcyjna","16":"product_cat-zwierzeta-i-natura","17":"product_tag-poziomy","18":"product_tag-wielokolorowy","20":"first","21":"instock","22":"taxable","23":"shipping-taxable","24":"product-type-variable","25":"has-default-attributes"},"aioseo_notices":[],"_links":{"self":[{"href":"https:\/\/interiorposter.com\/pl\/wp-json\/wp\/v2\/product\/225770","targetHints":{"allow":["GET"]}}],"collection":[{"href":"https:\/\/interiorposter.com\/pl\/wp-json\/wp\/v2\/product"}],"about":[{"href":"https:\/\/interiorposter.com\/pl\/wp-json\/wp\/v2\/types\/product"}],"replies":[{"embeddable":true,"href":"https:\/\/interiorposter.com\/pl\/wp-json\/wp\/v2\/comments?post=225770"}],"wp:featuredmedia":[{"embeddable":true,"href":"https:\/\/interiorposter.com\/pl\/wp-json\/wp\/v2\/media\/225831"}],"wp:attachment":[{"href":"https:\/\/interiorposter.com\/pl\/wp-json\/wp\/v2\/media?parent=225770"}],"wp:term":[{"taxonomy":"product_brand","embeddable":true,"href":"https:\/\/interiorposter.com\/pl\/wp-json\/wp\/v2\/product_brand?post=225770"},{"taxonomy":"product_cat","embeddable":true,"href":"https:\/\/interiorposter.com\/pl\/wp-json\/wp\/v2\/product_cat?post=225770"},{"taxonomy":"product_tag","embeddable":true,"href":"https:\/\/interiorposter.com\/pl\/wp-json\/wp\/v2\/product_tag?post=225770"}],"curies":[{"name":"wp","href":"https:\/\/api.w.org\/{rel}","templated":true}]}}