{"id":215209,"date":"2026-03-05T16:54:37","date_gmt":"2026-03-05T15:54:37","guid":{"rendered":"https:\/\/interiorposter.com\/?post_type=product&#038;p=215209"},"modified":"2026-03-18T02:57:33","modified_gmt":"2026-03-18T01:57:33","slug":"obraz-na-plotnie-abstrakcyjne-czerwone-maki-w-stylu-akwarelowym","status":"publish","type":"product","link":"https:\/\/interiorposter.com\/pl\/product\/obraz-na-plotnie-abstrakcyjne-czerwone-maki-w-stylu-akwarelowym\/","title":{"rendered":"Obraz na p\u0142\u00f3tnie Abstrakcyjne czerwone maki w stylu akwarelowym"},"content":{"rendered":"<p>Ten obraz na p\u0142\u00f3tnie z motywem czerwonych mak\u00f3w zachwyca delikatn\u0105, artystyczn\u0105 form\u0105 i wnosi do wn\u0119trza lekko\u015b\u0107 po\u0142\u0105czon\u0105 z wyrazistym akcentem kolorystycznym. Malarska kompozycja inspirowana akwarel\u0105 subtelnie \u0142\u0105czy romantyczny charakter kwiat\u00f3w z nowoczesn\u0105 prostot\u0105, dzi\u0119ki czemu dekoracja przyci\u0105ga wzrok i pi\u0119knie dope\u0142nia aran\u017cacj\u0119. Jasne t\u0142o oraz ciep\u0142a kolorystyka oparta na odcieniach czerwieni, kremu, r\u00f3\u017cu i delikatnej szaro\u015bci sprawiaj\u0105, \u017ce obraz \u015bwietnie prezentuje si\u0119 w salonie, sypialni, przedpokoju, hotelu lub restauracji. To stylowy obraz na \u015bcian\u0119 dla os\u00f3b, kt\u00f3re ceni\u0105 elegancj\u0119, lekko\u015b\u0107 i ponadczasowe motywy ro\u015blinne.<\/p>\n","protected":false},"excerpt":{"rendered":"","protected":false},"featured_media":215270,"comment_status":"open","ping_status":"closed","template":"","meta":[],"product_brand":[],"product_cat":[76,291,299,73,91,125,85,70],"product_tag":[701,188],"class_list":{"0":"post-215209","1":"product","2":"type-product","3":"status-publish","4":"has-post-thumbnail","6":"product_cat-hotel-pl","7":"product_cat-ilustracje","8":"product_cat-malarskie","9":"product_cat-przedpokoj","10":"product_cat-restauracja","11":"product_cat-rosliny-i-kwiaty","12":"product_cat-salon","13":"product_cat-sypialnia","14":"product_tag-poziomy","15":"product_tag-wielokolorowy","17":"first","18":"instock","19":"taxable","20":"shipping-taxable","21":"purchasable","22":"product-type-variable","23":"has-default-attributes"},"aioseo_notices":[],"_links":{"self":[{"href":"https:\/\/interiorposter.com\/pl\/wp-json\/wp\/v2\/product\/215209","targetHints":{"allow":["GET"]}}],"collection":[{"href":"https:\/\/interiorposter.com\/pl\/wp-json\/wp\/v2\/product"}],"about":[{"href":"https:\/\/interiorposter.com\/pl\/wp-json\/wp\/v2\/types\/product"}],"replies":[{"embeddable":true,"href":"https:\/\/interiorposter.com\/pl\/wp-json\/wp\/v2\/comments?post=215209"}],"wp:featuredmedia":[{"embeddable":true,"href":"https:\/\/interiorposter.com\/pl\/wp-json\/wp\/v2\/media\/215270"}],"wp:attachment":[{"href":"https:\/\/interiorposter.com\/pl\/wp-json\/wp\/v2\/media?parent=215209"}],"wp:term":[{"taxonomy":"product_brand","embeddable":true,"href":"https:\/\/interiorposter.com\/pl\/wp-json\/wp\/v2\/product_brand?post=215209"},{"taxonomy":"product_cat","embeddable":true,"href":"https:\/\/interiorposter.com\/pl\/wp-json\/wp\/v2\/product_cat?post=215209"},{"taxonomy":"product_tag","embeddable":true,"href":"https:\/\/interiorposter.com\/pl\/wp-json\/wp\/v2\/product_tag?post=215209"}],"curies":[{"name":"wp","href":"https:\/\/api.w.org\/{rel}","templated":true}]}}