{"id":179975,"date":"2026-02-28T22:18:43","date_gmt":"2026-02-28T21:18:43","guid":{"rendered":"https:\/\/interiorposter.com\/?post_type=product&#038;p=179975"},"modified":"2026-03-18T02:57:39","modified_gmt":"2026-03-18T01:57:39","slug":"obraz-na-plotnie-czlowiek-witruwianski-styl-da-vinci","status":"publish","type":"product","link":"https:\/\/interiorposter.com\/pl\/product\/obraz-na-plotnie-czlowiek-witruwianski-styl-da-vinci\/","title":{"rendered":"Obraz na p\u0142\u00f3tnie Cz\u0142owiek Witruwia\u0144ski styl Da Vinci"},"content":{"rendered":"<p>Klasyka sztuki w ponadczasowej ods\u0142onie, kt\u00f3ra nada wn\u0119trzu intelektualny charakter i eleganck\u0105 g\u0142\u0119bi\u0119. Ten obraz na p\u0142\u00f3tnie inspirowany szkicem Cz\u0142owieka witruwia\u0144skiego w stylu Leonarda da Vinci \u0142\u0105czy sylwetk\u0119 cz\u0142owieka z geometri\u0105 ko\u0142a i kwadratu, tworz\u0105c mocny, rozpoznawalny akcent na \u015bcianie. Kolorystyka jest ciep\u0142a i stonowana, dominuj\u0105 odcienie sepii, be\u017cu i br\u0105zu z efektem postarzanego pergaminu. \u015awietnie sprawdzi si\u0119 jako obraz do salonu, biura, przedpokoju, sypialni, hotelu lub restauracji, szczeg\u00f3lnie w aran\u017cacjach klasycznych, industrialnych i minimalistycznych.<\/p>\n","protected":false},"excerpt":{"rendered":"<p>Obraz na p\u0142\u00f3tnie inspirowany Cz\u0142owiekiem witruwia\u0144skim w stylu da Vinci, w ciep\u0142ych odcieniach sepii i be\u017cu. Wyrazista dekoracja do salonu, biura i hotelu.<\/p>\n","protected":false},"featured_media":180036,"comment_status":"open","ping_status":"closed","template":"","meta":[],"product_brand":[],"product_cat":[88,212,76,291,305,73,91,85,70,209],"product_tag":[701,188],"class_list":{"0":"post-179975","1":"product","2":"type-product","3":"status-publish","4":"has-post-thumbnail","6":"product_cat-biuro","7":"product_cat-geometryczne","8":"product_cat-hotel-pl","9":"product_cat-ilustracje","10":"product_cat-ludzie","11":"product_cat-przedpokoj","12":"product_cat-restauracja","13":"product_cat-salon","14":"product_cat-sypialnia","15":"product_cat-sztuka-koncepcyjna","16":"product_tag-poziomy","17":"product_tag-wielokolorowy","19":"first","20":"instock","21":"taxable","22":"shipping-taxable","23":"product-type-variable","24":"has-default-attributes"},"aioseo_notices":[],"_links":{"self":[{"href":"https:\/\/interiorposter.com\/pl\/wp-json\/wp\/v2\/product\/179975","targetHints":{"allow":["GET"]}}],"collection":[{"href":"https:\/\/interiorposter.com\/pl\/wp-json\/wp\/v2\/product"}],"about":[{"href":"https:\/\/interiorposter.com\/pl\/wp-json\/wp\/v2\/types\/product"}],"replies":[{"embeddable":true,"href":"https:\/\/interiorposter.com\/pl\/wp-json\/wp\/v2\/comments?post=179975"}],"wp:featuredmedia":[{"embeddable":true,"href":"https:\/\/interiorposter.com\/pl\/wp-json\/wp\/v2\/media\/180036"}],"wp:attachment":[{"href":"https:\/\/interiorposter.com\/pl\/wp-json\/wp\/v2\/media?parent=179975"}],"wp:term":[{"taxonomy":"product_brand","embeddable":true,"href":"https:\/\/interiorposter.com\/pl\/wp-json\/wp\/v2\/product_brand?post=179975"},{"taxonomy":"product_cat","embeddable":true,"href":"https:\/\/interiorposter.com\/pl\/wp-json\/wp\/v2\/product_cat?post=179975"},{"taxonomy":"product_tag","embeddable":true,"href":"https:\/\/interiorposter.com\/pl\/wp-json\/wp\/v2\/product_tag?post=179975"}],"curies":[{"name":"wp","href":"https:\/\/api.w.org\/{rel}","templated":true}]}}