{"id":179603,"date":"2026-02-28T22:10:23","date_gmt":"2026-02-28T21:10:23","guid":{"rendered":"https:\/\/interiorposter.com\/?post_type=product&#038;p=179603"},"modified":"2026-03-18T02:57:50","modified_gmt":"2026-03-18T01:57:50","slug":"obraz-na-plotnie-ara-w-locie-energia-koloru","status":"publish","type":"product","link":"https:\/\/interiorposter.com\/pl\/product\/obraz-na-plotnie-ara-w-locie-energia-koloru\/","title":{"rendered":"Obraz na p\u0142\u00f3tnie Ara w locie energia koloru"},"content":{"rendered":"<p>Dodaj wn\u0119trzu energii i efektu wow. Ten obraz na p\u0142\u00f3tnie przedstawia ar\u0119 w locie, uchwycon\u0105 w dynamicznym momencie, gdy rozpostarte skrzyd\u0142a tworz\u0105 spektakularn\u0105 sylwetk\u0119 na tle g\u0142\u0119bokiego granatu. Kompozycja przyci\u0105ga wzrok kontrastem i ruchem, dlatego \u015bwietnie pasuje do nowoczesnych aran\u017cacji. Kolorystyka jest intensywna: nasycone b\u0142\u0119kity i turkusy pi\u00f3r \u0142\u0105cz\u0105 si\u0119 z ciep\u0142ymi \u017c\u00f3\u0142ciami oraz z\u0142otem, a za ptakiem rozmywa si\u0119 barwna smuga podkre\u015blaj\u0105ca dynamik\u0119 uj\u0119cia. To idealny obraz do salonu, biura lub przedpokoju, sprawdzi si\u0119 te\u017c w hotelu i restauracji jako wyrazista dekoracja na \u015bcian\u0119.<\/p>\n","protected":false},"excerpt":{"rendered":"<p>Obraz na p\u0142\u00f3tnie z ar\u0105 w locie na granatowym tle. Intensywne b\u0142\u0119kity i z\u0142oto oraz barwna smuga tworz\u0105 nowoczesn\u0105 dekoracj\u0119 do salonu i biura.<\/p>\n","protected":false},"featured_media":179664,"comment_status":"open","ping_status":"closed","template":"","meta":[],"product_brand":[],"product_cat":[97,88,110,101,76,291,107,73,91,85,70,209,256],"product_tag":[273,701,188],"class_list":{"0":"post-179603","1":"product","2":"type-product","3":"status-publish","4":"has-post-thumbnail","6":"product_cat-abstrakcja","7":"product_cat-biuro","8":"product_cat-fotografia","9":"product_cat-glamour-pl","10":"product_cat-hotel-pl","11":"product_cat-ilustracje","12":"product_cat-nowoczesne","13":"product_cat-przedpokoj","14":"product_cat-restauracja","15":"product_cat-salon","16":"product_cat-sypialnia","17":"product_cat-sztuka-koncepcyjna","18":"product_cat-zwierzeta-i-natura","19":"product_tag-dark-pl","20":"product_tag-poziomy","21":"product_tag-wielokolorowy","23":"first","24":"instock","25":"taxable","26":"shipping-taxable","27":"purchasable","28":"product-type-variable","29":"has-default-attributes"},"aioseo_notices":[],"_links":{"self":[{"href":"https:\/\/interiorposter.com\/pl\/wp-json\/wp\/v2\/product\/179603","targetHints":{"allow":["GET"]}}],"collection":[{"href":"https:\/\/interiorposter.com\/pl\/wp-json\/wp\/v2\/product"}],"about":[{"href":"https:\/\/interiorposter.com\/pl\/wp-json\/wp\/v2\/types\/product"}],"replies":[{"embeddable":true,"href":"https:\/\/interiorposter.com\/pl\/wp-json\/wp\/v2\/comments?post=179603"}],"wp:featuredmedia":[{"embeddable":true,"href":"https:\/\/interiorposter.com\/pl\/wp-json\/wp\/v2\/media\/179664"}],"wp:attachment":[{"href":"https:\/\/interiorposter.com\/pl\/wp-json\/wp\/v2\/media?parent=179603"}],"wp:term":[{"taxonomy":"product_brand","embeddable":true,"href":"https:\/\/interiorposter.com\/pl\/wp-json\/wp\/v2\/product_brand?post=179603"},{"taxonomy":"product_cat","embeddable":true,"href":"https:\/\/interiorposter.com\/pl\/wp-json\/wp\/v2\/product_cat?post=179603"},{"taxonomy":"product_tag","embeddable":true,"href":"https:\/\/interiorposter.com\/pl\/wp-json\/wp\/v2\/product_tag?post=179603"}],"curies":[{"name":"wp","href":"https:\/\/api.w.org\/{rel}","templated":true}]}}