{"id":179510,"date":"2026-02-28T22:08:18","date_gmt":"2026-02-28T21:08:18","guid":{"rendered":"https:\/\/interiorposter.com\/?post_type=product&#038;p=179510"},"modified":"2026-03-18T02:57:54","modified_gmt":"2026-03-18T01:57:54","slug":"obraz-na-plotnie-abstrakcja-barwny-przelom","status":"publish","type":"product","link":"https:\/\/interiorposter.com\/pl\/product\/obraz-na-plotnie-abstrakcja-barwny-przelom\/","title":{"rendered":"Obraz na p\u0142\u00f3tnie Abstrakcja Barwny prze\u0142om"},"content":{"rendered":"<p>Dodaj wn\u0119trzu energii i artystycznej odwagi. Ten obraz na p\u0142\u00f3tnie to ekspresyjna abstrakcja z wyra\u017an\u0105 faktur\u0105, przetarciami i dynamicznymi smugami, kt\u00f3re buduj\u0105 wra\u017cenie ruchu oraz g\u0142\u0119bi. Kompozycja opiera si\u0119 na mocnym kontra\u015bcie: ciemne grafity i czernie spotykaj\u0105 si\u0119 z be\u017cami oraz z\u0142aman\u0105 biel\u0105, a pas fioletu i magenty z akcentem pomara\u0144czu tworzy efektowny punkt skupienia. To \u015bwietny obraz do salonu, biura lub sypialni, sprawdzi si\u0119 te\u017c w hotelu, restauracji i przedpokoju jako nowoczesna dekoracja na \u015bcian\u0119. Przyci\u0105ga wzrok i podkre\u015bla styl wn\u0119trza.<\/p>\n","protected":false},"excerpt":{"rendered":"<p>Ekspresyjna abstrakcja na p\u0142\u00f3tnie z czerni\u0105, be\u017cem i mocnym pasem fioletu oraz magenty. Wyrazisty obraz do salonu, biura i sypialni.<\/p>\n","protected":false},"featured_media":183392,"comment_status":"open","ping_status":"closed","template":"","meta":[],"product_brand":[],"product_cat":[97,88,212,76,299,107,73,91,85,70,209],"product_tag":[701,188],"class_list":{"0":"post-179510","1":"product","2":"type-product","3":"status-publish","4":"has-post-thumbnail","6":"product_cat-abstrakcja","7":"product_cat-biuro","8":"product_cat-geometryczne","9":"product_cat-hotel-pl","10":"product_cat-malarskie","11":"product_cat-nowoczesne","12":"product_cat-przedpokoj","13":"product_cat-restauracja","14":"product_cat-salon","15":"product_cat-sypialnia","16":"product_cat-sztuka-koncepcyjna","17":"product_tag-poziomy","18":"product_tag-wielokolorowy","20":"first","21":"instock","22":"taxable","23":"shipping-taxable","24":"purchasable","25":"product-type-variable","26":"has-default-attributes"},"aioseo_notices":[],"_links":{"self":[{"href":"https:\/\/interiorposter.com\/pl\/wp-json\/wp\/v2\/product\/179510","targetHints":{"allow":["GET"]}}],"collection":[{"href":"https:\/\/interiorposter.com\/pl\/wp-json\/wp\/v2\/product"}],"about":[{"href":"https:\/\/interiorposter.com\/pl\/wp-json\/wp\/v2\/types\/product"}],"replies":[{"embeddable":true,"href":"https:\/\/interiorposter.com\/pl\/wp-json\/wp\/v2\/comments?post=179510"}],"wp:featuredmedia":[{"embeddable":true,"href":"https:\/\/interiorposter.com\/pl\/wp-json\/wp\/v2\/media\/183392"}],"wp:attachment":[{"href":"https:\/\/interiorposter.com\/pl\/wp-json\/wp\/v2\/media?parent=179510"}],"wp:term":[{"taxonomy":"product_brand","embeddable":true,"href":"https:\/\/interiorposter.com\/pl\/wp-json\/wp\/v2\/product_brand?post=179510"},{"taxonomy":"product_cat","embeddable":true,"href":"https:\/\/interiorposter.com\/pl\/wp-json\/wp\/v2\/product_cat?post=179510"},{"taxonomy":"product_tag","embeddable":true,"href":"https:\/\/interiorposter.com\/pl\/wp-json\/wp\/v2\/product_tag?post=179510"}],"curies":[{"name":"wp","href":"https:\/\/api.w.org\/{rel}","templated":true}]}}