{"id":179011,"date":"2026-02-28T21:57:16","date_gmt":"2026-02-28T20:57:16","guid":{"rendered":"https:\/\/interiorposter.com\/?post_type=product&#038;p=179011"},"modified":"2026-03-18T02:58:09","modified_gmt":"2026-03-18T01:58:09","slug":"obraz-na-plotnie-abstrakcja-z-lisciem-w-zlocie","status":"publish","type":"product","link":"https:\/\/interiorposter.com\/pl\/product\/obraz-na-plotnie-abstrakcja-z-lisciem-w-zlocie\/","title":{"rendered":"Obraz na p\u0142\u00f3tnie Abstrakcja z li\u015bciem w z\u0142ocie"},"content":{"rendered":"<p>Dodaj wn\u0119trzu elegancji i lekko\u015bci w nowoczesnym stylu. Ten obraz na p\u0142\u00f3tnie \u0142\u0105czy abstrakcyjne formy z ro\u015blinnym motywem li\u015bcia, tworz\u0105c modn\u0105, dekoracyjn\u0105 kompozycj\u0119. W tle pojawiaj\u0105 si\u0119 graficzne kropki i kontrastowe kszta\u0142ty, kt\u00f3re nadaj\u0105 ca\u0142o\u015bci rytm i designerski charakter. Kolorystyka jest stonowana i elegancka: biel oraz szaro\u015bci marmuru prze\u0142amuje g\u0142\u0119boka czer\u0144, a z\u0142oty li\u015b\u0107 wprowadza ciep\u0142y akcent glamour. To \u015bwietny obraz do salonu, sypialni i biura, pasuje te\u017c do przedpokoju, hotelu oraz restauracji. Dekoracja na \u015bcian\u0119, kt\u00f3ra wygl\u0105da stylowo i przyci\u0105ga spojrzenia.<\/p>\n","protected":false},"excerpt":{"rendered":"<p>Nowoczesna abstrakcja na p\u0142\u00f3tnie z czerni\u0105, marmurow\u0105 szaro\u015bci\u0105 i z\u0142otym li\u015bciem. Elegancka dekoracja na \u015bcian\u0119 do salonu i sypialni.<\/p>\n","protected":false},"featured_media":183192,"comment_status":"open","ping_status":"closed","template":"","meta":[],"product_brand":[],"product_cat":[97,88,212,101,76,104,107,73,91,125,85,70,209],"product_tag":[276,701,188],"class_list":{"0":"post-179011","1":"product","2":"type-product","3":"status-publish","4":"has-post-thumbnail","6":"product_cat-abstrakcja","7":"product_cat-biuro","8":"product_cat-geometryczne","9":"product_cat-glamour-pl","10":"product_cat-hotel-pl","11":"product_cat-minimalistyczne","12":"product_cat-nowoczesne","13":"product_cat-przedpokoj","14":"product_cat-restauracja","15":"product_cat-rosliny-i-kwiaty","16":"product_cat-salon","17":"product_cat-sypialnia","18":"product_cat-sztuka-koncepcyjna","19":"product_tag-jasne","20":"product_tag-poziomy","21":"product_tag-wielokolorowy","23":"first","24":"instock","25":"taxable","26":"shipping-taxable","27":"product-type-variable","28":"has-default-attributes"},"aioseo_notices":[],"_links":{"self":[{"href":"https:\/\/interiorposter.com\/pl\/wp-json\/wp\/v2\/product\/179011","targetHints":{"allow":["GET"]}}],"collection":[{"href":"https:\/\/interiorposter.com\/pl\/wp-json\/wp\/v2\/product"}],"about":[{"href":"https:\/\/interiorposter.com\/pl\/wp-json\/wp\/v2\/types\/product"}],"replies":[{"embeddable":true,"href":"https:\/\/interiorposter.com\/pl\/wp-json\/wp\/v2\/comments?post=179011"}],"wp:featuredmedia":[{"embeddable":true,"href":"https:\/\/interiorposter.com\/pl\/wp-json\/wp\/v2\/media\/183192"}],"wp:attachment":[{"href":"https:\/\/interiorposter.com\/pl\/wp-json\/wp\/v2\/media?parent=179011"}],"wp:term":[{"taxonomy":"product_brand","embeddable":true,"href":"https:\/\/interiorposter.com\/pl\/wp-json\/wp\/v2\/product_brand?post=179011"},{"taxonomy":"product_cat","embeddable":true,"href":"https:\/\/interiorposter.com\/pl\/wp-json\/wp\/v2\/product_cat?post=179011"},{"taxonomy":"product_tag","embeddable":true,"href":"https:\/\/interiorposter.com\/pl\/wp-json\/wp\/v2\/product_tag?post=179011"}],"curies":[{"name":"wp","href":"https:\/\/api.w.org\/{rel}","templated":true}]}}