{"id":178825,"date":"2026-02-28T21:53:11","date_gmt":"2026-02-28T20:53:11","guid":{"rendered":"https:\/\/interiorposter.com\/?post_type=product&#038;p=178825"},"modified":"2026-03-18T02:58:16","modified_gmt":"2026-03-18T01:58:16","slug":"obraz-na-plotnie-pastelowa-panorama-miasta-nad-woda","status":"publish","type":"product","link":"https:\/\/interiorposter.com\/pl\/product\/obraz-na-plotnie-pastelowa-panorama-miasta-nad-woda\/","title":{"rendered":"Obraz na p\u0142\u00f3tnie Pastelowa panorama miasta nad wod\u0105"},"content":{"rendered":"<p>Wprowad\u017a do wn\u0119trza lekko\u015b\u0107 i nowoczesn\u0105 elegancj\u0119 dzi\u0119ki subtelnej panoramie miasta z odbiciem w wodzie. Ten obraz na p\u0142\u00f3tnie zachwyca mi\u0119kkimi przej\u015bciami barw i impresyjn\u0105 form\u0105, kt\u00f3ra dodaje przestrzeni g\u0142\u0119bi oraz spokoju. Kolorystyka jest jasna i pastelowa, z dominacj\u0105 b\u0142\u0119kit\u00f3w, szaro\u015bci i be\u017c\u00f3w, prze\u0142amanych ciep\u0142ymi akcentami pomara\u0144czu i z\u0142ota. \u015awietnie sprawdzi si\u0119 jako obraz do salonu, sypialni, biura, przedpokoju, hotelu lub restauracji, gdy chcesz podkre\u015bli\u0107 styl wn\u0119trza i stworzy\u0107 efektown\u0105 dekoracj\u0119 \u015bciany.<\/p>\n","protected":false},"excerpt":{"rendered":"<p>Jasny, pastelowy obraz na p\u0142\u00f3tnie z panoram\u0105 miasta i odbiciem w wodzie. B\u0142\u0119kity i be\u017ce z ciep\u0142ymi akcentami tworz\u0105 eleganck\u0105 dekoracj\u0119 do salonu, biura i sypialni.<\/p>\n","protected":false},"featured_media":178886,"comment_status":"open","ping_status":"closed","template":"","meta":[],"product_brand":[],"product_cat":[97,88,76,299,122,107,73,91,85,70],"product_tag":[279,701,188],"class_list":{"0":"post-178825","1":"product","2":"type-product","3":"status-publish","4":"has-post-thumbnail","6":"product_cat-abstrakcja","7":"product_cat-biuro","8":"product_cat-hotel-pl","9":"product_cat-malarskie","10":"product_cat-miasta-i-mosty","11":"product_cat-nowoczesne","12":"product_cat-przedpokoj","13":"product_cat-restauracja","14":"product_cat-salon","15":"product_cat-sypialnia","16":"product_tag-pastelowe","17":"product_tag-poziomy","18":"product_tag-wielokolorowy","20":"first","21":"instock","22":"taxable","23":"shipping-taxable","24":"purchasable","25":"product-type-variable","26":"has-default-attributes"},"aioseo_notices":[],"_links":{"self":[{"href":"https:\/\/interiorposter.com\/pl\/wp-json\/wp\/v2\/product\/178825","targetHints":{"allow":["GET"]}}],"collection":[{"href":"https:\/\/interiorposter.com\/pl\/wp-json\/wp\/v2\/product"}],"about":[{"href":"https:\/\/interiorposter.com\/pl\/wp-json\/wp\/v2\/types\/product"}],"replies":[{"embeddable":true,"href":"https:\/\/interiorposter.com\/pl\/wp-json\/wp\/v2\/comments?post=178825"}],"wp:featuredmedia":[{"embeddable":true,"href":"https:\/\/interiorposter.com\/pl\/wp-json\/wp\/v2\/media\/178886"}],"wp:attachment":[{"href":"https:\/\/interiorposter.com\/pl\/wp-json\/wp\/v2\/media?parent=178825"}],"wp:term":[{"taxonomy":"product_brand","embeddable":true,"href":"https:\/\/interiorposter.com\/pl\/wp-json\/wp\/v2\/product_brand?post=178825"},{"taxonomy":"product_cat","embeddable":true,"href":"https:\/\/interiorposter.com\/pl\/wp-json\/wp\/v2\/product_cat?post=178825"},{"taxonomy":"product_tag","embeddable":true,"href":"https:\/\/interiorposter.com\/pl\/wp-json\/wp\/v2\/product_tag?post=178825"}],"curies":[{"name":"wp","href":"https:\/\/api.w.org\/{rel}","templated":true}]}}