{"id":178546,"date":"2026-02-28T21:47:08","date_gmt":"2026-02-28T20:47:08","guid":{"rendered":"https:\/\/interiorposter.com\/?post_type=product&#038;p=178546"},"modified":"2026-03-18T02:58:24","modified_gmt":"2026-03-18T01:58:24","slug":"obraz-na-plotnie-abstrakcyjna-podroz-ku-czerwonemu-sloncu","status":"publish","type":"product","link":"https:\/\/interiorposter.com\/pl\/product\/obraz-na-plotnie-abstrakcyjna-podroz-ku-czerwonemu-sloncu\/","title":{"rendered":"Obraz na p\u0142\u00f3tnie Abstrakcyjna podr\u00f3\u017c ku czerwonemu s\u0142o\u0144cu"},"content":{"rendered":"<p>Wprowad\u017a do wn\u0119trza spok\u00f3j i nut\u0119 marzenia. Ten obraz na p\u0142\u00f3tnie przedstawia fantazyjny krajobraz w stylu akwareli: mi\u0119kkie, faluj\u0105ce formy ska\u0142, delikatne odbicia na wodzie oraz drobne sylwetki drzew i ptak\u00f3w, kt\u00f3re buduj\u0105 wyj\u0105tkow\u0105 atmosfer\u0119. Kolorystyka jest jasna i pastelowa: ch\u0142odne b\u0142\u0119kity oraz szaro\u015bci \u0142\u0105cz\u0105 si\u0119 z be\u017cami i ciep\u0142ymi, rdzawo-miedzianymi akcentami, a czerwone s\u0142o\u0144ce dodaje kompozycji wyrazistego punktu. To idealny obraz do salonu, sypialni lub biura, pi\u0119knie sprawdzi si\u0119 te\u017c w hotelu i przedpokoju. Dekoracja na \u015bcian\u0119, kt\u00f3ra uspokaja i przyci\u0105ga spojrzenia detalami.<\/p>\n","protected":false},"excerpt":{"rendered":"<p>Pastelowy obraz na p\u0142\u00f3tnie z pejza\u017cem w stylu akwareli, ptakami i czerwonym s\u0142o\u0144cem. Subtelna dekoracja na \u015bcian\u0119 do salonu, sypialni i biura.<\/p>\n","protected":false},"featured_media":183045,"comment_status":"open","ping_status":"closed","template":"","meta":[],"product_brand":[],"product_cat":[97,88,76,137,104,143,107,73,91,85,70,209,256],"product_tag":[276,279,701,188],"class_list":{"0":"post-178546","1":"product","2":"type-product","3":"status-publish","4":"has-post-thumbnail","6":"product_cat-abstrakcja","7":"product_cat-biuro","8":"product_cat-hotel-pl","9":"product_cat-krajobrazy","10":"product_cat-minimalistyczne","11":"product_cat-morze-i-wybrzeze","12":"product_cat-nowoczesne","13":"product_cat-przedpokoj","14":"product_cat-restauracja","15":"product_cat-salon","16":"product_cat-sypialnia","17":"product_cat-sztuka-koncepcyjna","18":"product_cat-zwierzeta-i-natura","19":"product_tag-jasne","20":"product_tag-pastelowe","21":"product_tag-poziomy","22":"product_tag-wielokolorowy","24":"first","25":"instock","26":"taxable","27":"shipping-taxable","28":"product-type-variable","29":"has-default-attributes"},"aioseo_notices":[],"_links":{"self":[{"href":"https:\/\/interiorposter.com\/pl\/wp-json\/wp\/v2\/product\/178546","targetHints":{"allow":["GET"]}}],"collection":[{"href":"https:\/\/interiorposter.com\/pl\/wp-json\/wp\/v2\/product"}],"about":[{"href":"https:\/\/interiorposter.com\/pl\/wp-json\/wp\/v2\/types\/product"}],"replies":[{"embeddable":true,"href":"https:\/\/interiorposter.com\/pl\/wp-json\/wp\/v2\/comments?post=178546"}],"wp:featuredmedia":[{"embeddable":true,"href":"https:\/\/interiorposter.com\/pl\/wp-json\/wp\/v2\/media\/183045"}],"wp:attachment":[{"href":"https:\/\/interiorposter.com\/pl\/wp-json\/wp\/v2\/media?parent=178546"}],"wp:term":[{"taxonomy":"product_brand","embeddable":true,"href":"https:\/\/interiorposter.com\/pl\/wp-json\/wp\/v2\/product_brand?post=178546"},{"taxonomy":"product_cat","embeddable":true,"href":"https:\/\/interiorposter.com\/pl\/wp-json\/wp\/v2\/product_cat?post=178546"},{"taxonomy":"product_tag","embeddable":true,"href":"https:\/\/interiorposter.com\/pl\/wp-json\/wp\/v2\/product_tag?post=178546"}],"curies":[{"name":"wp","href":"https:\/\/api.w.org\/{rel}","templated":true}]}}