{"id":178453,"date":"2026-02-28T21:45:04","date_gmt":"2026-02-28T20:45:04","guid":{"rendered":"https:\/\/interiorposter.com\/?post_type=product&#038;p=178453"},"modified":"2026-03-18T02:58:28","modified_gmt":"2026-03-18T01:58:28","slug":"obraz-na-plotnie-minimalistyczna-abstrakcja-z-rozem","status":"publish","type":"product","link":"https:\/\/interiorposter.com\/pl\/product\/obraz-na-plotnie-minimalistyczna-abstrakcja-z-rozem\/","title":{"rendered":"Obraz na p\u0142\u00f3tnie Minimalistyczna abstrakcja z r\u00f3\u017cem"},"content":{"rendered":"<p>Subtelny detal, kt\u00f3ry robi r\u00f3\u017cnic\u0119. Ten obraz na p\u0142\u00f3tnie to minimalistyczna abstrakcja oparta na prostych poci\u0105gni\u0119ciach i lekkiej fakturze, dzi\u0119ki czemu wn\u0119trze zyskuje elegancki, nowoczesny rytm. Kolorystyka jest jasna i stonowana: czysta biel \u0142\u0105czy si\u0119 z pudrowym r\u00f3\u017cem, szaro\u015bciami oraz kontrastow\u0105 czerni\u0105 w formie wyrazistej smugi. Taka kompozycja \u015bwietnie odnajdzie si\u0119 jako obraz do salonu, sypialni lub biura, pasuje te\u017c do przedpokoju, hotelu i restauracji, gdzie liczy si\u0119 styl i lekko\u015b\u0107. To dekoracja na \u015bcian\u0119, kt\u00f3ra uspokaja przestrze\u0144 i podkre\u015bla dobry gust.<\/p>\n","protected":false},"excerpt":{"rendered":"<p>Minimalistyczny obraz na p\u0142\u00f3tnie z pudrowym r\u00f3\u017cem, biel\u0105, szaro\u015bci\u0105 i czerni\u0105. Elegancka dekoracja na \u015bcian\u0119 do salonu, sypialni i biura.<\/p>\n","protected":false},"featured_media":178514,"comment_status":"open","ping_status":"closed","template":"","meta":[],"product_brand":[],"product_cat":[97,88,212,76,299,104,107,73,91,85,113,70,209],"product_tag":[276,701,182,188],"class_list":{"0":"post-178453","1":"product","2":"type-product","3":"status-publish","4":"has-post-thumbnail","6":"product_cat-abstrakcja","7":"product_cat-biuro","8":"product_cat-geometryczne","9":"product_cat-hotel-pl","10":"product_cat-malarskie","11":"product_cat-minimalistyczne","12":"product_cat-nowoczesne","13":"product_cat-przedpokoj","14":"product_cat-restauracja","15":"product_cat-salon","16":"product_cat-skandynawskie","17":"product_cat-sypialnia","18":"product_cat-sztuka-koncepcyjna","19":"product_tag-jasne","20":"product_tag-poziomy","21":"product_tag-szary","22":"product_tag-wielokolorowy","24":"first","25":"instock","26":"taxable","27":"shipping-taxable","28":"product-type-variable","29":"has-default-attributes"},"aioseo_notices":[],"_links":{"self":[{"href":"https:\/\/interiorposter.com\/pl\/wp-json\/wp\/v2\/product\/178453","targetHints":{"allow":["GET"]}}],"collection":[{"href":"https:\/\/interiorposter.com\/pl\/wp-json\/wp\/v2\/product"}],"about":[{"href":"https:\/\/interiorposter.com\/pl\/wp-json\/wp\/v2\/types\/product"}],"replies":[{"embeddable":true,"href":"https:\/\/interiorposter.com\/pl\/wp-json\/wp\/v2\/comments?post=178453"}],"wp:featuredmedia":[{"embeddable":true,"href":"https:\/\/interiorposter.com\/pl\/wp-json\/wp\/v2\/media\/178514"}],"wp:attachment":[{"href":"https:\/\/interiorposter.com\/pl\/wp-json\/wp\/v2\/media?parent=178453"}],"wp:term":[{"taxonomy":"product_brand","embeddable":true,"href":"https:\/\/interiorposter.com\/pl\/wp-json\/wp\/v2\/product_brand?post=178453"},{"taxonomy":"product_cat","embeddable":true,"href":"https:\/\/interiorposter.com\/pl\/wp-json\/wp\/v2\/product_cat?post=178453"},{"taxonomy":"product_tag","embeddable":true,"href":"https:\/\/interiorposter.com\/pl\/wp-json\/wp\/v2\/product_tag?post=178453"}],"curies":[{"name":"wp","href":"https:\/\/api.w.org\/{rel}","templated":true}]}}