{"id":178267,"date":"2026-02-28T21:41:01","date_gmt":"2026-02-28T20:41:01","guid":{"rendered":"https:\/\/interiorposter.com\/?post_type=product&#038;p=178267"},"modified":"2026-03-18T02:58:36","modified_gmt":"2026-03-18T01:58:36","slug":"obraz-na-plotnie-gory-w-stylu-akwareli-w-blekitach","status":"publish","type":"product","link":"https:\/\/interiorposter.com\/pl\/product\/obraz-na-plotnie-gory-w-stylu-akwareli-w-blekitach\/","title":{"rendered":"Obraz na p\u0142\u00f3tnie G\u00f3ry w stylu akwareli w b\u0142\u0119kitach"},"content":{"rendered":"<p>Wprowad\u017a do wn\u0119trza oddech przestrzeni i spok\u00f3j natury. Ten obraz na p\u0142\u00f3tnie przedstawia g\u00f3rski pejza\u017c w stylu akwareli, z lekk\u0105 mgie\u0142k\u0105 i mi\u0119kkimi przej\u015bciami barw, kt\u00f3re buduj\u0105 koj\u0105cy, nowoczesny klimat. Kolorystyka jest ch\u0142odna i stonowana: odcienie b\u0142\u0119kitu i granatu \u0142\u0105cz\u0105 si\u0119 z jasn\u0105 szaro\u015bci\u0105 oraz subtelnymi, pudrowo-r\u00f3\u017cowymi akcentami na szczytach. To idealny obraz do salonu, sypialni lub biura, \u015bwietnie pasuje te\u017c do hotelu i przedpokoju, gdzie ma wprowadza\u0107 harmoni\u0119. Dekoracja na \u015bcian\u0119, kt\u00f3ra dodaje lekko\u015bci i pi\u0119knie dope\u0142nia jasne wn\u0119trza.<\/p>\n","protected":false},"excerpt":{"rendered":"<p>Obraz na p\u0142\u00f3tnie z g\u00f3rskim pejza\u017cem w stylu akwareli w b\u0142\u0119kitach i granatach z delikatn\u0105 nut\u0105 r\u00f3\u017cu. Spokojna dekoracja do salonu i sypialni.<\/p>\n","protected":false},"featured_media":178328,"comment_status":"open","ping_status":"closed","template":"","meta":[],"product_brand":[],"product_cat":[88,76,137,299,104,107,73,91,85,113,70,209],"product_tag":[701,188],"class_list":{"0":"post-178267","1":"product","2":"type-product","3":"status-publish","4":"has-post-thumbnail","6":"product_cat-biuro","7":"product_cat-hotel-pl","8":"product_cat-krajobrazy","9":"product_cat-malarskie","10":"product_cat-minimalistyczne","11":"product_cat-nowoczesne","12":"product_cat-przedpokoj","13":"product_cat-restauracja","14":"product_cat-salon","15":"product_cat-skandynawskie","16":"product_cat-sypialnia","17":"product_cat-sztuka-koncepcyjna","18":"product_tag-poziomy","19":"product_tag-wielokolorowy","21":"first","22":"instock","23":"taxable","24":"shipping-taxable","25":"purchasable","26":"product-type-variable","27":"has-default-attributes"},"aioseo_notices":[],"_links":{"self":[{"href":"https:\/\/interiorposter.com\/pl\/wp-json\/wp\/v2\/product\/178267","targetHints":{"allow":["GET"]}}],"collection":[{"href":"https:\/\/interiorposter.com\/pl\/wp-json\/wp\/v2\/product"}],"about":[{"href":"https:\/\/interiorposter.com\/pl\/wp-json\/wp\/v2\/types\/product"}],"replies":[{"embeddable":true,"href":"https:\/\/interiorposter.com\/pl\/wp-json\/wp\/v2\/comments?post=178267"}],"wp:featuredmedia":[{"embeddable":true,"href":"https:\/\/interiorposter.com\/pl\/wp-json\/wp\/v2\/media\/178328"}],"wp:attachment":[{"href":"https:\/\/interiorposter.com\/pl\/wp-json\/wp\/v2\/media?parent=178267"}],"wp:term":[{"taxonomy":"product_brand","embeddable":true,"href":"https:\/\/interiorposter.com\/pl\/wp-json\/wp\/v2\/product_brand?post=178267"},{"taxonomy":"product_cat","embeddable":true,"href":"https:\/\/interiorposter.com\/pl\/wp-json\/wp\/v2\/product_cat?post=178267"},{"taxonomy":"product_tag","embeddable":true,"href":"https:\/\/interiorposter.com\/pl\/wp-json\/wp\/v2\/product_tag?post=178267"}],"curies":[{"name":"wp","href":"https:\/\/api.w.org\/{rel}","templated":true}]}}