{"id":177489,"date":"2026-02-28T21:23:50","date_gmt":"2026-02-28T20:23:50","guid":{"rendered":"https:\/\/interiorposter.com\/?post_type=product&#038;p=177489"},"modified":"2026-03-18T02:59:17","modified_gmt":"2026-03-18T01:59:17","slug":"obraz-na-plotnie-abstrakcyjna-panorama-w-szarosciach","status":"publish","type":"product","link":"https:\/\/interiorposter.com\/pl\/product\/obraz-na-plotnie-abstrakcyjna-panorama-w-szarosciach\/","title":{"rendered":"Obraz na p\u0142\u00f3tnie Abstrakcyjna panorama w szaro\u015bciach"},"content":{"rendered":"<p>Postaw na eleganck\u0105 abstrakcj\u0119, kt\u00f3ra uspokaja wn\u0119trze i dodaje mu klasy. Ten obraz na p\u0142\u00f3tnie przypomina miejsk\u0105 panoram\u0119 zbudowan\u0105 z pionowych form, z delikatnym efektem sp\u0142ywaj\u0105cej farby, kt\u00f3ry nadaje kompozycji wyrazisto\u015bci. Kolorystyka jest jasna i stonowana: z\u0142amana biel oraz szaro\u015bci przechodz\u0105 w g\u0142\u0119bsze grafity i czernie, tworz\u0105c harmonijny kontrast. Idealny obraz do salonu, sypialni lub biura, \u015bwietnie sprawdzi si\u0119 te\u017c w hotelu, restauracji i przedpokoju. To nowoczesna dekoracja na \u015bcian\u0119, kt\u00f3ra podkre\u015bla styl i wprowadza spokojn\u0105 atmosfer\u0119.<\/p>\n","protected":false},"excerpt":{"rendered":"<p>Stonowany obraz na p\u0142\u00f3tnie z abstrakcyjn\u0105 panoram\u0105 w bieli, szaro\u015bciach i graficie. Elegancka dekoracja na \u015bcian\u0119 do salonu, biura i sypialni.<\/p>\n","protected":false},"featured_media":177550,"comment_status":"open","ping_status":"closed","template":"","meta":[],"product_brand":[],"product_cat":[97,88,212,76,299,122,104,107,73,91,85,70,209],"product_tag":[701,182],"class_list":{"0":"post-177489","1":"product","2":"type-product","3":"status-publish","4":"has-post-thumbnail","6":"product_cat-abstrakcja","7":"product_cat-biuro","8":"product_cat-geometryczne","9":"product_cat-hotel-pl","10":"product_cat-malarskie","11":"product_cat-miasta-i-mosty","12":"product_cat-minimalistyczne","13":"product_cat-nowoczesne","14":"product_cat-przedpokoj","15":"product_cat-restauracja","16":"product_cat-salon","17":"product_cat-sypialnia","18":"product_cat-sztuka-koncepcyjna","19":"product_tag-poziomy","20":"product_tag-szary","22":"first","23":"instock","24":"taxable","25":"shipping-taxable","26":"purchasable","27":"product-type-variable","28":"has-default-attributes"},"aioseo_notices":[],"_links":{"self":[{"href":"https:\/\/interiorposter.com\/pl\/wp-json\/wp\/v2\/product\/177489","targetHints":{"allow":["GET"]}}],"collection":[{"href":"https:\/\/interiorposter.com\/pl\/wp-json\/wp\/v2\/product"}],"about":[{"href":"https:\/\/interiorposter.com\/pl\/wp-json\/wp\/v2\/types\/product"}],"replies":[{"embeddable":true,"href":"https:\/\/interiorposter.com\/pl\/wp-json\/wp\/v2\/comments?post=177489"}],"wp:featuredmedia":[{"embeddable":true,"href":"https:\/\/interiorposter.com\/pl\/wp-json\/wp\/v2\/media\/177550"}],"wp:attachment":[{"href":"https:\/\/interiorposter.com\/pl\/wp-json\/wp\/v2\/media?parent=177489"}],"wp:term":[{"taxonomy":"product_brand","embeddable":true,"href":"https:\/\/interiorposter.com\/pl\/wp-json\/wp\/v2\/product_brand?post=177489"},{"taxonomy":"product_cat","embeddable":true,"href":"https:\/\/interiorposter.com\/pl\/wp-json\/wp\/v2\/product_cat?post=177489"},{"taxonomy":"product_tag","embeddable":true,"href":"https:\/\/interiorposter.com\/pl\/wp-json\/wp\/v2\/product_tag?post=177489"}],"curies":[{"name":"wp","href":"https:\/\/api.w.org\/{rel}","templated":true}]}}