{"id":175949,"date":"2026-02-20T03:20:45","date_gmt":"2026-02-20T02:20:45","guid":{"rendered":"https:\/\/interiorposter.com\/?post_type=product&#038;p=175949"},"modified":"2026-03-19T00:57:13","modified_gmt":"2026-03-18T23:57:13","slug":"obraz-wieloczesciowy-tropikalny-zachod-nad-laguna","status":"publish","type":"product","link":"https:\/\/interiorposter.com\/pl\/product\/obraz-wieloczesciowy-tropikalny-zachod-nad-laguna\/","title":{"rendered":"Obraz wielocz\u0119\u015bciowy Tropikalny zach\u00f3d nad lagun\u0105"},"content":{"rendered":"<p>Ten obraz wielocz\u0119\u015bciowy przenosi Ci\u0119 w klimat egzotycznych wakacji: dom na palach, drewniany pomost i spokojna laguna tworz\u0105 kadr pe\u0142en lekko\u015bci i marze\u0144. Nasycone barwy zachodu s\u0142o\u0144ca \u0142\u0105cz\u0105 ciep\u0142e czerwienie i pomara\u0144cze z ch\u0142odnym turkusem wody, daj\u0105c efekt wyrazistej, ale harmonijnej kolorystyki. To \u015bwietna dekoracja jako obraz do salonu, do sypialni lub biura, a tak\u017ce do hotelu, restauracji i przedpokoju, gdzie doda wn\u0119trzu energii oraz luksusowego charakteru. Je\u015bli szukasz nowoczesnych obraz\u00f3w na \u015bcian\u0119, kt\u00f3re buduj\u0105 nastr\u00f3j relaksu i codziennie przypominaj\u0105 o podr\u00f3\u017cach, ten motyw b\u0119dzie idealnym wyborem.<\/p>\n","protected":false},"excerpt":{"rendered":"<p>Egzotyczna laguna, pomost i zach\u00f3d s\u0142o\u0144ca w turkusach oraz ciep\u0142ych czerwieniach. Obraz wielocz\u0119\u015bciowy do salonu i sypialni.<\/p>\n","protected":false},"featured_media":175951,"comment_status":"open","ping_status":"closed","template":"","meta":[],"product_brand":[],"product_cat":[88,110,76,137,143,107,73,91,85,70],"product_tag":[531,188],"class_list":{"0":"post-175949","1":"product","2":"type-product","3":"status-publish","4":"has-post-thumbnail","6":"product_cat-biuro","7":"product_cat-fotografia","8":"product_cat-hotel-pl","9":"product_cat-krajobrazy","10":"product_cat-morze-i-wybrzeze","11":"product_cat-nowoczesne","12":"product_cat-przedpokoj","13":"product_cat-restauracja","14":"product_cat-salon","15":"product_cat-sypialnia","16":"product_tag-obraz-wieloczesciowy","17":"product_tag-wielokolorowy","19":"first","20":"instock","21":"taxable","22":"shipping-taxable","23":"product-type-variable","24":"has-default-attributes"},"aioseo_notices":[],"_links":{"self":[{"href":"https:\/\/interiorposter.com\/pl\/wp-json\/wp\/v2\/product\/175949","targetHints":{"allow":["GET"]}}],"collection":[{"href":"https:\/\/interiorposter.com\/pl\/wp-json\/wp\/v2\/product"}],"about":[{"href":"https:\/\/interiorposter.com\/pl\/wp-json\/wp\/v2\/types\/product"}],"replies":[{"embeddable":true,"href":"https:\/\/interiorposter.com\/pl\/wp-json\/wp\/v2\/comments?post=175949"}],"wp:featuredmedia":[{"embeddable":true,"href":"https:\/\/interiorposter.com\/pl\/wp-json\/wp\/v2\/media\/175951"}],"wp:attachment":[{"href":"https:\/\/interiorposter.com\/pl\/wp-json\/wp\/v2\/media?parent=175949"}],"wp:term":[{"taxonomy":"product_brand","embeddable":true,"href":"https:\/\/interiorposter.com\/pl\/wp-json\/wp\/v2\/product_brand?post=175949"},{"taxonomy":"product_cat","embeddable":true,"href":"https:\/\/interiorposter.com\/pl\/wp-json\/wp\/v2\/product_cat?post=175949"},{"taxonomy":"product_tag","embeddable":true,"href":"https:\/\/interiorposter.com\/pl\/wp-json\/wp\/v2\/product_tag?post=175949"}],"curies":[{"name":"wp","href":"https:\/\/api.w.org\/{rel}","templated":true}]}}