{"id":169024,"date":"2026-02-20T01:00:20","date_gmt":"2026-02-20T00:00:20","guid":{"rendered":"https:\/\/interiorposter.com\/?post_type=product&#038;p=169024"},"modified":"2026-03-19T00:57:40","modified_gmt":"2026-03-18T23:57:40","slug":"obraz-wieloczesciowy-molo-o-zachodzie-slonca","status":"publish","type":"product","link":"https:\/\/interiorposter.com\/pl\/product\/obraz-wieloczesciowy-molo-o-zachodzie-slonca\/","title":{"rendered":"Obraz wielocz\u0119\u015bciowy Molo o zachodzie s\u0142o\u0144ca"},"content":{"rendered":"<p>Trzycz\u0119\u015bciowa kompozycja z drewnianym molo prowadz\u0105cym w stron\u0119 s\u0142o\u0144ca tworzy efekt g\u0142\u0119bi i optycznie powi\u0119ksza przestrze\u0144. Spokojna tafla wody, delikatna mgie\u0142ka i niebo w odcieniach r\u00f3\u017cu, pomara\u0144czy i fioletu buduj\u0105 pastelowy, romantyczny klimat. To elegancki obraz na p\u0142\u00f3tnie, kt\u00f3ry \u015bwietnie pasuje jako obraz do salonu nad sof\u0105, do sypialni dla wyciszenia, a tak\u017ce do biura, hotelu, restauracji lub przedpokoju jako stylowa grafika na \u015bcian\u0119. Idealny wyb\u00f3r, je\u015bli szukasz nowoczesnej dekoracji, kt\u00f3ra uspokaja, ociepla wn\u0119trze i zaprasza do chwili relaksu.<\/p>\n","protected":false},"excerpt":{"rendered":"<p>Pastelowy zach\u00f3d s\u0142o\u0144ca i molo w trzycz\u0119\u015bciowej kompozycji. Nastrojowy obraz na p\u0142\u00f3tnie do salonu, sypialni lub hotelu.<\/p>\n","protected":false},"featured_media":169026,"comment_status":"open","ping_status":"closed","template":"","meta":[],"product_brand":[],"product_cat":[88,76,299,143,107,73,91,85,70],"product_tag":[531,188],"class_list":{"0":"post-169024","1":"product","2":"type-product","3":"status-publish","4":"has-post-thumbnail","6":"product_cat-biuro","7":"product_cat-hotel-pl","8":"product_cat-malarskie","9":"product_cat-morze-i-wybrzeze","10":"product_cat-nowoczesne","11":"product_cat-przedpokoj","12":"product_cat-restauracja","13":"product_cat-salon","14":"product_cat-sypialnia","15":"product_tag-obraz-wieloczesciowy","16":"product_tag-wielokolorowy","18":"first","19":"instock","20":"taxable","21":"shipping-taxable","22":"purchasable","23":"product-type-variable","24":"has-default-attributes"},"aioseo_notices":[],"_links":{"self":[{"href":"https:\/\/interiorposter.com\/pl\/wp-json\/wp\/v2\/product\/169024","targetHints":{"allow":["GET"]}}],"collection":[{"href":"https:\/\/interiorposter.com\/pl\/wp-json\/wp\/v2\/product"}],"about":[{"href":"https:\/\/interiorposter.com\/pl\/wp-json\/wp\/v2\/types\/product"}],"replies":[{"embeddable":true,"href":"https:\/\/interiorposter.com\/pl\/wp-json\/wp\/v2\/comments?post=169024"}],"wp:featuredmedia":[{"embeddable":true,"href":"https:\/\/interiorposter.com\/pl\/wp-json\/wp\/v2\/media\/169026"}],"wp:attachment":[{"href":"https:\/\/interiorposter.com\/pl\/wp-json\/wp\/v2\/media?parent=169024"}],"wp:term":[{"taxonomy":"product_brand","embeddable":true,"href":"https:\/\/interiorposter.com\/pl\/wp-json\/wp\/v2\/product_brand?post=169024"},{"taxonomy":"product_cat","embeddable":true,"href":"https:\/\/interiorposter.com\/pl\/wp-json\/wp\/v2\/product_cat?post=169024"},{"taxonomy":"product_tag","embeddable":true,"href":"https:\/\/interiorposter.com\/pl\/wp-json\/wp\/v2\/product_tag?post=169024"}],"curies":[{"name":"wp","href":"https:\/\/api.w.org\/{rel}","templated":true}]}}