{"id":167360,"date":"2026-02-21T03:28:39","date_gmt":"2026-02-21T02:28:39","guid":{"rendered":"https:\/\/interiorposter.com\/?post_type=product&#038;p=167360"},"modified":"2026-03-19T00:56:58","modified_gmt":"2026-03-18T23:56:58","slug":"obraz-wieloczesciowy-wieczorne-molo-pod-chmurami","status":"publish","type":"product","link":"https:\/\/interiorposter.com\/pl\/product\/obraz-wieloczesciowy-wieczorne-molo-pod-chmurami\/","title":{"rendered":"Obraz wielocz\u0119\u015bciowy wieczorne molo pod chmurami"},"content":{"rendered":"<p>Ten obraz wielocz\u0119\u015bciowy na p\u0142\u00f3tnie pokazuje d\u0142ugie molo prowadz\u0105ce w g\u0142\u0105b spokojnej wody, o\u015bwietlone ciep\u0142ymi lampami pod dramatycznym, wieczornym niebem. Mocna perspektywa przyci\u0105ga wzrok i dodaje wn\u0119trzu g\u0142\u0119bi, dlatego \u015bwietnie pasuje jako obraz do salonu, sypialni, biura, przedpokoju, hotelu lub restauracji. Kolorystyka jest ciemna i kontrastowa: granaty i grafity chmur oraz ch\u0142odne b\u0142\u0119kity wody prze\u0142amuje z\u0142oty blask \u015bwiate\u0142 i linia zachodu. To elegancka dekoracja na \u015bcian\u0119, kt\u00f3ra buduje klimat spokoju i nowoczesnej energii.<\/p>\n","protected":false},"excerpt":{"rendered":"<p>Obraz wielocz\u0119\u015bciowy z wieczornym molo i \u015bwiat\u0142em lamp. Ciemne niebo i z\u0142ote akcenty tworz\u0105 nastrojowy obraz na \u015bcian\u0119.<\/p>\n","protected":false},"featured_media":167362,"comment_status":"open","ping_status":"closed","template":"","meta":[],"product_brand":[],"product_cat":[88,110,76,137,143,267,107,73,91,85,70],"product_tag":[273,531,188],"class_list":{"0":"post-167360","1":"product","2":"type-product","3":"status-publish","4":"has-post-thumbnail","6":"product_cat-biuro","7":"product_cat-fotografia","8":"product_cat-hotel-pl","9":"product_cat-krajobrazy","10":"product_cat-morze-i-wybrzeze","11":"product_cat-nocne","12":"product_cat-nowoczesne","13":"product_cat-przedpokoj","14":"product_cat-restauracja","15":"product_cat-salon","16":"product_cat-sypialnia","17":"product_tag-dark-pl","18":"product_tag-obraz-wieloczesciowy","19":"product_tag-wielokolorowy","21":"first","22":"instock","23":"taxable","24":"shipping-taxable","25":"purchasable","26":"product-type-variable","27":"has-default-attributes"},"aioseo_notices":[],"_links":{"self":[{"href":"https:\/\/interiorposter.com\/pl\/wp-json\/wp\/v2\/product\/167360","targetHints":{"allow":["GET"]}}],"collection":[{"href":"https:\/\/interiorposter.com\/pl\/wp-json\/wp\/v2\/product"}],"about":[{"href":"https:\/\/interiorposter.com\/pl\/wp-json\/wp\/v2\/types\/product"}],"replies":[{"embeddable":true,"href":"https:\/\/interiorposter.com\/pl\/wp-json\/wp\/v2\/comments?post=167360"}],"wp:featuredmedia":[{"embeddable":true,"href":"https:\/\/interiorposter.com\/pl\/wp-json\/wp\/v2\/media\/167362"}],"wp:attachment":[{"href":"https:\/\/interiorposter.com\/pl\/wp-json\/wp\/v2\/media?parent=167360"}],"wp:term":[{"taxonomy":"product_brand","embeddable":true,"href":"https:\/\/interiorposter.com\/pl\/wp-json\/wp\/v2\/product_brand?post=167360"},{"taxonomy":"product_cat","embeddable":true,"href":"https:\/\/interiorposter.com\/pl\/wp-json\/wp\/v2\/product_cat?post=167360"},{"taxonomy":"product_tag","embeddable":true,"href":"https:\/\/interiorposter.com\/pl\/wp-json\/wp\/v2\/product_tag?post=167360"}],"curies":[{"name":"wp","href":"https:\/\/api.w.org\/{rel}","templated":true}]}}