{"id":164732,"date":"2026-02-19T23:43:42","date_gmt":"2026-02-19T22:43:42","guid":{"rendered":"https:\/\/interiorposter.com\/?post_type=product&#038;p=164732"},"modified":"2026-03-18T03:00:00","modified_gmt":"2026-03-18T02:00:00","slug":"obraz-na-plotnie-flamingi-w-blasku-zachodu-slonca","status":"publish","type":"product","link":"https:\/\/interiorposter.com\/pl\/product\/obraz-na-plotnie-flamingi-w-blasku-zachodu-slonca\/","title":{"rendered":"Obraz na p\u0142\u00f3tnie flamingi w blasku zachodu s\u0142o\u0144ca"},"content":{"rendered":"<p>Ten obraz na p\u0142\u00f3tnie przedstawia stado flaming\u00f3w brodz\u0105cych w spokojnej wodzie, sk\u0105panych w ciep\u0142ym \u015bwietle zachodz\u0105cego s\u0142o\u0144ca. Delikatne rozmycie t\u0142a podkre\u015bla elegancj\u0119 sylwetek i sprawia, \u017ce scena wygl\u0105da lekko, a jednocze\u015bnie przyci\u0105ga uwag\u0119 kolorem. To \u015bwietny wyb\u00f3r jako obraz do salonu, sypialni, przedpokoju, biura, hotelu lub restauracji, gdy chcesz doda\u0107 wn\u0119trzu stylu i pozytywnej energii. Kolorystyka jest ciep\u0142a i nasycona: koralowe r\u00f3\u017ce i pomara\u0144cze \u0142\u0105cz\u0105 si\u0119 z b\u0142\u0119kitami wody oraz z\u0142ot\u0105 po\u015bwiat\u0105. Idealny akcent na \u015bcian\u0119 dla mi\u0142o\u015bnik\u00f3w natury i podr\u00f3\u017cy.<\/p>\n","protected":false},"excerpt":{"rendered":"<p>Obraz na p\u0142\u00f3tnie z flamingami w wodzie o zachodzie s\u0142o\u0144ca. Ciep\u0142e r\u00f3\u017ce i z\u0142ote tony dodaj\u0105 wn\u0119trzu elegancji i wakacyjnego nastroju.<\/p>\n","protected":false},"featured_media":164793,"comment_status":"open","ping_status":"closed","template":"","meta":[],"product_brand":[],"product_cat":[88,110,101,76,137,82,67,143,73,91,85,70,256],"product_tag":[701,188],"class_list":{"0":"post-164732","1":"product","2":"type-product","3":"status-publish","4":"has-post-thumbnail","6":"product_cat-biuro","7":"product_cat-fotografia","8":"product_cat-glamour-pl","9":"product_cat-hotel-pl","10":"product_cat-krajobrazy","11":"product_cat-kuchnia","12":"product_cat-lazienka","13":"product_cat-morze-i-wybrzeze","14":"product_cat-przedpokoj","15":"product_cat-restauracja","16":"product_cat-salon","17":"product_cat-sypialnia","18":"product_cat-zwierzeta-i-natura","19":"product_tag-poziomy","20":"product_tag-wielokolorowy","22":"first","23":"instock","24":"taxable","25":"shipping-taxable","26":"purchasable","27":"product-type-variable","28":"has-default-attributes"},"aioseo_notices":[],"_links":{"self":[{"href":"https:\/\/interiorposter.com\/pl\/wp-json\/wp\/v2\/product\/164732","targetHints":{"allow":["GET"]}}],"collection":[{"href":"https:\/\/interiorposter.com\/pl\/wp-json\/wp\/v2\/product"}],"about":[{"href":"https:\/\/interiorposter.com\/pl\/wp-json\/wp\/v2\/types\/product"}],"replies":[{"embeddable":true,"href":"https:\/\/interiorposter.com\/pl\/wp-json\/wp\/v2\/comments?post=164732"}],"wp:featuredmedia":[{"embeddable":true,"href":"https:\/\/interiorposter.com\/pl\/wp-json\/wp\/v2\/media\/164793"}],"wp:attachment":[{"href":"https:\/\/interiorposter.com\/pl\/wp-json\/wp\/v2\/media?parent=164732"}],"wp:term":[{"taxonomy":"product_brand","embeddable":true,"href":"https:\/\/interiorposter.com\/pl\/wp-json\/wp\/v2\/product_brand?post=164732"},{"taxonomy":"product_cat","embeddable":true,"href":"https:\/\/interiorposter.com\/pl\/wp-json\/wp\/v2\/product_cat?post=164732"},{"taxonomy":"product_tag","embeddable":true,"href":"https:\/\/interiorposter.com\/pl\/wp-json\/wp\/v2\/product_tag?post=164732"}],"curies":[{"name":"wp","href":"https:\/\/api.w.org\/{rel}","templated":true}]}}